{"id":8673,"date":"2023-12-04T12:27:56","date_gmt":"2023-12-04T15:27:56","guid":{"rendered":"https:\/\/toprelay.com.br\/?post_type=product&#038;p=8673"},"modified":"2024-01-15T16:32:16","modified_gmt":"2024-01-15T19:32:16","slug":"cabos-para-bateria","status":"publish","type":"product","link":"https:\/\/toprelay.com.br\/pt_br\/produto\/cabos-para-bateria\/","title":{"rendered":"Cabos para Bateria"},"content":{"rendered":"<table id=\"tablepress-449\" class=\"tablepress tablepress-id-449\">\n<tbody class=\"row-hover\">\n<tr class=\"row-2 even\">\n<td class=\"column-1\">TRCB200A25<\/td>\n<td class=\"column-2\">30<\/td>\n<td class=\"column-3\">200<\/td>\n<td class=\"column-4\">2.5m<\/td>\n<\/tr>\n<tr class=\"row-3 odd\">\n<td class=\"column-1\">TRCB250A25<\/td>\n<td class=\"column-2\">34<\/td>\n<td class=\"column-3\">250<\/td>\n<td class=\"column-4\">2.5m<\/td>\n<\/tr>\n<tr class=\"row-4 even\">\n<td class=\"column-1\">TRCB350A25<\/td>\n<td class=\"column-2\">44<\/td>\n<td class=\"column-3\">350<\/td>\n<td class=\"column-4\">2.5m<\/td>\n<\/tr>\n<tr class=\"row-5 odd\">\n<td class=\"column-1\">TRCB600A50<\/td>\n<td class=\"column-2\">96<\/td>\n<td class=\"column-3\">600<\/td>\n<td class=\"column-4\">5.0m<\/td>\n<\/tr>\n<\/tbody>\n<\/table>\n<p>Cabos para Bateria | Cable de Bateria | Battery Cable<\/p>\n","protected":false},"excerpt":{"rendered":"<p>TRCB200A25 30 200 2.5m TRCB250A25 34 250 2.5m TRCB350A25 44 350 2.5m TRCB600A50 96 600 5.0m Cabos para Bateria | Cable de Bateria | Battery Cable<\/p>\n","protected":false},"featured_media":8674,"comment_status":"closed","ping_status":"closed","template":"","meta":{"_acf_changed":false,"content-type":"","_monsterinsights_skip_tracking":false,"_monsterinsights_sitenote_active":false,"_monsterinsights_sitenote_note":"","_monsterinsights_sitenote_category":0,"site-sidebar-layout":"default","site-content-layout":"","ast-site-content-layout":"default","site-content-style":"default","site-sidebar-style":"default","ast-global-header-display":"","ast-banner-title-visibility":"","ast-main-header-display":"","ast-hfb-above-header-display":"","ast-hfb-below-header-display":"","ast-hfb-mobile-header-display":"","site-post-title":"","ast-breadcrumbs-content":"","ast-featured-img":"","footer-sml-layout":"","theme-transparent-header-meta":"default","adv-header-id-meta":"","stick-header-meta":"","header-above-stick-meta":"","header-main-stick-meta":"","header-below-stick-meta":"","astra-migrate-meta-layouts":"set","ast-page-background-enabled":"default","ast-page-background-meta":{"desktop":{"background-color":"var(--ast-global-color-4)","background-image":"","background-repeat":"repeat","background-position":"center center","background-size":"auto","background-attachment":"scroll","background-type":"","background-media":"","overlay-type":"","overlay-color":"","overlay-gradient":""},"tablet":{"background-color":"","background-image":"","background-repeat":"repeat","background-position":"center center","background-size":"auto","background-attachment":"scroll","background-type":"","background-media":"","overlay-type":"","overlay-color":"","overlay-gradient":""},"mobile":{"background-color":"","background-image":"","background-repeat":"repeat","background-position":"center center","background-size":"auto","background-attachment":"scroll","background-type":"","background-media":"","overlay-type":"","overlay-color":"","overlay-gradient":""}},"ast-content-background-meta":{"desktop":{"background-color":"var(--ast-global-color-5)","background-image":"","background-repeat":"repeat","background-position":"center center","background-size":"auto","background-attachment":"scroll","background-type":"","background-media":"","overlay-type":"","overlay-color":"","overlay-gradient":""},"tablet":{"background-color":"var(--ast-global-color-5)","background-image":"","background-repeat":"repeat","background-position":"center center","background-size":"auto","background-attachment":"scroll","background-type":"","background-media":"","overlay-type":"","overlay-color":"","overlay-gradient":""},"mobile":{"background-color":"var(--ast-global-color-5)","background-image":"","background-repeat":"repeat","background-position":"center center","background-size":"auto","background-attachment":"scroll","background-type":"","background-media":"","overlay-type":"","overlay-color":"","overlay-gradient":""}}},"product_cat":[3264,3295],"product_tag":[],"acf":[],"yoast_head":"<!-- This site is optimized with the Yoast SEO plugin v22.5 - https:\/\/yoast.com\/wordpress\/plugins\/seo\/ -->\n<title>Cabos para Bateria - Top Relay<\/title>\n<meta name=\"description\" content=\"A Top Relay especializada em projetar, desenvolver, fabricar e testar uma ampla gama de diversos produtos automotivos, agr\u00edcolas e industriais. Seu cat\u00e1logo de produtos diversos inclui itens como Abra\u00e7adeiras de Nylon, Antenas e Hastes, Bot\u00f5es de Parada Solicitada, Cabos para Baterias, Caixas de Diodo, Centrais El\u00e9tricas, Conversores e Estabilizadores de Tens\u00e3o, Espaguetes Corrugados, Fitas, Hor\u00edmetros Anal\u00f3gicos, L\u00e2mpadas LED, Lentes Indicadoras, Porta Fus\u00edveis, R\u00e9guas de Led, Sirenes, Soquetes, Terminais de Bateria e Termoretr\u00e1teis.Com um compromisso constante com a qualidade e a inova\u00e7\u00e3o, a Top Relay oferece solu\u00e7\u00f5es confi\u00e1veis para uma ampla gama de aplica\u00e7\u00f5es nos setores automotivo e industrial. Seja para melhorar a efici\u00eancia, a seguran\u00e7a ou a funcionalidade, os produtos diversos da Top Relay atendem \u00e0s demandas variadas de seus clientes e contribuem para o sucesso de seus projetos.\" \/>\n<meta name=\"robots\" content=\"index, follow, max-snippet:-1, max-image-preview:large, max-video-preview:-1\" \/>\n<link rel=\"canonical\" href=\"https:\/\/toprelay.com.br\/pt_br\/produto\/cabos-para-bateria\/\" \/>\n<meta property=\"og:locale\" content=\"pt_BR\" \/>\n<meta property=\"og:type\" content=\"article\" \/>\n<meta property=\"og:title\" content=\"Cabos para Bateria - Top Relay\" \/>\n<meta property=\"og:description\" content=\"A Top Relay especializada em projetar, desenvolver, fabricar e testar uma ampla gama de diversos produtos automotivos, agr\u00edcolas e industriais. Seu cat\u00e1logo de produtos diversos inclui itens como Abra\u00e7adeiras de Nylon, Antenas e Hastes, Bot\u00f5es de Parada Solicitada, Cabos para Baterias, Caixas de Diodo, Centrais El\u00e9tricas, Conversores e Estabilizadores de Tens\u00e3o, Espaguetes Corrugados, Fitas, Hor\u00edmetros Anal\u00f3gicos, L\u00e2mpadas LED, Lentes Indicadoras, Porta Fus\u00edveis, R\u00e9guas de Led, Sirenes, Soquetes, Terminais de Bateria e Termoretr\u00e1teis.Com um compromisso constante com a qualidade e a inova\u00e7\u00e3o, a Top Relay oferece solu\u00e7\u00f5es confi\u00e1veis para uma ampla gama de aplica\u00e7\u00f5es nos setores automotivo e industrial. Seja para melhorar a efici\u00eancia, a seguran\u00e7a ou a funcionalidade, os produtos diversos da Top Relay atendem \u00e0s demandas variadas de seus clientes e contribuem para o sucesso de seus projetos.\" \/>\n<meta property=\"og:url\" content=\"https:\/\/toprelay.com.br\/pt_br\/produto\/cabos-para-bateria\/\" \/>\n<meta property=\"og:site_name\" content=\"Top Relay\" \/>\n<meta property=\"article:modified_time\" content=\"2024-01-15T19:32:16+00:00\" \/>\n<meta property=\"og:image\" content=\"https:\/\/toprelay.com.br\/wp-content\/uploads\/2023\/12\/TRCB200A25.jpg\" \/>\n\t<meta property=\"og:image:width\" content=\"500\" \/>\n\t<meta property=\"og:image:height\" content=\"500\" \/>\n\t<meta property=\"og:image:type\" content=\"image\/jpeg\" \/>\n<meta name=\"twitter:card\" content=\"summary_large_image\" \/>\n<meta name=\"twitter:label1\" content=\"Est. tempo de leitura\" \/>\n\t<meta name=\"twitter:data1\" content=\"1 minuto\" \/>\n<script type=\"application\/ld+json\" class=\"yoast-schema-graph\">{\"@context\":\"https:\/\/schema.org\",\"@graph\":[{\"@type\":\"WebPage\",\"@id\":\"https:\/\/toprelay.com.br\/produto\/cabos-para-bateria\/\",\"url\":\"https:\/\/toprelay.com.br\/produto\/cabos-para-bateria\/\",\"name\":\"Cabos para Bateria - Top Relay\",\"isPartOf\":{\"@id\":\"https:\/\/toprelay.com.br\/#website\"},\"primaryImageOfPage\":{\"@id\":\"https:\/\/toprelay.com.br\/produto\/cabos-para-bateria\/#primaryimage\"},\"image\":{\"@id\":\"https:\/\/toprelay.com.br\/produto\/cabos-para-bateria\/#primaryimage\"},\"thumbnailUrl\":\"https:\/\/toprelay.com.br\/wp-content\/uploads\/2023\/12\/TRCB200A25.jpg\",\"datePublished\":\"2023-12-04T15:27:56+00:00\",\"dateModified\":\"2024-01-15T19:32:16+00:00\",\"description\":\"A Top Relay especializada em projetar, desenvolver, fabricar e testar uma ampla gama de diversos produtos automotivos, agr\u00edcolas e industriais. Seu cat\u00e1logo de produtos diversos inclui itens como Abra\u00e7adeiras de Nylon, Antenas e Hastes, Bot\u00f5es de Parada Solicitada, Cabos para Baterias, Caixas de Diodo, Centrais El\u00e9tricas, Conversores e Estabilizadores de Tens\u00e3o, Espaguetes Corrugados, Fitas, Hor\u00edmetros Anal\u00f3gicos, L\u00e2mpadas LED, Lentes Indicadoras, Porta Fus\u00edveis, R\u00e9guas de Led, Sirenes, Soquetes, Terminais de Bateria e Termoretr\u00e1teis.Com um compromisso constante com a qualidade e a inova\u00e7\u00e3o, a Top Relay oferece solu\u00e7\u00f5es confi\u00e1veis para uma ampla gama de aplica\u00e7\u00f5es nos setores automotivo e industrial. Seja para melhorar a efici\u00eancia, a seguran\u00e7a ou a funcionalidade, os produtos diversos da Top Relay atendem \u00e0s demandas variadas de seus clientes e contribuem para o sucesso de seus projetos.\",\"breadcrumb\":{\"@id\":\"https:\/\/toprelay.com.br\/produto\/cabos-para-bateria\/#breadcrumb\"},\"inLanguage\":\"pt-BR\",\"potentialAction\":[{\"@type\":\"ReadAction\",\"target\":[\"https:\/\/toprelay.com.br\/produto\/cabos-para-bateria\/\"]}]},{\"@type\":\"ImageObject\",\"inLanguage\":\"pt-BR\",\"@id\":\"https:\/\/toprelay.com.br\/produto\/cabos-para-bateria\/#primaryimage\",\"url\":\"https:\/\/toprelay.com.br\/wp-content\/uploads\/2023\/12\/TRCB200A25.jpg\",\"contentUrl\":\"https:\/\/toprelay.com.br\/wp-content\/uploads\/2023\/12\/TRCB200A25.jpg\",\"width\":500,\"height\":500},{\"@type\":\"BreadcrumbList\",\"@id\":\"https:\/\/toprelay.com.br\/produto\/cabos-para-bateria\/#breadcrumb\",\"itemListElement\":[{\"@type\":\"ListItem\",\"position\":1,\"name\":\"In\u00edcio\",\"item\":\"https:\/\/toprelay.com.br\/pt_br\/\"},{\"@type\":\"ListItem\",\"position\":2,\"name\":\"Loja\",\"item\":\"https:\/\/toprelay.com.br\/loja\/\"},{\"@type\":\"ListItem\",\"position\":3,\"name\":\"Cabos para Bateria\"}]},{\"@type\":\"WebSite\",\"@id\":\"https:\/\/toprelay.com.br\/#website\",\"url\":\"https:\/\/toprelay.com.br\/\",\"name\":\"Top Relay\",\"description\":\"Rel\u00e9s Automotivos e Industriais\",\"publisher\":{\"@id\":\"https:\/\/toprelay.com.br\/#organization\"},\"potentialAction\":[{\"@type\":\"SearchAction\",\"target\":{\"@type\":\"EntryPoint\",\"urlTemplate\":\"https:\/\/toprelay.com.br\/?s={search_term_string}\"},\"query-input\":\"required name=search_term_string\"}],\"inLanguage\":\"pt-BR\"},{\"@type\":\"Organization\",\"@id\":\"https:\/\/toprelay.com.br\/#organization\",\"name\":\"Top Relay\",\"url\":\"https:\/\/toprelay.com.br\/\",\"logo\":{\"@type\":\"ImageObject\",\"inLanguage\":\"pt-BR\",\"@id\":\"https:\/\/toprelay.com.br\/#\/schema\/logo\/image\/\",\"url\":\"https:\/\/toprelay.com.br\/wp-content\/uploads\/2023\/08\/TOP-RELAY-LOGO-02.png\",\"contentUrl\":\"https:\/\/toprelay.com.br\/wp-content\/uploads\/2023\/08\/TOP-RELAY-LOGO-02.png\",\"width\":350,\"height\":71,\"caption\":\"Top Relay\"},\"image\":{\"@id\":\"https:\/\/toprelay.com.br\/#\/schema\/logo\/image\/\"}}]}<\/script>\n<!-- \/ Yoast SEO plugin. -->","yoast_head_json":{"title":"Cabos para Bateria - Top Relay","description":"A Top Relay especializada em projetar, desenvolver, fabricar e testar uma ampla gama de diversos produtos automotivos, agr\u00edcolas e industriais. Seu cat\u00e1logo de produtos diversos inclui itens como Abra\u00e7adeiras de Nylon, Antenas e Hastes, Bot\u00f5es de Parada Solicitada, Cabos para Baterias, Caixas de Diodo, Centrais El\u00e9tricas, Conversores e Estabilizadores de Tens\u00e3o, Espaguetes Corrugados, Fitas, Hor\u00edmetros Anal\u00f3gicos, L\u00e2mpadas LED, Lentes Indicadoras, Porta Fus\u00edveis, R\u00e9guas de Led, Sirenes, Soquetes, Terminais de Bateria e Termoretr\u00e1teis.Com um compromisso constante com a qualidade e a inova\u00e7\u00e3o, a Top Relay oferece solu\u00e7\u00f5es confi\u00e1veis para uma ampla gama de aplica\u00e7\u00f5es nos setores automotivo e industrial. Seja para melhorar a efici\u00eancia, a seguran\u00e7a ou a funcionalidade, os produtos diversos da Top Relay atendem \u00e0s demandas variadas de seus clientes e contribuem para o sucesso de seus projetos.","robots":{"index":"index","follow":"follow","max-snippet":"max-snippet:-1","max-image-preview":"max-image-preview:large","max-video-preview":"max-video-preview:-1"},"canonical":"https:\/\/toprelay.com.br\/pt_br\/produto\/cabos-para-bateria\/","og_locale":"pt_BR","og_type":"article","og_title":"Cabos para Bateria - Top Relay","og_description":"A Top Relay especializada em projetar, desenvolver, fabricar e testar uma ampla gama de diversos produtos automotivos, agr\u00edcolas e industriais. Seu cat\u00e1logo de produtos diversos inclui itens como Abra\u00e7adeiras de Nylon, Antenas e Hastes, Bot\u00f5es de Parada Solicitada, Cabos para Baterias, Caixas de Diodo, Centrais El\u00e9tricas, Conversores e Estabilizadores de Tens\u00e3o, Espaguetes Corrugados, Fitas, Hor\u00edmetros Anal\u00f3gicos, L\u00e2mpadas LED, Lentes Indicadoras, Porta Fus\u00edveis, R\u00e9guas de Led, Sirenes, Soquetes, Terminais de Bateria e Termoretr\u00e1teis.Com um compromisso constante com a qualidade e a inova\u00e7\u00e3o, a Top Relay oferece solu\u00e7\u00f5es confi\u00e1veis para uma ampla gama de aplica\u00e7\u00f5es nos setores automotivo e industrial. Seja para melhorar a efici\u00eancia, a seguran\u00e7a ou a funcionalidade, os produtos diversos da Top Relay atendem \u00e0s demandas variadas de seus clientes e contribuem para o sucesso de seus projetos.","og_url":"https:\/\/toprelay.com.br\/pt_br\/produto\/cabos-para-bateria\/","og_site_name":"Top Relay","article_modified_time":"2024-01-15T19:32:16+00:00","og_image":[{"width":500,"height":500,"url":"https:\/\/toprelay.com.br\/wp-content\/uploads\/2023\/12\/TRCB200A25.jpg","type":"image\/jpeg"}],"twitter_card":"summary_large_image","twitter_misc":{"Est. tempo de leitura":"1 minuto"},"schema":{"@context":"https:\/\/schema.org","@graph":[{"@type":"WebPage","@id":"https:\/\/toprelay.com.br\/produto\/cabos-para-bateria\/","url":"https:\/\/toprelay.com.br\/produto\/cabos-para-bateria\/","name":"Cabos para Bateria - Top Relay","isPartOf":{"@id":"https:\/\/toprelay.com.br\/#website"},"primaryImageOfPage":{"@id":"https:\/\/toprelay.com.br\/produto\/cabos-para-bateria\/#primaryimage"},"image":{"@id":"https:\/\/toprelay.com.br\/produto\/cabos-para-bateria\/#primaryimage"},"thumbnailUrl":"https:\/\/toprelay.com.br\/wp-content\/uploads\/2023\/12\/TRCB200A25.jpg","datePublished":"2023-12-04T15:27:56+00:00","dateModified":"2024-01-15T19:32:16+00:00","description":"A Top Relay especializada em projetar, desenvolver, fabricar e testar uma ampla gama de diversos produtos automotivos, agr\u00edcolas e industriais. Seu cat\u00e1logo de produtos diversos inclui itens como Abra\u00e7adeiras de Nylon, Antenas e Hastes, Bot\u00f5es de Parada Solicitada, Cabos para Baterias, Caixas de Diodo, Centrais El\u00e9tricas, Conversores e Estabilizadores de Tens\u00e3o, Espaguetes Corrugados, Fitas, Hor\u00edmetros Anal\u00f3gicos, L\u00e2mpadas LED, Lentes Indicadoras, Porta Fus\u00edveis, R\u00e9guas de Led, Sirenes, Soquetes, Terminais de Bateria e Termoretr\u00e1teis.Com um compromisso constante com a qualidade e a inova\u00e7\u00e3o, a Top Relay oferece solu\u00e7\u00f5es confi\u00e1veis para uma ampla gama de aplica\u00e7\u00f5es nos setores automotivo e industrial. Seja para melhorar a efici\u00eancia, a seguran\u00e7a ou a funcionalidade, os produtos diversos da Top Relay atendem \u00e0s demandas variadas de seus clientes e contribuem para o sucesso de seus projetos.","breadcrumb":{"@id":"https:\/\/toprelay.com.br\/produto\/cabos-para-bateria\/#breadcrumb"},"inLanguage":"pt-BR","potentialAction":[{"@type":"ReadAction","target":["https:\/\/toprelay.com.br\/produto\/cabos-para-bateria\/"]}]},{"@type":"ImageObject","inLanguage":"pt-BR","@id":"https:\/\/toprelay.com.br\/produto\/cabos-para-bateria\/#primaryimage","url":"https:\/\/toprelay.com.br\/wp-content\/uploads\/2023\/12\/TRCB200A25.jpg","contentUrl":"https:\/\/toprelay.com.br\/wp-content\/uploads\/2023\/12\/TRCB200A25.jpg","width":500,"height":500},{"@type":"BreadcrumbList","@id":"https:\/\/toprelay.com.br\/produto\/cabos-para-bateria\/#breadcrumb","itemListElement":[{"@type":"ListItem","position":1,"name":"In\u00edcio","item":"https:\/\/toprelay.com.br\/pt_br\/"},{"@type":"ListItem","position":2,"name":"Loja","item":"https:\/\/toprelay.com.br\/loja\/"},{"@type":"ListItem","position":3,"name":"Cabos para Bateria"}]},{"@type":"WebSite","@id":"https:\/\/toprelay.com.br\/#website","url":"https:\/\/toprelay.com.br\/","name":"Top Relay","description":"Rel\u00e9s Automotivos e Industriais","publisher":{"@id":"https:\/\/toprelay.com.br\/#organization"},"potentialAction":[{"@type":"SearchAction","target":{"@type":"EntryPoint","urlTemplate":"https:\/\/toprelay.com.br\/?s={search_term_string}"},"query-input":"required name=search_term_string"}],"inLanguage":"pt-BR"},{"@type":"Organization","@id":"https:\/\/toprelay.com.br\/#organization","name":"Top Relay","url":"https:\/\/toprelay.com.br\/","logo":{"@type":"ImageObject","inLanguage":"pt-BR","@id":"https:\/\/toprelay.com.br\/#\/schema\/logo\/image\/","url":"https:\/\/toprelay.com.br\/wp-content\/uploads\/2023\/08\/TOP-RELAY-LOGO-02.png","contentUrl":"https:\/\/toprelay.com.br\/wp-content\/uploads\/2023\/08\/TOP-RELAY-LOGO-02.png","width":350,"height":71,"caption":"Top Relay"},"image":{"@id":"https:\/\/toprelay.com.br\/#\/schema\/logo\/image\/"}}]}},"_links":{"self":[{"href":"https:\/\/toprelay.com.br\/pt_br\/wp-json\/wp\/v2\/product\/8673"}],"collection":[{"href":"https:\/\/toprelay.com.br\/pt_br\/wp-json\/wp\/v2\/product"}],"about":[{"href":"https:\/\/toprelay.com.br\/pt_br\/wp-json\/wp\/v2\/types\/product"}],"replies":[{"embeddable":true,"href":"https:\/\/toprelay.com.br\/pt_br\/wp-json\/wp\/v2\/comments?post=8673"}],"wp:featuredmedia":[{"embeddable":true,"href":"https:\/\/toprelay.com.br\/pt_br\/wp-json\/wp\/v2\/media\/8674"}],"wp:attachment":[{"href":"https:\/\/toprelay.com.br\/pt_br\/wp-json\/wp\/v2\/media?parent=8673"}],"wp:term":[{"taxonomy":"product_cat","embeddable":true,"href":"https:\/\/toprelay.com.br\/pt_br\/wp-json\/wp\/v2\/product_cat?post=8673"},{"taxonomy":"product_tag","embeddable":true,"href":"https:\/\/toprelay.com.br\/pt_br\/wp-json\/wp\/v2\/product_tag?post=8673"}],"curies":[{"name":"wp","href":"https:\/\/api.w.org\/{rel}","templated":true}]}}