{"id":8003,"date":"2023-12-01T16:08:22","date_gmt":"2023-12-01T19:08:22","guid":{"rendered":"https:\/\/toprelay.com.br\/?post_type=product&#038;p=8003"},"modified":"2024-01-16T14:48:01","modified_gmt":"2024-01-16T17:48:01","slug":"tra108-202-reles-auxiliares","status":"publish","type":"product","link":"https:\/\/toprelay.com.br\/pt_br\/produto\/tra108-202-reles-auxiliares\/","title":{"rendered":"TRA108.202 &#8211; Rel\u00e9s Auxiliares"},"content":{"rendered":"<table id=\"tablepress-326\" class=\"tablepress tablepress-id-326\">\n<tbody class=\"row-hover\">\n<tr class=\"row-2 even\">\n<td class=\"column-1\">TRA108202<\/td>\n<td class=\"column-2\">Universal Linha Leve<\/td>\n<td class=\"column-3\">Sim<\/td>\n<td class=\"column-4\">4<\/td>\n<td class=\"column-5\">141951253B\/305919505<br \/>\n3059195051\/3059195052<br \/>\n305951251\/3059512511<br \/>\n377906383 \/377937503A<br \/>\n505951251\/ 542937503<br \/>\n547937503E\/T00941589<br \/>\nT11941589\/TJG941589<br \/>\nZBA915505\/ZBA915505A<br \/>\nZBA941587\/ZBA951251<br \/>\nZBC919505A<\/td>\n<td class=\"column-6\">Volkswagen<\/td>\n<td class=\"column-7\">Fusca \/todos &#8211; Brasilia, Variant e<br \/>\nKombi 70\/ &#8211; Gol e Saveiro 86\/, Parati<br \/>\n86\/, Santana 79\/, Quantum 86\/<br \/>\nPointer, Logus e Apollo todos 92\/<br \/>\nGolf e Audi 95\/, Passat e Voyage 79\/<br \/>\nVariant 95\/ Caminh\u00f5es e \u00d4nibus<br \/>\ntodos linha 12V<\/td>\n<\/tr>\n<tr class=\"row-3 odd\">\n<td class=\"column-1\">TRA108202<\/td>\n<td class=\"column-2\">Universal Linha Leve<\/td>\n<td class=\"column-3\">Sim<\/td>\n<td class=\"column-4\">4<\/td>\n<td class=\"column-5\">79MU13842A\/78MU18C641A<br \/>\n81AG14N089AA\/<br \/>\n85AU14N089CA \/ 86AU18C-<br \/>\n641CA &#8211; 86TU14089AA<br \/>\n\/87EU18C641AA<br \/>\nZBC937503 &#8211; TJG941589<\/td>\n<td class=\"column-6\">Ford<\/td>\n<td class=\"column-7\">Corcel 70\/, Corcel II 74\/, Belina 73\/<br \/>\nDel Rey e Escort 82\/, F100 e F1000<br \/>\n74\/, F 13000 82\/, Royale, Pampa,<br \/>\nFiesta e Ka (todos) &#8211; Versailles e<br \/>\nVerona 86\/, Caminh\u00f5es \/ Cargo 84<\/td>\n<\/tr>\n<tr class=\"row-4 even\">\n<td class=\"column-1\">TRA108202<\/td>\n<td class=\"column-2\">Universal Linha Leve<\/td>\n<td class=\"column-3\">Sim<\/td>\n<td class=\"column-4\">4<\/td>\n<td class=\"column-5\">126513521\/ 9021265135E20<br \/>\n902126513521\/9418528439<br \/>\n94001112<\/td>\n<td class=\"column-6\">Fiat<\/td>\n<td class=\"column-7\">Alfa Romeo 76\/ &#8211; 147, Ducato,<br \/>\nVivace Duna, Fiorino, Regatta e Uno<br \/>\n\/todos<\/td>\n<\/tr>\n<tr class=\"row-5 odd\">\n<td class=\"column-1\">TRA108.202<\/td>\n<td class=\"column-2\">Universal Linha Leve<\/td>\n<td class=\"column-3\">Sim<\/td>\n<td class=\"column-4\">4<\/td>\n<td class=\"column-5\">03440489 \/ 03447012<br \/>\n52266168 \/ 52266198<br \/>\n90379620 \/ 94607594<br \/>\n94626862 \/ 94651542<br \/>\n90244312 \/ 94611312<\/td>\n<td class=\"column-6\">GM<\/td>\n<td class=\"column-7\">D-10 e D-20 82\/, Opala 70\/,<br \/>\nCaravan 74\/, Chevette 73\/, Maraj\u00f3<br \/>\n82\/, Chevy 82\/, Monza 82\/, Kadett<br \/>\n89\/, Omega 93\/, Corsa 94\/, Vectra e<br \/>\nAstra 93\/, Silverado 96\/, Blazer 96\/<br \/>\nCaminh\u00f5es 84\/<\/td>\n<\/tr>\n<tr class=\"row-6 even\">\n<td class=\"column-1\">TRA108.202<\/td>\n<td class=\"column-2\">Universal Linha Leve<\/td>\n<td class=\"column-3\">Sim<\/td>\n<td class=\"column-4\">4<\/td>\n<td class=\"column-5\">3555427019\/6885427619<\/td>\n<td class=\"column-6\">Mercedes-Benz<\/td>\n<td class=\"column-7\">Todos os \u00f4nibus e micro-\u00f4nibus<br \/>\nlinha 12V<\/td>\n<\/tr>\n<tr class=\"row-7 odd\">\n<td class=\"column-1\">TRA108.202<\/td>\n<td class=\"column-2\">Universal Linha Leve<\/td>\n<td class=\"column-3\">Sim<\/td>\n<td class=\"column-4\">4<\/td>\n<td class=\"column-5\">7905522210<\/td>\n<td class=\"column-6\">Peugeot<\/td>\n<td class=\"column-7\">P 205 &#8211; P 306 &#8211; P 405<\/td>\n<\/tr>\n<tr class=\"row-8 even\">\n<td class=\"column-1\">TRA108.202<\/td>\n<td class=\"column-2\">Universal Linha Leve<\/td>\n<td class=\"column-3\">Sim<\/td>\n<td class=\"column-4\">4<\/td>\n<td class=\"column-5\">6005011064006<\/td>\n<td class=\"column-6\">Agrale<\/td>\n<td class=\"column-7\"><\/td>\n<\/tr>\n<tr class=\"row-9 odd\">\n<td class=\"column-1\">TRA108.202<\/td>\n<td class=\"column-2\">Universal Linha Leve<\/td>\n<td class=\"column-3\">Sim<\/td>\n<td class=\"column-4\">4<\/td>\n<td class=\"column-5\">2830098001<\/td>\n<td class=\"column-6\">Toyota<\/td>\n<td class=\"column-7\">Todos os ve\u00edculos linha 12V<\/td>\n<\/tr>\n<tr class=\"row-10 even\">\n<td class=\"column-1\">TRA108.202<\/td>\n<td class=\"column-2\">Universal Linha Leve<\/td>\n<td class=\"column-3\">Sim<\/td>\n<td class=\"column-4\">4<\/td>\n<td class=\"column-5\">6555330 \/ 7905522210<\/td>\n<td class=\"column-6\">Citro\u00ebn<\/td>\n<td class=\"column-7\">Berlingo &#8211; C-15 &#8211; AX &#8211; ZX<\/td>\n<\/tr>\n<\/tbody>\n<\/table>\n<p>0102<\/p>\n<p>Auxiliary Relays<br \/>\nRel\u00e9s Auxiliares<\/p>\n","protected":false},"excerpt":{"rendered":"<p>TRA108202 Universal Linha Leve Sim 4 141951253B\/305919505 3059195051\/3059195052 305951251\/3059512511 377906383 \/377937503A 505951251\/ 542937503 547937503E\/T00941589 T11941589\/TJG941589 ZBA915505\/ZBA915505A ZBA941587\/ZBA951251 ZBC919505A Volkswagen Fusca \/todos &#8211; Brasilia, Variant e Kombi 70\/ &#8211; Gol e Saveiro 86\/, Parati 86\/, Santana 79\/, Quantum 86\/ Pointer, Logus e Apollo todos 92\/ Golf e Audi 95\/, Passat e Voyage 79\/ Variant 95\/ Caminh\u00f5es [&hellip;]<\/p>\n","protected":false},"featured_media":8023,"comment_status":"closed","ping_status":"closed","template":"","meta":{"_acf_changed":false,"content-type":"","_monsterinsights_skip_tracking":false,"_monsterinsights_sitenote_active":false,"_monsterinsights_sitenote_note":"","_monsterinsights_sitenote_category":0,"site-sidebar-layout":"default","site-content-layout":"","ast-site-content-layout":"default","site-content-style":"default","site-sidebar-style":"default","ast-global-header-display":"","ast-banner-title-visibility":"","ast-main-header-display":"","ast-hfb-above-header-display":"","ast-hfb-below-header-display":"","ast-hfb-mobile-header-display":"","site-post-title":"","ast-breadcrumbs-content":"","ast-featured-img":"","footer-sml-layout":"","theme-transparent-header-meta":"default","adv-header-id-meta":"","stick-header-meta":"","header-above-stick-meta":"","header-main-stick-meta":"","header-below-stick-meta":"","astra-migrate-meta-layouts":"set","ast-page-background-enabled":"default","ast-page-background-meta":{"desktop":{"background-color":"var(--ast-global-color-4)","background-image":"","background-repeat":"repeat","background-position":"center center","background-size":"auto","background-attachment":"scroll","background-type":"","background-media":"","overlay-type":"","overlay-color":"","overlay-gradient":""},"tablet":{"background-color":"","background-image":"","background-repeat":"repeat","background-position":"center center","background-size":"auto","background-attachment":"scroll","background-type":"","background-media":"","overlay-type":"","overlay-color":"","overlay-gradient":""},"mobile":{"background-color":"","background-image":"","background-repeat":"repeat","background-position":"center center","background-size":"auto","background-attachment":"scroll","background-type":"","background-media":"","overlay-type":"","overlay-color":"","overlay-gradient":""}},"ast-content-background-meta":{"desktop":{"background-color":"var(--ast-global-color-5)","background-image":"","background-repeat":"repeat","background-position":"center center","background-size":"auto","background-attachment":"scroll","background-type":"","background-media":"","overlay-type":"","overlay-color":"","overlay-gradient":""},"tablet":{"background-color":"var(--ast-global-color-5)","background-image":"","background-repeat":"repeat","background-position":"center center","background-size":"auto","background-attachment":"scroll","background-type":"","background-media":"","overlay-type":"","overlay-color":"","overlay-gradient":""},"mobile":{"background-color":"var(--ast-global-color-5)","background-image":"","background-repeat":"repeat","background-position":"center center","background-size":"auto","background-attachment":"scroll","background-type":"","background-media":"","overlay-type":"","overlay-color":"","overlay-gradient":""}}},"product_cat":[3306,3301],"product_tag":[],"acf":[],"yoast_head":"<!-- This site is optimized with the Yoast SEO plugin v22.5 - https:\/\/yoast.com\/wordpress\/plugins\/seo\/ -->\n<title>TRA108.202 - Rel\u00e9s Auxiliares - Top Relay<\/title>\n<meta name=\"description\" content=\"A Top Relay \u00e9 uma empresa l\u00edder na ind\u00fastria de rel\u00e9s, especializada em projetar, desenvolver, fabricar e testar uma ampla gama de produtos automotivos, agr\u00edcolas e industriais. Com foco em inova\u00e7\u00e3o e qualidade, a empresa oferece solu\u00e7\u00f5es abrangentes em rel\u00e9s, incluindo Minirreles, Rel\u00e9s Auxiliares, Rel\u00e9s de Farol, Rel\u00e9s de Pisca, Rel\u00e9s de Placa, Rel\u00e9s Eletr\u00f4nicos e Rel\u00e9s Soquetados. Sua dedica\u00e7\u00e3o \u00e0 excel\u00eancia e expertise no setor a tornam a escolha ideal para atender \u00e0s necessidades de seus clientes no mundo automotivo e industrial.\" \/>\n<meta name=\"robots\" content=\"index, follow, max-snippet:-1, max-image-preview:large, max-video-preview:-1\" \/>\n<link rel=\"canonical\" href=\"https:\/\/toprelay.com.br\/pt_br\/produto\/tra108-202-reles-auxiliares\/\" \/>\n<meta property=\"og:locale\" content=\"pt_BR\" \/>\n<meta property=\"og:type\" content=\"article\" \/>\n<meta property=\"og:title\" content=\"TRA108.202 - Rel\u00e9s Auxiliares - Top Relay\" \/>\n<meta property=\"og:description\" content=\"A Top Relay \u00e9 uma empresa l\u00edder na ind\u00fastria de rel\u00e9s, especializada em projetar, desenvolver, fabricar e testar uma ampla gama de produtos automotivos, agr\u00edcolas e industriais. Com foco em inova\u00e7\u00e3o e qualidade, a empresa oferece solu\u00e7\u00f5es abrangentes em rel\u00e9s, incluindo Minirreles, Rel\u00e9s Auxiliares, Rel\u00e9s de Farol, Rel\u00e9s de Pisca, Rel\u00e9s de Placa, Rel\u00e9s Eletr\u00f4nicos e Rel\u00e9s Soquetados. Sua dedica\u00e7\u00e3o \u00e0 excel\u00eancia e expertise no setor a tornam a escolha ideal para atender \u00e0s necessidades de seus clientes no mundo automotivo e industrial.\" \/>\n<meta property=\"og:url\" content=\"https:\/\/toprelay.com.br\/pt_br\/produto\/tra108-202-reles-auxiliares\/\" \/>\n<meta property=\"og:site_name\" content=\"Top Relay\" \/>\n<meta property=\"article:modified_time\" content=\"2024-01-16T17:48:01+00:00\" \/>\n<meta property=\"og:image\" content=\"https:\/\/toprelay.com.br\/wp-content\/uploads\/2023\/12\/TRA108.202_1.jpg\" \/>\n\t<meta property=\"og:image:width\" content=\"500\" \/>\n\t<meta property=\"og:image:height\" content=\"500\" \/>\n\t<meta property=\"og:image:type\" content=\"image\/jpeg\" \/>\n<meta name=\"twitter:card\" content=\"summary_large_image\" \/>\n<meta name=\"twitter:label1\" content=\"Est. tempo de leitura\" \/>\n\t<meta name=\"twitter:data1\" content=\"2 minutos\" \/>\n<script type=\"application\/ld+json\" class=\"yoast-schema-graph\">{\"@context\":\"https:\/\/schema.org\",\"@graph\":[{\"@type\":\"WebPage\",\"@id\":\"https:\/\/toprelay.com.br\/produto\/tra108-202-reles-auxiliares\/\",\"url\":\"https:\/\/toprelay.com.br\/produto\/tra108-202-reles-auxiliares\/\",\"name\":\"TRA108.202 - Rel\u00e9s Auxiliares - Top Relay\",\"isPartOf\":{\"@id\":\"https:\/\/toprelay.com.br\/#website\"},\"primaryImageOfPage\":{\"@id\":\"https:\/\/toprelay.com.br\/produto\/tra108-202-reles-auxiliares\/#primaryimage\"},\"image\":{\"@id\":\"https:\/\/toprelay.com.br\/produto\/tra108-202-reles-auxiliares\/#primaryimage\"},\"thumbnailUrl\":\"https:\/\/toprelay.com.br\/wp-content\/uploads\/2023\/12\/TRA108.202_1.jpg\",\"datePublished\":\"2023-12-01T19:08:22+00:00\",\"dateModified\":\"2024-01-16T17:48:01+00:00\",\"description\":\"A Top Relay \u00e9 uma empresa l\u00edder na ind\u00fastria de rel\u00e9s, especializada em projetar, desenvolver, fabricar e testar uma ampla gama de produtos automotivos, agr\u00edcolas e industriais. Com foco em inova\u00e7\u00e3o e qualidade, a empresa oferece solu\u00e7\u00f5es abrangentes em rel\u00e9s, incluindo Minirreles, Rel\u00e9s Auxiliares, Rel\u00e9s de Farol, Rel\u00e9s de Pisca, Rel\u00e9s de Placa, Rel\u00e9s Eletr\u00f4nicos e Rel\u00e9s Soquetados. Sua dedica\u00e7\u00e3o \u00e0 excel\u00eancia e expertise no setor a tornam a escolha ideal para atender \u00e0s necessidades de seus clientes no mundo automotivo e industrial.\",\"breadcrumb\":{\"@id\":\"https:\/\/toprelay.com.br\/produto\/tra108-202-reles-auxiliares\/#breadcrumb\"},\"inLanguage\":\"pt-BR\",\"potentialAction\":[{\"@type\":\"ReadAction\",\"target\":[\"https:\/\/toprelay.com.br\/produto\/tra108-202-reles-auxiliares\/\"]}]},{\"@type\":\"ImageObject\",\"inLanguage\":\"pt-BR\",\"@id\":\"https:\/\/toprelay.com.br\/produto\/tra108-202-reles-auxiliares\/#primaryimage\",\"url\":\"https:\/\/toprelay.com.br\/wp-content\/uploads\/2023\/12\/TRA108.202_1.jpg\",\"contentUrl\":\"https:\/\/toprelay.com.br\/wp-content\/uploads\/2023\/12\/TRA108.202_1.jpg\",\"width\":500,\"height\":500},{\"@type\":\"BreadcrumbList\",\"@id\":\"https:\/\/toprelay.com.br\/produto\/tra108-202-reles-auxiliares\/#breadcrumb\",\"itemListElement\":[{\"@type\":\"ListItem\",\"position\":1,\"name\":\"In\u00edcio\",\"item\":\"https:\/\/toprelay.com.br\/pt_br\/\"},{\"@type\":\"ListItem\",\"position\":2,\"name\":\"Loja\",\"item\":\"https:\/\/toprelay.com.br\/loja\/\"},{\"@type\":\"ListItem\",\"position\":3,\"name\":\"TRA108.202 &#8211; Rel\u00e9s Auxiliares\"}]},{\"@type\":\"WebSite\",\"@id\":\"https:\/\/toprelay.com.br\/#website\",\"url\":\"https:\/\/toprelay.com.br\/\",\"name\":\"Top Relay\",\"description\":\"Rel\u00e9s Automotivos e Industriais\",\"publisher\":{\"@id\":\"https:\/\/toprelay.com.br\/#organization\"},\"potentialAction\":[{\"@type\":\"SearchAction\",\"target\":{\"@type\":\"EntryPoint\",\"urlTemplate\":\"https:\/\/toprelay.com.br\/?s={search_term_string}\"},\"query-input\":\"required name=search_term_string\"}],\"inLanguage\":\"pt-BR\"},{\"@type\":\"Organization\",\"@id\":\"https:\/\/toprelay.com.br\/#organization\",\"name\":\"Top Relay\",\"url\":\"https:\/\/toprelay.com.br\/\",\"logo\":{\"@type\":\"ImageObject\",\"inLanguage\":\"pt-BR\",\"@id\":\"https:\/\/toprelay.com.br\/#\/schema\/logo\/image\/\",\"url\":\"https:\/\/toprelay.com.br\/wp-content\/uploads\/2023\/08\/TOP-RELAY-LOGO-02.png\",\"contentUrl\":\"https:\/\/toprelay.com.br\/wp-content\/uploads\/2023\/08\/TOP-RELAY-LOGO-02.png\",\"width\":350,\"height\":71,\"caption\":\"Top Relay\"},\"image\":{\"@id\":\"https:\/\/toprelay.com.br\/#\/schema\/logo\/image\/\"}}]}<\/script>\n<!-- \/ Yoast SEO plugin. -->","yoast_head_json":{"title":"TRA108.202 - Rel\u00e9s Auxiliares - Top Relay","description":"A Top Relay \u00e9 uma empresa l\u00edder na ind\u00fastria de rel\u00e9s, especializada em projetar, desenvolver, fabricar e testar uma ampla gama de produtos automotivos, agr\u00edcolas e industriais. Com foco em inova\u00e7\u00e3o e qualidade, a empresa oferece solu\u00e7\u00f5es abrangentes em rel\u00e9s, incluindo Minirreles, Rel\u00e9s Auxiliares, Rel\u00e9s de Farol, Rel\u00e9s de Pisca, Rel\u00e9s de Placa, Rel\u00e9s Eletr\u00f4nicos e Rel\u00e9s Soquetados. Sua dedica\u00e7\u00e3o \u00e0 excel\u00eancia e expertise no setor a tornam a escolha ideal para atender \u00e0s necessidades de seus clientes no mundo automotivo e industrial.","robots":{"index":"index","follow":"follow","max-snippet":"max-snippet:-1","max-image-preview":"max-image-preview:large","max-video-preview":"max-video-preview:-1"},"canonical":"https:\/\/toprelay.com.br\/pt_br\/produto\/tra108-202-reles-auxiliares\/","og_locale":"pt_BR","og_type":"article","og_title":"TRA108.202 - Rel\u00e9s Auxiliares - Top Relay","og_description":"A Top Relay \u00e9 uma empresa l\u00edder na ind\u00fastria de rel\u00e9s, especializada em projetar, desenvolver, fabricar e testar uma ampla gama de produtos automotivos, agr\u00edcolas e industriais. Com foco em inova\u00e7\u00e3o e qualidade, a empresa oferece solu\u00e7\u00f5es abrangentes em rel\u00e9s, incluindo Minirreles, Rel\u00e9s Auxiliares, Rel\u00e9s de Farol, Rel\u00e9s de Pisca, Rel\u00e9s de Placa, Rel\u00e9s Eletr\u00f4nicos e Rel\u00e9s Soquetados. Sua dedica\u00e7\u00e3o \u00e0 excel\u00eancia e expertise no setor a tornam a escolha ideal para atender \u00e0s necessidades de seus clientes no mundo automotivo e industrial.","og_url":"https:\/\/toprelay.com.br\/pt_br\/produto\/tra108-202-reles-auxiliares\/","og_site_name":"Top Relay","article_modified_time":"2024-01-16T17:48:01+00:00","og_image":[{"width":500,"height":500,"url":"https:\/\/toprelay.com.br\/wp-content\/uploads\/2023\/12\/TRA108.202_1.jpg","type":"image\/jpeg"}],"twitter_card":"summary_large_image","twitter_misc":{"Est. tempo de leitura":"2 minutos"},"schema":{"@context":"https:\/\/schema.org","@graph":[{"@type":"WebPage","@id":"https:\/\/toprelay.com.br\/produto\/tra108-202-reles-auxiliares\/","url":"https:\/\/toprelay.com.br\/produto\/tra108-202-reles-auxiliares\/","name":"TRA108.202 - Rel\u00e9s Auxiliares - Top Relay","isPartOf":{"@id":"https:\/\/toprelay.com.br\/#website"},"primaryImageOfPage":{"@id":"https:\/\/toprelay.com.br\/produto\/tra108-202-reles-auxiliares\/#primaryimage"},"image":{"@id":"https:\/\/toprelay.com.br\/produto\/tra108-202-reles-auxiliares\/#primaryimage"},"thumbnailUrl":"https:\/\/toprelay.com.br\/wp-content\/uploads\/2023\/12\/TRA108.202_1.jpg","datePublished":"2023-12-01T19:08:22+00:00","dateModified":"2024-01-16T17:48:01+00:00","description":"A Top Relay \u00e9 uma empresa l\u00edder na ind\u00fastria de rel\u00e9s, especializada em projetar, desenvolver, fabricar e testar uma ampla gama de produtos automotivos, agr\u00edcolas e industriais. Com foco em inova\u00e7\u00e3o e qualidade, a empresa oferece solu\u00e7\u00f5es abrangentes em rel\u00e9s, incluindo Minirreles, Rel\u00e9s Auxiliares, Rel\u00e9s de Farol, Rel\u00e9s de Pisca, Rel\u00e9s de Placa, Rel\u00e9s Eletr\u00f4nicos e Rel\u00e9s Soquetados. Sua dedica\u00e7\u00e3o \u00e0 excel\u00eancia e expertise no setor a tornam a escolha ideal para atender \u00e0s necessidades de seus clientes no mundo automotivo e industrial.","breadcrumb":{"@id":"https:\/\/toprelay.com.br\/produto\/tra108-202-reles-auxiliares\/#breadcrumb"},"inLanguage":"pt-BR","potentialAction":[{"@type":"ReadAction","target":["https:\/\/toprelay.com.br\/produto\/tra108-202-reles-auxiliares\/"]}]},{"@type":"ImageObject","inLanguage":"pt-BR","@id":"https:\/\/toprelay.com.br\/produto\/tra108-202-reles-auxiliares\/#primaryimage","url":"https:\/\/toprelay.com.br\/wp-content\/uploads\/2023\/12\/TRA108.202_1.jpg","contentUrl":"https:\/\/toprelay.com.br\/wp-content\/uploads\/2023\/12\/TRA108.202_1.jpg","width":500,"height":500},{"@type":"BreadcrumbList","@id":"https:\/\/toprelay.com.br\/produto\/tra108-202-reles-auxiliares\/#breadcrumb","itemListElement":[{"@type":"ListItem","position":1,"name":"In\u00edcio","item":"https:\/\/toprelay.com.br\/pt_br\/"},{"@type":"ListItem","position":2,"name":"Loja","item":"https:\/\/toprelay.com.br\/loja\/"},{"@type":"ListItem","position":3,"name":"TRA108.202 &#8211; Rel\u00e9s Auxiliares"}]},{"@type":"WebSite","@id":"https:\/\/toprelay.com.br\/#website","url":"https:\/\/toprelay.com.br\/","name":"Top Relay","description":"Rel\u00e9s Automotivos e Industriais","publisher":{"@id":"https:\/\/toprelay.com.br\/#organization"},"potentialAction":[{"@type":"SearchAction","target":{"@type":"EntryPoint","urlTemplate":"https:\/\/toprelay.com.br\/?s={search_term_string}"},"query-input":"required name=search_term_string"}],"inLanguage":"pt-BR"},{"@type":"Organization","@id":"https:\/\/toprelay.com.br\/#organization","name":"Top Relay","url":"https:\/\/toprelay.com.br\/","logo":{"@type":"ImageObject","inLanguage":"pt-BR","@id":"https:\/\/toprelay.com.br\/#\/schema\/logo\/image\/","url":"https:\/\/toprelay.com.br\/wp-content\/uploads\/2023\/08\/TOP-RELAY-LOGO-02.png","contentUrl":"https:\/\/toprelay.com.br\/wp-content\/uploads\/2023\/08\/TOP-RELAY-LOGO-02.png","width":350,"height":71,"caption":"Top Relay"},"image":{"@id":"https:\/\/toprelay.com.br\/#\/schema\/logo\/image\/"}}]}},"_links":{"self":[{"href":"https:\/\/toprelay.com.br\/pt_br\/wp-json\/wp\/v2\/product\/8003"}],"collection":[{"href":"https:\/\/toprelay.com.br\/pt_br\/wp-json\/wp\/v2\/product"}],"about":[{"href":"https:\/\/toprelay.com.br\/pt_br\/wp-json\/wp\/v2\/types\/product"}],"replies":[{"embeddable":true,"href":"https:\/\/toprelay.com.br\/pt_br\/wp-json\/wp\/v2\/comments?post=8003"}],"wp:featuredmedia":[{"embeddable":true,"href":"https:\/\/toprelay.com.br\/pt_br\/wp-json\/wp\/v2\/media\/8023"}],"wp:attachment":[{"href":"https:\/\/toprelay.com.br\/pt_br\/wp-json\/wp\/v2\/media?parent=8003"}],"wp:term":[{"taxonomy":"product_cat","embeddable":true,"href":"https:\/\/toprelay.com.br\/pt_br\/wp-json\/wp\/v2\/product_cat?post=8003"},{"taxonomy":"product_tag","embeddable":true,"href":"https:\/\/toprelay.com.br\/pt_br\/wp-json\/wp\/v2\/product_tag?post=8003"}],"curies":[{"name":"wp","href":"https:\/\/api.w.org\/{rel}","templated":true}]}}