{"id":5840,"date":"2023-11-09T12:20:17","date_gmt":"2023-11-09T15:20:17","guid":{"rendered":"https:\/\/toprelay.com.br\/?post_type=product&#038;p=5840"},"modified":"2024-01-18T11:48:42","modified_gmt":"2024-01-18T14:48:42","slug":"espaguetes-corrugados","status":"publish","type":"product","link":"https:\/\/toprelay.com.br\/pt_br\/produto\/espaguetes-corrugados\/","title":{"rendered":"Espaguetes Corrugados"},"content":{"rendered":"<table id=\"tablepress-82\" class=\"tablepress tablepress-id-82 dataTable no-footer\">\n<thead>\n<tr class=\"row-1 odd\">\n<th class=\"column-1 sorting_disabled\" colspan=\"1\" rowspan=\"1\">C\u00f3digo Top Relay<\/th>\n<th class=\"column-2 sorting_disabled\" colspan=\"1\" rowspan=\"1\">Material<\/th>\n<th class=\"column-3 sorting_disabled\" colspan=\"1\" rowspan=\"1\">Temperatura M\u00e1xima<\/th>\n<th class=\"column-4 sorting_disabled\" colspan=\"1\" rowspan=\"1\">Di\u00e2metro Interno<\/th>\n<th class=\"column-5 sorting_disabled\" colspan=\"1\" rowspan=\"1\">Embalagem(m)<\/th>\n<th class=\"column-6 sorting_disabled\" colspan=\"1\" rowspan=\"1\">Refer\u00eancia<\/th>\n<\/tr>\n<\/thead>\n<tbody class=\"row-hover\">\n<tr class=\"row-2 even\">\n<td class=\"column-1\">TRES515500<\/td>\n<td class=\"column-2\">PP<\/td>\n<td class=\"column-3\">130\u00b0C<\/td>\n<td class=\"column-4\">5mm(3\/16\u201d)<\/td>\n<td class=\"column-5\">100<\/td>\n<td class=\"column-6\">5155<\/td>\n<\/tr>\n<tr class=\"row-3 odd\">\n<td class=\"column-1\">TRES515700<\/td>\n<td class=\"column-2\">PP<\/td>\n<td class=\"column-3\">130\u00b0C<\/td>\n<td class=\"column-4\">7mm(5\/16\u201d)<\/td>\n<td class=\"column-5\">100<\/td>\n<td class=\"column-6\">5157<\/td>\n<\/tr>\n<tr class=\"row-4 even\">\n<td class=\"column-1\">TRES516000<\/td>\n<td class=\"column-2\">PP<\/td>\n<td class=\"column-3\">130\u00b0C<\/td>\n<td class=\"column-4\">10mm(3\/8\u201d)<\/td>\n<td class=\"column-5\">100<\/td>\n<td class=\"column-6\">5160<\/td>\n<\/tr>\n<tr class=\"row-5 odd\">\n<td class=\"column-1\">TRES516400<\/td>\n<td class=\"column-2\">PP<\/td>\n<td class=\"column-3\">130\u00b0C<\/td>\n<td class=\"column-4\">14mm(5\/8\u201d)<\/td>\n<td class=\"column-5\">50<\/td>\n<td class=\"column-6\">5164<\/td>\n<\/tr>\n<tr class=\"row-6 even\">\n<td class=\"column-1\">TRES516500<\/td>\n<td class=\"column-2\">PP<\/td>\n<td class=\"column-3\">130\u00b0C<\/td>\n<td class=\"column-4\">15mm(5\/8\u201d)<\/td>\n<td class=\"column-5\">50<\/td>\n<td class=\"column-6\">5165<\/td>\n<\/tr>\n<tr class=\"row-7 odd\">\n<td class=\"column-1\">TRES516900<\/td>\n<td class=\"column-2\">PP<\/td>\n<td class=\"column-3\">130\u00b0C<\/td>\n<td class=\"column-4\">19mm(3\/4\u201d)<\/td>\n<td class=\"column-5\">50<\/td>\n<td class=\"column-6\">5169<\/td>\n<\/tr>\n<tr class=\"row-8 even\">\n<td class=\"column-1\">TRES525500<\/td>\n<td class=\"column-2\">PP<\/td>\n<td class=\"column-3\">130\u00b0C<\/td>\n<td class=\"column-4\">5mm(3\/16\u201d)<\/td>\n<td class=\"column-5\">25<\/td>\n<td class=\"column-6\">5255<\/td>\n<\/tr>\n<tr class=\"row-9 odd\">\n<td class=\"column-1\">TRES526200<\/td>\n<td class=\"column-2\">PP<\/td>\n<td class=\"column-3\">130\u00b0C<\/td>\n<td class=\"column-4\">12mm(1\/2\u201d)<\/td>\n<td class=\"column-5\">25<\/td>\n<td class=\"column-6\">5262<\/td>\n<\/tr>\n<tr class=\"row-10 even\">\n<td class=\"column-1\">TRES525700<\/td>\n<td class=\"column-2\">PP<\/td>\n<td class=\"column-3\">130\u00b0C<\/td>\n<td class=\"column-4\">7mm(5\/16\u201d)<\/td>\n<td class=\"column-5\">25<\/td>\n<td class=\"column-6\">5257<\/td>\n<\/tr>\n<tr class=\"row-11 odd\">\n<td class=\"column-1\">TRES526000<\/td>\n<td class=\"column-2\">PP<\/td>\n<td class=\"column-3\">130\u00b0C<\/td>\n<td class=\"column-4\">10mm(3\/8\u201d)<\/td>\n<td class=\"column-5\">25<\/td>\n<td class=\"column-6\">5260<\/td>\n<\/tr>\n<tr class=\"row-12 even\">\n<td class=\"column-1\">TRES526400<\/td>\n<td class=\"column-2\">PP<\/td>\n<td class=\"column-3\">130\u00b0C<\/td>\n<td class=\"column-4\">14mm(5\/8\u201d)<\/td>\n<td class=\"column-5\">25<\/td>\n<td class=\"column-6\">5264<\/td>\n<\/tr>\n<tr class=\"row-13 odd\">\n<td class=\"column-1\">TRES526500<\/td>\n<td class=\"column-2\">PP<\/td>\n<td class=\"column-3\">130\u00b0C<\/td>\n<td class=\"column-4\">15mm(5\/8\u201d)<\/td>\n<td class=\"column-5\">25<\/td>\n<td class=\"column-6\">5265<\/td>\n<\/tr>\n<tr class=\"row-14 even\">\n<td class=\"column-1\">TRES526900<\/td>\n<td class=\"column-2\">PP<\/td>\n<td class=\"column-3\">130\u00b0C<\/td>\n<td class=\"column-4\">19mm(3\/4\u201d)<\/td>\n<td class=\"column-5\">25<\/td>\n<td class=\"column-6\">5269<\/td>\n<\/tr>\n<tr class=\"row-15 odd\">\n<td class=\"column-1\">TRES527000<\/td>\n<td class=\"column-2\">PP<\/td>\n<td class=\"column-3\">130\u00b0C<\/td>\n<td class=\"column-4\">25mm(1\/1\u201d)<\/td>\n<td class=\"column-5\">25<\/td>\n<td class=\"column-6\">5275<\/td>\n<\/tr>\n<tr class=\"row-16 even\">\n<td class=\"column-1\">TRES528000<\/td>\n<td class=\"column-2\">PP<\/td>\n<td class=\"column-3\">130\u00b0C<\/td>\n<td class=\"column-4\">32mm(1 1\/4\u201d)<\/td>\n<td class=\"column-5\">25<\/td>\n<\/tr>\n<\/tbody>\n<\/table>\n<p>Espaguetes Corrugados | Tubos Corrugados | Crushproof Tubbing<\/p>\n","protected":false},"excerpt":{"rendered":"<p>C\u00f3digo Top Relay Material Temperatura M\u00e1xima Di\u00e2metro Interno Embalagem(m) Refer\u00eancia TRES515500 PP 130\u00b0C 5mm(3\/16\u201d) 100 5155 TRES515700 PP 130\u00b0C 7mm(5\/16\u201d) 100 5157 TRES516000 PP 130\u00b0C 10mm(3\/8\u201d) 100 5160 TRES516400 PP 130\u00b0C 14mm(5\/8\u201d) 50 5164 TRES516500 PP 130\u00b0C 15mm(5\/8\u201d) 50 5165 TRES516900 PP 130\u00b0C 19mm(3\/4\u201d) 50 5169 TRES525500 PP 130\u00b0C 5mm(3\/16\u201d) 25 5255 TRES526200 PP 130\u00b0C [&hellip;]<\/p>\n","protected":false},"featured_media":5845,"comment_status":"closed","ping_status":"closed","template":"","meta":{"_acf_changed":false,"content-type":"","_monsterinsights_skip_tracking":false,"_monsterinsights_sitenote_active":false,"_monsterinsights_sitenote_note":"","_monsterinsights_sitenote_category":0,"site-sidebar-layout":"default","site-content-layout":"","ast-site-content-layout":"default","site-content-style":"default","site-sidebar-style":"default","ast-global-header-display":"","ast-banner-title-visibility":"","ast-main-header-display":"","ast-hfb-above-header-display":"","ast-hfb-below-header-display":"","ast-hfb-mobile-header-display":"","site-post-title":"","ast-breadcrumbs-content":"","ast-featured-img":"","footer-sml-layout":"","theme-transparent-header-meta":"default","adv-header-id-meta":"","stick-header-meta":"","header-above-stick-meta":"","header-main-stick-meta":"","header-below-stick-meta":"","astra-migrate-meta-layouts":"set","ast-page-background-enabled":"default","ast-page-background-meta":{"desktop":{"background-color":"var(--ast-global-color-4)","background-image":"","background-repeat":"repeat","background-position":"center center","background-size":"auto","background-attachment":"scroll","background-type":"","background-media":"","overlay-type":"","overlay-color":"","overlay-gradient":""},"tablet":{"background-color":"","background-image":"","background-repeat":"repeat","background-position":"center center","background-size":"auto","background-attachment":"scroll","background-type":"","background-media":"","overlay-type":"","overlay-color":"","overlay-gradient":""},"mobile":{"background-color":"","background-image":"","background-repeat":"repeat","background-position":"center center","background-size":"auto","background-attachment":"scroll","background-type":"","background-media":"","overlay-type":"","overlay-color":"","overlay-gradient":""}},"ast-content-background-meta":{"desktop":{"background-color":"var(--ast-global-color-5)","background-image":"","background-repeat":"repeat","background-position":"center center","background-size":"auto","background-attachment":"scroll","background-type":"","background-media":"","overlay-type":"","overlay-color":"","overlay-gradient":""},"tablet":{"background-color":"var(--ast-global-color-5)","background-image":"","background-repeat":"repeat","background-position":"center center","background-size":"auto","background-attachment":"scroll","background-type":"","background-media":"","overlay-type":"","overlay-color":"","overlay-gradient":""},"mobile":{"background-color":"var(--ast-global-color-5)","background-image":"","background-repeat":"repeat","background-position":"center center","background-size":"auto","background-attachment":"scroll","background-type":"","background-media":"","overlay-type":"","overlay-color":"","overlay-gradient":""}}},"product_cat":[3264,3291],"product_tag":[],"acf":[],"yoast_head":"<!-- This site is optimized with the Yoast SEO plugin v22.5 - https:\/\/yoast.com\/wordpress\/plugins\/seo\/ -->\n<title>Espaguetes Corrugados - Top Relay<\/title>\n<meta name=\"description\" content=\"A Top Relay especializada em projetar, desenvolver, fabricar e testar uma ampla gama de diversos produtos automotivos, agr\u00edcolas e industriais. Seu cat\u00e1logo de produtos diversos inclui itens como Abra\u00e7adeiras de Nylon, Antenas e Hastes, Bot\u00f5es de Parada Solicitada, Cabos para Baterias, Caixas de Diodo, Centrais El\u00e9tricas, Conversores e Estabilizadores de Tens\u00e3o, Espaguetes Corrugados, Fitas, Hor\u00edmetros Anal\u00f3gicos, L\u00e2mpadas LED, Lentes Indicadoras, Porta Fus\u00edveis, R\u00e9guas de Led, Sirenes, Soquetes, Terminais de Bateria e Termoretr\u00e1teis.Com um compromisso constante com a qualidade e a inova\u00e7\u00e3o, a Top Relay oferece solu\u00e7\u00f5es confi\u00e1veis para uma ampla gama de aplica\u00e7\u00f5es nos setores automotivo e industrial. Seja para melhorar a efici\u00eancia, a seguran\u00e7a ou a funcionalidade, os produtos diversos da Top Relay atendem \u00e0s demandas variadas de seus clientes e contribuem para o sucesso de seus projetos.\" \/>\n<meta name=\"robots\" content=\"index, follow, max-snippet:-1, max-image-preview:large, max-video-preview:-1\" \/>\n<link rel=\"canonical\" href=\"https:\/\/toprelay.com.br\/pt_br\/produto\/espaguetes-corrugados\/\" \/>\n<meta property=\"og:locale\" content=\"pt_BR\" \/>\n<meta property=\"og:type\" content=\"article\" \/>\n<meta property=\"og:title\" content=\"Espaguetes Corrugados - Top Relay\" \/>\n<meta property=\"og:description\" content=\"A Top Relay especializada em projetar, desenvolver, fabricar e testar uma ampla gama de diversos produtos automotivos, agr\u00edcolas e industriais. Seu cat\u00e1logo de produtos diversos inclui itens como Abra\u00e7adeiras de Nylon, Antenas e Hastes, Bot\u00f5es de Parada Solicitada, Cabos para Baterias, Caixas de Diodo, Centrais El\u00e9tricas, Conversores e Estabilizadores de Tens\u00e3o, Espaguetes Corrugados, Fitas, Hor\u00edmetros Anal\u00f3gicos, L\u00e2mpadas LED, Lentes Indicadoras, Porta Fus\u00edveis, R\u00e9guas de Led, Sirenes, Soquetes, Terminais de Bateria e Termoretr\u00e1teis.Com um compromisso constante com a qualidade e a inova\u00e7\u00e3o, a Top Relay oferece solu\u00e7\u00f5es confi\u00e1veis para uma ampla gama de aplica\u00e7\u00f5es nos setores automotivo e industrial. Seja para melhorar a efici\u00eancia, a seguran\u00e7a ou a funcionalidade, os produtos diversos da Top Relay atendem \u00e0s demandas variadas de seus clientes e contribuem para o sucesso de seus projetos.\" \/>\n<meta property=\"og:url\" content=\"https:\/\/toprelay.com.br\/pt_br\/produto\/espaguetes-corrugados\/\" \/>\n<meta property=\"og:site_name\" content=\"Top Relay\" \/>\n<meta property=\"article:modified_time\" content=\"2024-01-18T14:48:42+00:00\" \/>\n<meta property=\"og:image\" content=\"https:\/\/toprelay.com.br\/wp-content\/uploads\/2023\/11\/Espaguetes-Corrugados-TopRelay-4.jpg\" \/>\n\t<meta property=\"og:image:width\" content=\"500\" \/>\n\t<meta property=\"og:image:height\" content=\"500\" \/>\n\t<meta property=\"og:image:type\" content=\"image\/jpeg\" \/>\n<meta name=\"twitter:card\" content=\"summary_large_image\" \/>\n<meta name=\"twitter:label1\" content=\"Est. tempo de leitura\" \/>\n\t<meta name=\"twitter:data1\" content=\"1 minuto\" \/>\n<script type=\"application\/ld+json\" class=\"yoast-schema-graph\">{\"@context\":\"https:\/\/schema.org\",\"@graph\":[{\"@type\":\"WebPage\",\"@id\":\"https:\/\/toprelay.com.br\/produto\/espaguetes-corrugados\/\",\"url\":\"https:\/\/toprelay.com.br\/produto\/espaguetes-corrugados\/\",\"name\":\"Espaguetes Corrugados - Top Relay\",\"isPartOf\":{\"@id\":\"https:\/\/toprelay.com.br\/#website\"},\"primaryImageOfPage\":{\"@id\":\"https:\/\/toprelay.com.br\/produto\/espaguetes-corrugados\/#primaryimage\"},\"image\":{\"@id\":\"https:\/\/toprelay.com.br\/produto\/espaguetes-corrugados\/#primaryimage\"},\"thumbnailUrl\":\"https:\/\/toprelay.com.br\/wp-content\/uploads\/2023\/11\/Espaguetes-Corrugados-TopRelay-4.jpg\",\"datePublished\":\"2023-11-09T15:20:17+00:00\",\"dateModified\":\"2024-01-18T14:48:42+00:00\",\"description\":\"A Top Relay especializada em projetar, desenvolver, fabricar e testar uma ampla gama de diversos produtos automotivos, agr\u00edcolas e industriais. Seu cat\u00e1logo de produtos diversos inclui itens como Abra\u00e7adeiras de Nylon, Antenas e Hastes, Bot\u00f5es de Parada Solicitada, Cabos para Baterias, Caixas de Diodo, Centrais El\u00e9tricas, Conversores e Estabilizadores de Tens\u00e3o, Espaguetes Corrugados, Fitas, Hor\u00edmetros Anal\u00f3gicos, L\u00e2mpadas LED, Lentes Indicadoras, Porta Fus\u00edveis, R\u00e9guas de Led, Sirenes, Soquetes, Terminais de Bateria e Termoretr\u00e1teis.Com um compromisso constante com a qualidade e a inova\u00e7\u00e3o, a Top Relay oferece solu\u00e7\u00f5es confi\u00e1veis para uma ampla gama de aplica\u00e7\u00f5es nos setores automotivo e industrial. Seja para melhorar a efici\u00eancia, a seguran\u00e7a ou a funcionalidade, os produtos diversos da Top Relay atendem \u00e0s demandas variadas de seus clientes e contribuem para o sucesso de seus projetos.\",\"breadcrumb\":{\"@id\":\"https:\/\/toprelay.com.br\/produto\/espaguetes-corrugados\/#breadcrumb\"},\"inLanguage\":\"pt-BR\",\"potentialAction\":[{\"@type\":\"ReadAction\",\"target\":[\"https:\/\/toprelay.com.br\/produto\/espaguetes-corrugados\/\"]}]},{\"@type\":\"ImageObject\",\"inLanguage\":\"pt-BR\",\"@id\":\"https:\/\/toprelay.com.br\/produto\/espaguetes-corrugados\/#primaryimage\",\"url\":\"https:\/\/toprelay.com.br\/wp-content\/uploads\/2023\/11\/Espaguetes-Corrugados-TopRelay-4.jpg\",\"contentUrl\":\"https:\/\/toprelay.com.br\/wp-content\/uploads\/2023\/11\/Espaguetes-Corrugados-TopRelay-4.jpg\",\"width\":500,\"height\":500},{\"@type\":\"BreadcrumbList\",\"@id\":\"https:\/\/toprelay.com.br\/produto\/espaguetes-corrugados\/#breadcrumb\",\"itemListElement\":[{\"@type\":\"ListItem\",\"position\":1,\"name\":\"In\u00edcio\",\"item\":\"https:\/\/toprelay.com.br\/pt_br\/\"},{\"@type\":\"ListItem\",\"position\":2,\"name\":\"Loja\",\"item\":\"https:\/\/toprelay.com.br\/loja\/\"},{\"@type\":\"ListItem\",\"position\":3,\"name\":\"Espaguetes Corrugados\"}]},{\"@type\":\"WebSite\",\"@id\":\"https:\/\/toprelay.com.br\/#website\",\"url\":\"https:\/\/toprelay.com.br\/\",\"name\":\"Top Relay\",\"description\":\"Rel\u00e9s Automotivos e Industriais\",\"publisher\":{\"@id\":\"https:\/\/toprelay.com.br\/#organization\"},\"potentialAction\":[{\"@type\":\"SearchAction\",\"target\":{\"@type\":\"EntryPoint\",\"urlTemplate\":\"https:\/\/toprelay.com.br\/?s={search_term_string}\"},\"query-input\":\"required name=search_term_string\"}],\"inLanguage\":\"pt-BR\"},{\"@type\":\"Organization\",\"@id\":\"https:\/\/toprelay.com.br\/#organization\",\"name\":\"Top Relay\",\"url\":\"https:\/\/toprelay.com.br\/\",\"logo\":{\"@type\":\"ImageObject\",\"inLanguage\":\"pt-BR\",\"@id\":\"https:\/\/toprelay.com.br\/#\/schema\/logo\/image\/\",\"url\":\"https:\/\/toprelay.com.br\/wp-content\/uploads\/2023\/08\/TOP-RELAY-LOGO-02.png\",\"contentUrl\":\"https:\/\/toprelay.com.br\/wp-content\/uploads\/2023\/08\/TOP-RELAY-LOGO-02.png\",\"width\":350,\"height\":71,\"caption\":\"Top Relay\"},\"image\":{\"@id\":\"https:\/\/toprelay.com.br\/#\/schema\/logo\/image\/\"}}]}<\/script>\n<!-- \/ Yoast SEO plugin. -->","yoast_head_json":{"title":"Espaguetes Corrugados - Top Relay","description":"A Top Relay especializada em projetar, desenvolver, fabricar e testar uma ampla gama de diversos produtos automotivos, agr\u00edcolas e industriais. Seu cat\u00e1logo de produtos diversos inclui itens como Abra\u00e7adeiras de Nylon, Antenas e Hastes, Bot\u00f5es de Parada Solicitada, Cabos para Baterias, Caixas de Diodo, Centrais El\u00e9tricas, Conversores e Estabilizadores de Tens\u00e3o, Espaguetes Corrugados, Fitas, Hor\u00edmetros Anal\u00f3gicos, L\u00e2mpadas LED, Lentes Indicadoras, Porta Fus\u00edveis, R\u00e9guas de Led, Sirenes, Soquetes, Terminais de Bateria e Termoretr\u00e1teis.Com um compromisso constante com a qualidade e a inova\u00e7\u00e3o, a Top Relay oferece solu\u00e7\u00f5es confi\u00e1veis para uma ampla gama de aplica\u00e7\u00f5es nos setores automotivo e industrial. Seja para melhorar a efici\u00eancia, a seguran\u00e7a ou a funcionalidade, os produtos diversos da Top Relay atendem \u00e0s demandas variadas de seus clientes e contribuem para o sucesso de seus projetos.","robots":{"index":"index","follow":"follow","max-snippet":"max-snippet:-1","max-image-preview":"max-image-preview:large","max-video-preview":"max-video-preview:-1"},"canonical":"https:\/\/toprelay.com.br\/pt_br\/produto\/espaguetes-corrugados\/","og_locale":"pt_BR","og_type":"article","og_title":"Espaguetes Corrugados - Top Relay","og_description":"A Top Relay especializada em projetar, desenvolver, fabricar e testar uma ampla gama de diversos produtos automotivos, agr\u00edcolas e industriais. Seu cat\u00e1logo de produtos diversos inclui itens como Abra\u00e7adeiras de Nylon, Antenas e Hastes, Bot\u00f5es de Parada Solicitada, Cabos para Baterias, Caixas de Diodo, Centrais El\u00e9tricas, Conversores e Estabilizadores de Tens\u00e3o, Espaguetes Corrugados, Fitas, Hor\u00edmetros Anal\u00f3gicos, L\u00e2mpadas LED, Lentes Indicadoras, Porta Fus\u00edveis, R\u00e9guas de Led, Sirenes, Soquetes, Terminais de Bateria e Termoretr\u00e1teis.Com um compromisso constante com a qualidade e a inova\u00e7\u00e3o, a Top Relay oferece solu\u00e7\u00f5es confi\u00e1veis para uma ampla gama de aplica\u00e7\u00f5es nos setores automotivo e industrial. Seja para melhorar a efici\u00eancia, a seguran\u00e7a ou a funcionalidade, os produtos diversos da Top Relay atendem \u00e0s demandas variadas de seus clientes e contribuem para o sucesso de seus projetos.","og_url":"https:\/\/toprelay.com.br\/pt_br\/produto\/espaguetes-corrugados\/","og_site_name":"Top Relay","article_modified_time":"2024-01-18T14:48:42+00:00","og_image":[{"width":500,"height":500,"url":"https:\/\/toprelay.com.br\/wp-content\/uploads\/2023\/11\/Espaguetes-Corrugados-TopRelay-4.jpg","type":"image\/jpeg"}],"twitter_card":"summary_large_image","twitter_misc":{"Est. tempo de leitura":"1 minuto"},"schema":{"@context":"https:\/\/schema.org","@graph":[{"@type":"WebPage","@id":"https:\/\/toprelay.com.br\/produto\/espaguetes-corrugados\/","url":"https:\/\/toprelay.com.br\/produto\/espaguetes-corrugados\/","name":"Espaguetes Corrugados - Top Relay","isPartOf":{"@id":"https:\/\/toprelay.com.br\/#website"},"primaryImageOfPage":{"@id":"https:\/\/toprelay.com.br\/produto\/espaguetes-corrugados\/#primaryimage"},"image":{"@id":"https:\/\/toprelay.com.br\/produto\/espaguetes-corrugados\/#primaryimage"},"thumbnailUrl":"https:\/\/toprelay.com.br\/wp-content\/uploads\/2023\/11\/Espaguetes-Corrugados-TopRelay-4.jpg","datePublished":"2023-11-09T15:20:17+00:00","dateModified":"2024-01-18T14:48:42+00:00","description":"A Top Relay especializada em projetar, desenvolver, fabricar e testar uma ampla gama de diversos produtos automotivos, agr\u00edcolas e industriais. Seu cat\u00e1logo de produtos diversos inclui itens como Abra\u00e7adeiras de Nylon, Antenas e Hastes, Bot\u00f5es de Parada Solicitada, Cabos para Baterias, Caixas de Diodo, Centrais El\u00e9tricas, Conversores e Estabilizadores de Tens\u00e3o, Espaguetes Corrugados, Fitas, Hor\u00edmetros Anal\u00f3gicos, L\u00e2mpadas LED, Lentes Indicadoras, Porta Fus\u00edveis, R\u00e9guas de Led, Sirenes, Soquetes, Terminais de Bateria e Termoretr\u00e1teis.Com um compromisso constante com a qualidade e a inova\u00e7\u00e3o, a Top Relay oferece solu\u00e7\u00f5es confi\u00e1veis para uma ampla gama de aplica\u00e7\u00f5es nos setores automotivo e industrial. Seja para melhorar a efici\u00eancia, a seguran\u00e7a ou a funcionalidade, os produtos diversos da Top Relay atendem \u00e0s demandas variadas de seus clientes e contribuem para o sucesso de seus projetos.","breadcrumb":{"@id":"https:\/\/toprelay.com.br\/produto\/espaguetes-corrugados\/#breadcrumb"},"inLanguage":"pt-BR","potentialAction":[{"@type":"ReadAction","target":["https:\/\/toprelay.com.br\/produto\/espaguetes-corrugados\/"]}]},{"@type":"ImageObject","inLanguage":"pt-BR","@id":"https:\/\/toprelay.com.br\/produto\/espaguetes-corrugados\/#primaryimage","url":"https:\/\/toprelay.com.br\/wp-content\/uploads\/2023\/11\/Espaguetes-Corrugados-TopRelay-4.jpg","contentUrl":"https:\/\/toprelay.com.br\/wp-content\/uploads\/2023\/11\/Espaguetes-Corrugados-TopRelay-4.jpg","width":500,"height":500},{"@type":"BreadcrumbList","@id":"https:\/\/toprelay.com.br\/produto\/espaguetes-corrugados\/#breadcrumb","itemListElement":[{"@type":"ListItem","position":1,"name":"In\u00edcio","item":"https:\/\/toprelay.com.br\/pt_br\/"},{"@type":"ListItem","position":2,"name":"Loja","item":"https:\/\/toprelay.com.br\/loja\/"},{"@type":"ListItem","position":3,"name":"Espaguetes Corrugados"}]},{"@type":"WebSite","@id":"https:\/\/toprelay.com.br\/#website","url":"https:\/\/toprelay.com.br\/","name":"Top Relay","description":"Rel\u00e9s Automotivos e Industriais","publisher":{"@id":"https:\/\/toprelay.com.br\/#organization"},"potentialAction":[{"@type":"SearchAction","target":{"@type":"EntryPoint","urlTemplate":"https:\/\/toprelay.com.br\/?s={search_term_string}"},"query-input":"required name=search_term_string"}],"inLanguage":"pt-BR"},{"@type":"Organization","@id":"https:\/\/toprelay.com.br\/#organization","name":"Top Relay","url":"https:\/\/toprelay.com.br\/","logo":{"@type":"ImageObject","inLanguage":"pt-BR","@id":"https:\/\/toprelay.com.br\/#\/schema\/logo\/image\/","url":"https:\/\/toprelay.com.br\/wp-content\/uploads\/2023\/08\/TOP-RELAY-LOGO-02.png","contentUrl":"https:\/\/toprelay.com.br\/wp-content\/uploads\/2023\/08\/TOP-RELAY-LOGO-02.png","width":350,"height":71,"caption":"Top Relay"},"image":{"@id":"https:\/\/toprelay.com.br\/#\/schema\/logo\/image\/"}}]}},"_links":{"self":[{"href":"https:\/\/toprelay.com.br\/pt_br\/wp-json\/wp\/v2\/product\/5840"}],"collection":[{"href":"https:\/\/toprelay.com.br\/pt_br\/wp-json\/wp\/v2\/product"}],"about":[{"href":"https:\/\/toprelay.com.br\/pt_br\/wp-json\/wp\/v2\/types\/product"}],"replies":[{"embeddable":true,"href":"https:\/\/toprelay.com.br\/pt_br\/wp-json\/wp\/v2\/comments?post=5840"}],"wp:featuredmedia":[{"embeddable":true,"href":"https:\/\/toprelay.com.br\/pt_br\/wp-json\/wp\/v2\/media\/5845"}],"wp:attachment":[{"href":"https:\/\/toprelay.com.br\/pt_br\/wp-json\/wp\/v2\/media?parent=5840"}],"wp:term":[{"taxonomy":"product_cat","embeddable":true,"href":"https:\/\/toprelay.com.br\/pt_br\/wp-json\/wp\/v2\/product_cat?post=5840"},{"taxonomy":"product_tag","embeddable":true,"href":"https:\/\/toprelay.com.br\/pt_br\/wp-json\/wp\/v2\/product_tag?post=5840"}],"curies":[{"name":"wp","href":"https:\/\/api.w.org\/{rel}","templated":true}]}}