{"id":5211,"date":"2023-10-25T17:54:53","date_gmt":"2023-10-25T20:54:53","guid":{"rendered":"https:\/\/toprelay.com.br\/?post_type=product&#038;p=5211"},"modified":"2024-11-07T10:03:52","modified_gmt":"2024-11-07T13:03:52","slug":"trc111-080-chave-geral-da-bateria-12-24v","status":"publish","type":"product","link":"https:\/\/toprelay.com.br\/pt_br\/produto\/trc111-080-chave-geral-da-bateria-12-24v\/","title":{"rendered":"TRC111.080 &#8211; Chave Geral da Bateria 12\/24V"},"content":{"rendered":"<table id=\"tablepress-12\" class=\"tablepress tablepress-id-12 dataTable no-footer\">\n<tbody class=\"row-hover\">\n<tr class=\"row-2 even\">\n<td class=\"column-1\">TRC111080<\/td>\n<td class=\"column-2\">Chave Geral da Bateria 12\/24V<\/td>\n<td class=\"column-3\">0005452508<\/td>\n<td class=\"column-4\">Mercedes-Benz<\/td>\n<td class=\"column-5\">Atego, Axor, Actros, Accelo 710<\/td>\n<\/tr>\n<tr class=\"row-3 odd\">\n<td class=\"column-1\">TRC 111 080<\/td>\n<td class=\"column-2\"><\/td>\n<td class=\"column-3\">0005458408<\/td>\n<td class=\"column-4\">Mercedes-Benz<\/td>\n<td class=\"column-5\">Atego, Axor, Actros, Accelo 710<\/td>\n<\/tr>\n<tr class=\"row-4 even\">\n<td class=\"column-1\">TRC111080<\/td>\n<td class=\"column-2\"><\/td>\n<td class=\"column-3\">A3845457008<\/td>\n<td class=\"column-4\">Mercedes-Benz<\/td>\n<td class=\"column-5\">Atego, Axor, Actros, Accelo 710<\/td>\n<\/tr>\n<tr class=\"row-5 odd\">\n<td class=\"column-1\">TRC111080<\/td>\n<td class=\"column-2\"><\/td>\n<td class=\"column-3\">3845457008<\/td>\n<td class=\"column-4\">Mercedes-Benz<\/td>\n<td class=\"column-5\">Atego, Axor, Actros, Accelo 710<\/td>\n<\/tr>\n<tr class=\"row-6 even\">\n<td class=\"column-1\">TRC111.080<\/td>\n<td class=\"column-2\"><\/td>\n<td class=\"column-3\">A3845457108<\/td>\n<td class=\"column-4\">Mercedes-Benz<\/td>\n<td class=\"column-5\">Atego, Axor, Actros, Accelo 710<\/td>\n<\/tr>\n<tr class=\"row-7 odd\">\n<td class=\"column-1\"><\/td>\n<td class=\"column-2\"><\/td>\n<td class=\"column-3\">3845457108<\/td>\n<td class=\"column-4\">Mercedes-Benz<\/td>\n<td class=\"column-5\">Atego, Axor, Actros, Accelo 710<\/td>\n<\/tr>\n<tr class=\"row-8 even\">\n<td class=\"column-1\"><\/td>\n<td class=\"column-2\"><\/td>\n<td class=\"column-3\">A9585450108<\/td>\n<td class=\"column-4\">Mercedes-Benz<\/td>\n<td class=\"column-5\">Atego, Axor, Actros, Accelo 710<\/td>\n<\/tr>\n<tr class=\"row-9 odd\">\n<td class=\"column-1\"><\/td>\n<td class=\"column-2\"><\/td>\n<td class=\"column-3\">9585450108<\/td>\n<td class=\"column-4\">Mercedes-Benz<\/td>\n<td class=\"column-5\">Atego, Axor, Actros, Accelo 710<\/td>\n<\/tr>\n<tr class=\"row-10 even\">\n<td class=\"column-1\"><\/td>\n<td class=\"column-2\"><\/td>\n<td class=\"column-3\">VIC4414526A<\/td>\n<td class=\"column-4\">Ford<\/td>\n<td class=\"column-5\"><\/td>\n<\/tr>\n<tr class=\"row-11 odd\">\n<td class=\"column-1\"><\/td>\n<td class=\"column-2\"><\/td>\n<td class=\"column-3\">P641221E<\/td>\n<td class=\"column-4\">Case<\/td>\n<td class=\"column-5\"><\/td>\n<\/tr>\n<tr class=\"row-12 even\">\n<td class=\"column-1\"><\/td>\n<td class=\"column-2\"><\/td>\n<td class=\"column-3\">3613598M91<\/td>\n<td class=\"column-4\">Massey Ferguson<\/td>\n<td class=\"column-5\"><\/td>\n<\/tr>\n<tr class=\"row-13 odd\">\n<td class=\"column-1\"><\/td>\n<td class=\"column-2\"><\/td>\n<td class=\"column-3\">621730<\/td>\n<td class=\"column-4\">Scania<\/td>\n<td class=\"column-5\"><\/td>\n<\/tr>\n<tr class=\"row-14 even\">\n<td class=\"column-1\"><\/td>\n<td class=\"column-2\"><\/td>\n<td class=\"column-3\">122443<\/td>\n<td class=\"column-4\">DAF<\/td>\n<td class=\"column-5\"><\/td>\n<\/tr>\n<tr class=\"row-15 odd\">\n<td class=\"column-1\"><\/td>\n<td class=\"column-2\"><\/td>\n<td class=\"column-3\">03431319<\/td>\n<td class=\"column-4\">Iveco<\/td>\n<td class=\"column-5\"><\/td>\n<\/tr>\n<tr class=\"row-16 even\">\n<td class=\"column-1\"><\/td>\n<td class=\"column-2\"><\/td>\n<td class=\"column-3\">046975<\/td>\n<td class=\"column-4\">Iveco<\/td>\n<td class=\"column-5\"><\/td>\n<\/tr>\n<tr class=\"row-17 odd\">\n<td class=\"column-1\"><\/td>\n<td class=\"column-2\"><\/td>\n<td class=\"column-3\">3431319<\/td>\n<td class=\"column-4\">Iveco<\/td>\n<td class=\"column-5\"><\/td>\n<\/tr>\n<tr class=\"row-18 even\">\n<td class=\"column-1\"><\/td>\n<td class=\"column-2\"><\/td>\n<td class=\"column-3\">8122114<\/td>\n<td class=\"column-4\">Iveco<\/td>\n<td class=\"column-5\"><\/td>\n<\/tr>\n<tr class=\"row-19 odd\">\n<td class=\"column-1\"><\/td>\n<td class=\"column-2\"><\/td>\n<td class=\"column-3\">812550667000<\/td>\n<td class=\"column-4\">Man<\/td>\n<td class=\"column-5\"><\/td>\n<\/tr>\n<tr class=\"row-20 even\">\n<td class=\"column-1\"><\/td>\n<td class=\"column-2\"><\/td>\n<td class=\"column-3\">81255067001<\/td>\n<td class=\"column-4\">Man<\/td>\n<td class=\"column-5\"><\/td>\n<\/tr>\n<tr class=\"row-21 odd\">\n<td class=\"column-1\"><\/td>\n<td class=\"column-2\"><\/td>\n<td class=\"column-3\">81255067002<\/td>\n<td class=\"column-4\">Man<\/td>\n<td class=\"column-5\"><\/td>\n<\/tr>\n<tr class=\"row-22 even\">\n<td class=\"column-1\"><\/td>\n<td class=\"column-2\"><\/td>\n<td class=\"column-3\">90816160511<\/td>\n<td class=\"column-4\">Man<\/td>\n<\/tr>\n<\/tbody>\n<\/table>\n<p><span style=\"font-size: 16px;\">Chave Geral da Bateria 12\/24V com alavanca<\/span><\/p>\n<p><em><strong>Caracter\u00edsticas Gerais<\/strong><\/em><\/p>\n<p>Corrente:<strong> 250A (1.000A de Pico)<\/strong><br \/>\n2 Terminais<br \/>\nUso Geral<\/p>\n<p><strong>Fun\u00e7\u00e3o da Chave Geral no Sistema El\u00e9trico<\/strong><br \/>\nA chave geral desempenha um papel crucial no sistema el\u00e9trico do \u00f4nibus, sendo respons\u00e1vel por:<\/p>\n<p><strong>Desconectar a Bateria<\/strong>: Ao desligar a chave geral, a corrente el\u00e9trica \u00e9 interrompida, desconectando a bateria e evitando o consumo desnecess\u00e1rio de energia.<\/p>\n<p><strong>Prevenir Descarga da Bateria<\/strong>: Em per\u00edodos de inatividade, a chave geral evita descargas indesejadas da bateria, contribuindo para a manuten\u00e7\u00e3o da carga.<\/p>\n<p><strong>Facilitar Manuten\u00e7\u00f5es<\/strong>: Ao desligar a chave geral durante manuten\u00e7\u00f5es, proporciona maior seguran\u00e7a aos t\u00e9cnicos e facilita a realiza\u00e7\u00e3o de reparos no sistema el\u00e9trico.<\/p>\n<p><strong>Import\u00e2ncia para a Manuten\u00e7\u00e3o Preventiva<\/strong>.<br \/>\nA chave geral \u00e9 uma aliada crucial na realiza\u00e7\u00e3o de manuten\u00e7\u00f5es preventivas, permitindo:<\/p>\n<p><strong>Inspe\u00e7\u00e3o do Sistema El\u00e9trico<\/strong>: Facilita a inspe\u00e7\u00e3o visual e testes no sistema el\u00e9trico do \u00f4nibus, identificando poss\u00edveis falhas.<\/p>\n<p><strong>Substitui\u00e7\u00e3o de Componentes<\/strong>: Ao desligar a chave geral, torna-se seguro realizar a substitui\u00e7\u00e3o de componentes el\u00e9tricos com tranquilidade.<\/p>\n<p><strong>Prote\u00e7\u00e3o contra Curto-Circuito<\/strong>: Contribui para prevenir curtos-circuitos durante interven\u00e7\u00f5es el\u00e9tricas, garantindo a seguran\u00e7a da equipe de manuten\u00e7\u00e3o.<\/p>\n<p>Chave Geral da Bateria | Battery Master Switch | Interruptor maestro de bater\u00eda<\/p>\n","protected":false},"excerpt":{"rendered":"<p>TRC111080 Chave Geral da Bateria 12\/24V 0005452508 Mercedes-Benz Atego, Axor, Actros, Accelo 710 TRC 111 080 0005458408 Mercedes-Benz Atego, Axor, Actros, Accelo 710 TRC111080 A3845457008 Mercedes-Benz Atego, Axor, Actros, Accelo 710 TRC111080 3845457008 Mercedes-Benz Atego, Axor, Actros, Accelo 710 TRC111.080 A3845457108 Mercedes-Benz Atego, Axor, Actros, Accelo 710 3845457108 Mercedes-Benz Atego, Axor, Actros, Accelo 710 A9585450108 [&hellip;]<\/p>\n","protected":false},"featured_media":5216,"comment_status":"closed","ping_status":"closed","template":"","meta":{"_acf_changed":false,"content-type":"","_monsterinsights_skip_tracking":false,"_monsterinsights_sitenote_active":false,"_monsterinsights_sitenote_note":"","_monsterinsights_sitenote_category":0,"site-sidebar-layout":"default","site-content-layout":"","ast-site-content-layout":"default","site-content-style":"default","site-sidebar-style":"default","ast-global-header-display":"","ast-banner-title-visibility":"","ast-main-header-display":"","ast-hfb-above-header-display":"","ast-hfb-below-header-display":"","ast-hfb-mobile-header-display":"","site-post-title":"","ast-breadcrumbs-content":"","ast-featured-img":"","footer-sml-layout":"","theme-transparent-header-meta":"default","adv-header-id-meta":"","stick-header-meta":"","header-above-stick-meta":"","header-main-stick-meta":"","header-below-stick-meta":"","astra-migrate-meta-layouts":"set","ast-page-background-enabled":"default","ast-page-background-meta":{"desktop":{"background-color":"var(--ast-global-color-4)","background-image":"","background-repeat":"repeat","background-position":"center center","background-size":"auto","background-attachment":"scroll","background-type":"","background-media":"","overlay-type":"","overlay-color":"","overlay-gradient":""},"tablet":{"background-color":"","background-image":"","background-repeat":"repeat","background-position":"center center","background-size":"auto","background-attachment":"scroll","background-type":"","background-media":"","overlay-type":"","overlay-color":"","overlay-gradient":""},"mobile":{"background-color":"","background-image":"","background-repeat":"repeat","background-position":"center center","background-size":"auto","background-attachment":"scroll","background-type":"","background-media":"","overlay-type":"","overlay-color":"","overlay-gradient":""}},"ast-content-background-meta":{"desktop":{"background-color":"var(--ast-global-color-5)","background-image":"","background-repeat":"repeat","background-position":"center center","background-size":"auto","background-attachment":"scroll","background-type":"","background-media":"","overlay-type":"","overlay-color":"","overlay-gradient":""},"tablet":{"background-color":"var(--ast-global-color-5)","background-image":"","background-repeat":"repeat","background-position":"center center","background-size":"auto","background-attachment":"scroll","background-type":"","background-media":"","overlay-type":"","overlay-color":"","overlay-gradient":""},"mobile":{"background-color":"var(--ast-global-color-5)","background-image":"","background-repeat":"repeat","background-position":"center center","background-size":"auto","background-attachment":"scroll","background-type":"","background-media":"","overlay-type":"","overlay-color":"","overlay-gradient":""}}},"product_cat":[3265,3267],"product_tag":[],"acf":[],"yoast_head":"<!-- This site is optimized with the Yoast SEO plugin v22.5 - https:\/\/yoast.com\/wordpress\/plugins\/seo\/ -->\n<title>TRC111.080 - Chave Geral da Bateria 12\/24V - Top Relay<\/title>\n<meta name=\"robots\" content=\"index, follow, max-snippet:-1, max-image-preview:large, max-video-preview:-1\" \/>\n<link rel=\"canonical\" href=\"https:\/\/toprelay.com.br\/pt_br\/produto\/trc111-080-chave-geral-da-bateria-12-24v\/\" \/>\n<meta property=\"og:locale\" content=\"pt_BR\" \/>\n<meta property=\"og:type\" content=\"article\" \/>\n<meta property=\"og:title\" content=\"TRC111.080 - Chave Geral da Bateria 12\/24V - Top Relay\" \/>\n<meta property=\"og:description\" content=\"TRC111080 Chave Geral da Bateria 12\/24V 0005452508 Mercedes-Benz Atego, Axor, Actros, Accelo 710 TRC 111 080 0005458408 Mercedes-Benz Atego, Axor, Actros, Accelo 710 TRC111080 A3845457008 Mercedes-Benz Atego, Axor, Actros, Accelo 710 TRC111080 3845457008 Mercedes-Benz Atego, Axor, Actros, Accelo 710 TRC111.080 A3845457108 Mercedes-Benz Atego, Axor, Actros, Accelo 710 3845457108 Mercedes-Benz Atego, Axor, Actros, Accelo 710 A9585450108 [&hellip;]\" \/>\n<meta property=\"og:url\" content=\"https:\/\/toprelay.com.br\/pt_br\/produto\/trc111-080-chave-geral-da-bateria-12-24v\/\" \/>\n<meta property=\"og:site_name\" content=\"Top Relay\" \/>\n<meta property=\"article:modified_time\" content=\"2024-11-07T13:03:52+00:00\" \/>\n<meta property=\"og:image\" content=\"https:\/\/toprelay.com.br\/wp-content\/uploads\/2023\/10\/TRC111.080.jpg\" \/>\n\t<meta property=\"og:image:width\" content=\"735\" \/>\n\t<meta property=\"og:image:height\" content=\"963\" \/>\n\t<meta property=\"og:image:type\" content=\"image\/jpeg\" \/>\n<meta name=\"twitter:card\" content=\"summary_large_image\" \/>\n<meta name=\"twitter:label1\" content=\"Est. tempo de leitura\" \/>\n\t<meta name=\"twitter:data1\" content=\"2 minutos\" \/>\n<script type=\"application\/ld+json\" class=\"yoast-schema-graph\">{\"@context\":\"https:\/\/schema.org\",\"@graph\":[{\"@type\":\"WebPage\",\"@id\":\"https:\/\/toprelay.com.br\/produto\/trc111-080-chave-geral-da-bateria-12-24v\/\",\"url\":\"https:\/\/toprelay.com.br\/produto\/trc111-080-chave-geral-da-bateria-12-24v\/\",\"name\":\"TRC111.080 - Chave Geral da Bateria 12\/24V - Top Relay\",\"isPartOf\":{\"@id\":\"https:\/\/toprelay.com.br\/#website\"},\"primaryImageOfPage\":{\"@id\":\"https:\/\/toprelay.com.br\/produto\/trc111-080-chave-geral-da-bateria-12-24v\/#primaryimage\"},\"image\":{\"@id\":\"https:\/\/toprelay.com.br\/produto\/trc111-080-chave-geral-da-bateria-12-24v\/#primaryimage\"},\"thumbnailUrl\":\"https:\/\/toprelay.com.br\/wp-content\/uploads\/2023\/10\/TRC111.080.jpg\",\"datePublished\":\"2023-10-25T20:54:53+00:00\",\"dateModified\":\"2024-11-07T13:03:52+00:00\",\"breadcrumb\":{\"@id\":\"https:\/\/toprelay.com.br\/produto\/trc111-080-chave-geral-da-bateria-12-24v\/#breadcrumb\"},\"inLanguage\":\"pt-BR\",\"potentialAction\":[{\"@type\":\"ReadAction\",\"target\":[\"https:\/\/toprelay.com.br\/produto\/trc111-080-chave-geral-da-bateria-12-24v\/\"]}]},{\"@type\":\"ImageObject\",\"inLanguage\":\"pt-BR\",\"@id\":\"https:\/\/toprelay.com.br\/produto\/trc111-080-chave-geral-da-bateria-12-24v\/#primaryimage\",\"url\":\"https:\/\/toprelay.com.br\/wp-content\/uploads\/2023\/10\/TRC111.080.jpg\",\"contentUrl\":\"https:\/\/toprelay.com.br\/wp-content\/uploads\/2023\/10\/TRC111.080.jpg\",\"width\":735,\"height\":963},{\"@type\":\"BreadcrumbList\",\"@id\":\"https:\/\/toprelay.com.br\/produto\/trc111-080-chave-geral-da-bateria-12-24v\/#breadcrumb\",\"itemListElement\":[{\"@type\":\"ListItem\",\"position\":1,\"name\":\"In\u00edcio\",\"item\":\"https:\/\/toprelay.com.br\/pt_br\/\"},{\"@type\":\"ListItem\",\"position\":2,\"name\":\"Loja\",\"item\":\"https:\/\/toprelay.com.br\/loja\/\"},{\"@type\":\"ListItem\",\"position\":3,\"name\":\"TRC111.080 &#8211; Chave Geral da Bateria 12\/24V\"}]},{\"@type\":\"WebSite\",\"@id\":\"https:\/\/toprelay.com.br\/#website\",\"url\":\"https:\/\/toprelay.com.br\/\",\"name\":\"Top Relay\",\"description\":\"Rel\u00e9s Automotivos e Industriais\",\"publisher\":{\"@id\":\"https:\/\/toprelay.com.br\/#organization\"},\"potentialAction\":[{\"@type\":\"SearchAction\",\"target\":{\"@type\":\"EntryPoint\",\"urlTemplate\":\"https:\/\/toprelay.com.br\/?s={search_term_string}\"},\"query-input\":\"required name=search_term_string\"}],\"inLanguage\":\"pt-BR\"},{\"@type\":\"Organization\",\"@id\":\"https:\/\/toprelay.com.br\/#organization\",\"name\":\"Top Relay\",\"url\":\"https:\/\/toprelay.com.br\/\",\"logo\":{\"@type\":\"ImageObject\",\"inLanguage\":\"pt-BR\",\"@id\":\"https:\/\/toprelay.com.br\/#\/schema\/logo\/image\/\",\"url\":\"https:\/\/toprelay.com.br\/wp-content\/uploads\/2023\/08\/TOP-RELAY-LOGO-02.png\",\"contentUrl\":\"https:\/\/toprelay.com.br\/wp-content\/uploads\/2023\/08\/TOP-RELAY-LOGO-02.png\",\"width\":350,\"height\":71,\"caption\":\"Top Relay\"},\"image\":{\"@id\":\"https:\/\/toprelay.com.br\/#\/schema\/logo\/image\/\"}}]}<\/script>\n<!-- \/ Yoast SEO plugin. -->","yoast_head_json":{"title":"TRC111.080 - Chave Geral da Bateria 12\/24V - Top Relay","robots":{"index":"index","follow":"follow","max-snippet":"max-snippet:-1","max-image-preview":"max-image-preview:large","max-video-preview":"max-video-preview:-1"},"canonical":"https:\/\/toprelay.com.br\/pt_br\/produto\/trc111-080-chave-geral-da-bateria-12-24v\/","og_locale":"pt_BR","og_type":"article","og_title":"TRC111.080 - Chave Geral da Bateria 12\/24V - Top Relay","og_description":"TRC111080 Chave Geral da Bateria 12\/24V 0005452508 Mercedes-Benz Atego, Axor, Actros, Accelo 710 TRC 111 080 0005458408 Mercedes-Benz Atego, Axor, Actros, Accelo 710 TRC111080 A3845457008 Mercedes-Benz Atego, Axor, Actros, Accelo 710 TRC111080 3845457008 Mercedes-Benz Atego, Axor, Actros, Accelo 710 TRC111.080 A3845457108 Mercedes-Benz Atego, Axor, Actros, Accelo 710 3845457108 Mercedes-Benz Atego, Axor, Actros, Accelo 710 A9585450108 [&hellip;]","og_url":"https:\/\/toprelay.com.br\/pt_br\/produto\/trc111-080-chave-geral-da-bateria-12-24v\/","og_site_name":"Top Relay","article_modified_time":"2024-11-07T13:03:52+00:00","og_image":[{"width":735,"height":963,"url":"https:\/\/toprelay.com.br\/wp-content\/uploads\/2023\/10\/TRC111.080.jpg","type":"image\/jpeg"}],"twitter_card":"summary_large_image","twitter_misc":{"Est. tempo de leitura":"2 minutos"},"schema":{"@context":"https:\/\/schema.org","@graph":[{"@type":"WebPage","@id":"https:\/\/toprelay.com.br\/produto\/trc111-080-chave-geral-da-bateria-12-24v\/","url":"https:\/\/toprelay.com.br\/produto\/trc111-080-chave-geral-da-bateria-12-24v\/","name":"TRC111.080 - Chave Geral da Bateria 12\/24V - Top Relay","isPartOf":{"@id":"https:\/\/toprelay.com.br\/#website"},"primaryImageOfPage":{"@id":"https:\/\/toprelay.com.br\/produto\/trc111-080-chave-geral-da-bateria-12-24v\/#primaryimage"},"image":{"@id":"https:\/\/toprelay.com.br\/produto\/trc111-080-chave-geral-da-bateria-12-24v\/#primaryimage"},"thumbnailUrl":"https:\/\/toprelay.com.br\/wp-content\/uploads\/2023\/10\/TRC111.080.jpg","datePublished":"2023-10-25T20:54:53+00:00","dateModified":"2024-11-07T13:03:52+00:00","breadcrumb":{"@id":"https:\/\/toprelay.com.br\/produto\/trc111-080-chave-geral-da-bateria-12-24v\/#breadcrumb"},"inLanguage":"pt-BR","potentialAction":[{"@type":"ReadAction","target":["https:\/\/toprelay.com.br\/produto\/trc111-080-chave-geral-da-bateria-12-24v\/"]}]},{"@type":"ImageObject","inLanguage":"pt-BR","@id":"https:\/\/toprelay.com.br\/produto\/trc111-080-chave-geral-da-bateria-12-24v\/#primaryimage","url":"https:\/\/toprelay.com.br\/wp-content\/uploads\/2023\/10\/TRC111.080.jpg","contentUrl":"https:\/\/toprelay.com.br\/wp-content\/uploads\/2023\/10\/TRC111.080.jpg","width":735,"height":963},{"@type":"BreadcrumbList","@id":"https:\/\/toprelay.com.br\/produto\/trc111-080-chave-geral-da-bateria-12-24v\/#breadcrumb","itemListElement":[{"@type":"ListItem","position":1,"name":"In\u00edcio","item":"https:\/\/toprelay.com.br\/pt_br\/"},{"@type":"ListItem","position":2,"name":"Loja","item":"https:\/\/toprelay.com.br\/loja\/"},{"@type":"ListItem","position":3,"name":"TRC111.080 &#8211; Chave Geral da Bateria 12\/24V"}]},{"@type":"WebSite","@id":"https:\/\/toprelay.com.br\/#website","url":"https:\/\/toprelay.com.br\/","name":"Top Relay","description":"Rel\u00e9s Automotivos e Industriais","publisher":{"@id":"https:\/\/toprelay.com.br\/#organization"},"potentialAction":[{"@type":"SearchAction","target":{"@type":"EntryPoint","urlTemplate":"https:\/\/toprelay.com.br\/?s={search_term_string}"},"query-input":"required name=search_term_string"}],"inLanguage":"pt-BR"},{"@type":"Organization","@id":"https:\/\/toprelay.com.br\/#organization","name":"Top Relay","url":"https:\/\/toprelay.com.br\/","logo":{"@type":"ImageObject","inLanguage":"pt-BR","@id":"https:\/\/toprelay.com.br\/#\/schema\/logo\/image\/","url":"https:\/\/toprelay.com.br\/wp-content\/uploads\/2023\/08\/TOP-RELAY-LOGO-02.png","contentUrl":"https:\/\/toprelay.com.br\/wp-content\/uploads\/2023\/08\/TOP-RELAY-LOGO-02.png","width":350,"height":71,"caption":"Top Relay"},"image":{"@id":"https:\/\/toprelay.com.br\/#\/schema\/logo\/image\/"}}]}},"_links":{"self":[{"href":"https:\/\/toprelay.com.br\/pt_br\/wp-json\/wp\/v2\/product\/5211"}],"collection":[{"href":"https:\/\/toprelay.com.br\/pt_br\/wp-json\/wp\/v2\/product"}],"about":[{"href":"https:\/\/toprelay.com.br\/pt_br\/wp-json\/wp\/v2\/types\/product"}],"replies":[{"embeddable":true,"href":"https:\/\/toprelay.com.br\/pt_br\/wp-json\/wp\/v2\/comments?post=5211"}],"wp:featuredmedia":[{"embeddable":true,"href":"https:\/\/toprelay.com.br\/pt_br\/wp-json\/wp\/v2\/media\/5216"}],"wp:attachment":[{"href":"https:\/\/toprelay.com.br\/pt_br\/wp-json\/wp\/v2\/media?parent=5211"}],"wp:term":[{"taxonomy":"product_cat","embeddable":true,"href":"https:\/\/toprelay.com.br\/pt_br\/wp-json\/wp\/v2\/product_cat?post=5211"},{"taxonomy":"product_tag","embeddable":true,"href":"https:\/\/toprelay.com.br\/pt_br\/wp-json\/wp\/v2\/product_tag?post=5211"}],"curies":[{"name":"wp","href":"https:\/\/api.w.org\/{rel}","templated":true}]}}