{"id":10570,"date":"2026-03-11T15:20:51","date_gmt":"2026-03-11T18:20:51","guid":{"rendered":"https:\/\/toprelay.com.br\/?post_type=product&#038;p=10570"},"modified":"2026-03-11T15:32:53","modified_gmt":"2026-03-11T18:32:53","slug":"fusiveis-de-diodo-cinza","status":"publish","type":"product","link":"https:\/\/toprelay.com.br\/pt_br\/produto\/fusiveis-de-diodo-cinza\/","title":{"rendered":"Fus\u00edveis de Diodo &#8211; Cinza"},"content":{"rendered":"<p>C\u00f3digo Top Relay<br \/>\n<span class=\"a_GcMg font-feature-liga-off font-feature-clig-off font-feature-calt-off text-decoration-none text-strikethrough-none\">TRF 470.700<\/span><\/p>\n<p class=\"p1\">Fus\u00edvel de Diodo , 1A, \u00a0700V, Cinza<\/p>\n<p class=\"p1\"><b>Mercedes-Benz<br \/>\n<\/b><b><\/b>Caminh\u00f5es com central eletr\u00f4nica<\/p>\n<p class=\"p1\">Fus\u00edveis de Diodo \/ Diode Fuses \/ Fusibles de diodo<\/p>\n","protected":false},"excerpt":{"rendered":"<p>C\u00f3digo Top Relay TRF 470.700 Fus\u00edvel de Diodo , 1A, \u00a0700V, Cinza Mercedes-Benz Caminh\u00f5es com central eletr\u00f4nica Fus\u00edveis de Diodo \/ Diode Fuses \/ Fusibles de diodo<\/p>\n","protected":false},"featured_media":10571,"comment_status":"closed","ping_status":"closed","template":"","meta":{"_acf_changed":false,"content-type":"","_monsterinsights_skip_tracking":false,"_monsterinsights_sitenote_active":false,"_monsterinsights_sitenote_note":"","_monsterinsights_sitenote_category":0,"site-sidebar-layout":"default","site-content-layout":"","ast-site-content-layout":"default","site-content-style":"default","site-sidebar-style":"default","ast-global-header-display":"","ast-banner-title-visibility":"","ast-main-header-display":"","ast-hfb-above-header-display":"","ast-hfb-below-header-display":"","ast-hfb-mobile-header-display":"","site-post-title":"","ast-breadcrumbs-content":"","ast-featured-img":"","footer-sml-layout":"","theme-transparent-header-meta":"default","adv-header-id-meta":"","stick-header-meta":"","header-above-stick-meta":"","header-main-stick-meta":"","header-below-stick-meta":"","astra-migrate-meta-layouts":"set","ast-page-background-enabled":"default","ast-page-background-meta":{"desktop":{"background-color":"var(--ast-global-color-4)","background-image":"","background-repeat":"repeat","background-position":"center center","background-size":"auto","background-attachment":"scroll","background-type":"","background-media":"","overlay-type":"","overlay-color":"","overlay-gradient":""},"tablet":{"background-color":"","background-image":"","background-repeat":"repeat","background-position":"center center","background-size":"auto","background-attachment":"scroll","background-type":"","background-media":"","overlay-type":"","overlay-color":"","overlay-gradient":""},"mobile":{"background-color":"","background-image":"","background-repeat":"repeat","background-position":"center center","background-size":"auto","background-attachment":"scroll","background-type":"","background-media":"","overlay-type":"","overlay-color":"","overlay-gradient":""}},"ast-content-background-meta":{"desktop":{"background-color":"var(--ast-global-color-5)","background-image":"","background-repeat":"repeat","background-position":"center center","background-size":"auto","background-attachment":"scroll","background-type":"","background-media":"","overlay-type":"","overlay-color":"","overlay-gradient":""},"tablet":{"background-color":"var(--ast-global-color-5)","background-image":"","background-repeat":"repeat","background-position":"center center","background-size":"auto","background-attachment":"scroll","background-type":"","background-media":"","overlay-type":"","overlay-color":"","overlay-gradient":""},"mobile":{"background-color":"var(--ast-global-color-5)","background-image":"","background-repeat":"repeat","background-position":"center center","background-size":"auto","background-attachment":"scroll","background-type":"","background-media":"","overlay-type":"","overlay-color":"","overlay-gradient":""}}},"product_cat":[3454,3468],"product_tag":[3489,3486,3487,3488,3490],"acf":[],"yoast_head":"<!-- This site is optimized with the Yoast SEO plugin v22.5 - https:\/\/yoast.com\/wordpress\/plugins\/seo\/ -->\n<title>Fus\u00edveis de Diodo - Cinza - Top Relay<\/title>\n<meta name=\"description\" content=\"A Top Relay \u00e9 uma empresa l\u00edder na ind\u00fastria de rel\u00e9s, especializada em projetar, desenvolver, fabricar e testar uma ampla gama de produtos automotivos, agr\u00edcolas e industriais. Com foco em inova\u00e7\u00e3o e qualidade, a empresa oferece solu\u00e7\u00f5es abrangentes em rel\u00e9s, incluindo Minirreles, Rel\u00e9s Auxiliares, Rel\u00e9s de Farol, Rel\u00e9s de Pisca, Rel\u00e9s de Placa, Rel\u00e9s Eletr\u00f4nicos e Rel\u00e9s Soquetados. Sua dedica\u00e7\u00e3o \u00e0 excel\u00eancia e expertise no setor a tornam a escolha ideal para atender \u00e0s necessidades de seus clientes no mundo automotivo e industrial.\" \/>\n<meta name=\"robots\" content=\"index, follow, max-snippet:-1, max-image-preview:large, max-video-preview:-1\" \/>\n<link rel=\"canonical\" href=\"https:\/\/toprelay.com.br\/pt_br\/produto\/fusiveis-de-diodo-cinza\/\" \/>\n<meta property=\"og:locale\" content=\"pt_BR\" \/>\n<meta property=\"og:type\" content=\"article\" \/>\n<meta property=\"og:title\" content=\"Fus\u00edveis de Diodo - Cinza - Top Relay\" \/>\n<meta property=\"og:description\" content=\"A Top Relay \u00e9 uma empresa l\u00edder na ind\u00fastria de rel\u00e9s, especializada em projetar, desenvolver, fabricar e testar uma ampla gama de produtos automotivos, agr\u00edcolas e industriais. Com foco em inova\u00e7\u00e3o e qualidade, a empresa oferece solu\u00e7\u00f5es abrangentes em rel\u00e9s, incluindo Minirreles, Rel\u00e9s Auxiliares, Rel\u00e9s de Farol, Rel\u00e9s de Pisca, Rel\u00e9s de Placa, Rel\u00e9s Eletr\u00f4nicos e Rel\u00e9s Soquetados. Sua dedica\u00e7\u00e3o \u00e0 excel\u00eancia e expertise no setor a tornam a escolha ideal para atender \u00e0s necessidades de seus clientes no mundo automotivo e industrial.\" \/>\n<meta property=\"og:url\" content=\"https:\/\/toprelay.com.br\/pt_br\/produto\/fusiveis-de-diodo-cinza\/\" \/>\n<meta property=\"og:site_name\" content=\"Top Relay\" \/>\n<meta property=\"article:modified_time\" content=\"2026-03-11T18:32:53+00:00\" \/>\n<meta property=\"og:image\" content=\"https:\/\/toprelay.com.br\/wp-content\/uploads\/2026\/03\/TRF470700.jpg\" \/>\n\t<meta property=\"og:image:width\" content=\"800\" \/>\n\t<meta property=\"og:image:height\" content=\"800\" \/>\n\t<meta property=\"og:image:type\" content=\"image\/jpeg\" \/>\n<meta name=\"twitter:card\" content=\"summary_large_image\" \/>\n<meta name=\"twitter:label1\" content=\"Est. tempo de leitura\" \/>\n\t<meta name=\"twitter:data1\" content=\"1 minuto\" \/>\n<script type=\"application\/ld+json\" class=\"yoast-schema-graph\">{\"@context\":\"https:\/\/schema.org\",\"@graph\":[{\"@type\":\"WebPage\",\"@id\":\"https:\/\/toprelay.com.br\/produto\/fusiveis-de-diodo-cinza\/\",\"url\":\"https:\/\/toprelay.com.br\/produto\/fusiveis-de-diodo-cinza\/\",\"name\":\"Fus\u00edveis de Diodo - Cinza - Top Relay\",\"isPartOf\":{\"@id\":\"https:\/\/toprelay.com.br\/#website\"},\"primaryImageOfPage\":{\"@id\":\"https:\/\/toprelay.com.br\/produto\/fusiveis-de-diodo-cinza\/#primaryimage\"},\"image\":{\"@id\":\"https:\/\/toprelay.com.br\/produto\/fusiveis-de-diodo-cinza\/#primaryimage\"},\"thumbnailUrl\":\"https:\/\/toprelay.com.br\/wp-content\/uploads\/2026\/03\/TRF470700.jpg\",\"datePublished\":\"2026-03-11T18:20:51+00:00\",\"dateModified\":\"2026-03-11T18:32:53+00:00\",\"description\":\"A Top Relay \u00e9 uma empresa l\u00edder na ind\u00fastria de rel\u00e9s, especializada em projetar, desenvolver, fabricar e testar uma ampla gama de produtos automotivos, agr\u00edcolas e industriais. Com foco em inova\u00e7\u00e3o e qualidade, a empresa oferece solu\u00e7\u00f5es abrangentes em rel\u00e9s, incluindo Minirreles, Rel\u00e9s Auxiliares, Rel\u00e9s de Farol, Rel\u00e9s de Pisca, Rel\u00e9s de Placa, Rel\u00e9s Eletr\u00f4nicos e Rel\u00e9s Soquetados. Sua dedica\u00e7\u00e3o \u00e0 excel\u00eancia e expertise no setor a tornam a escolha ideal para atender \u00e0s necessidades de seus clientes no mundo automotivo e industrial.\",\"breadcrumb\":{\"@id\":\"https:\/\/toprelay.com.br\/produto\/fusiveis-de-diodo-cinza\/#breadcrumb\"},\"inLanguage\":\"pt-BR\",\"potentialAction\":[{\"@type\":\"ReadAction\",\"target\":[\"https:\/\/toprelay.com.br\/produto\/fusiveis-de-diodo-cinza\/\"]}]},{\"@type\":\"ImageObject\",\"inLanguage\":\"pt-BR\",\"@id\":\"https:\/\/toprelay.com.br\/produto\/fusiveis-de-diodo-cinza\/#primaryimage\",\"url\":\"https:\/\/toprelay.com.br\/wp-content\/uploads\/2026\/03\/TRF470700.jpg\",\"contentUrl\":\"https:\/\/toprelay.com.br\/wp-content\/uploads\/2026\/03\/TRF470700.jpg\",\"width\":800,\"height\":800},{\"@type\":\"BreadcrumbList\",\"@id\":\"https:\/\/toprelay.com.br\/produto\/fusiveis-de-diodo-cinza\/#breadcrumb\",\"itemListElement\":[{\"@type\":\"ListItem\",\"position\":1,\"name\":\"In\u00edcio\",\"item\":\"https:\/\/toprelay.com.br\/pt_br\/\"},{\"@type\":\"ListItem\",\"position\":2,\"name\":\"Loja\",\"item\":\"https:\/\/toprelay.com.br\/loja\/\"},{\"@type\":\"ListItem\",\"position\":3,\"name\":\"Fus\u00edveis de Diodo &#8211; Cinza\"}]},{\"@type\":\"WebSite\",\"@id\":\"https:\/\/toprelay.com.br\/#website\",\"url\":\"https:\/\/toprelay.com.br\/\",\"name\":\"Top Relay\",\"description\":\"Rel\u00e9s Automotivos e Industriais\",\"publisher\":{\"@id\":\"https:\/\/toprelay.com.br\/#organization\"},\"potentialAction\":[{\"@type\":\"SearchAction\",\"target\":{\"@type\":\"EntryPoint\",\"urlTemplate\":\"https:\/\/toprelay.com.br\/?s={search_term_string}\"},\"query-input\":\"required name=search_term_string\"}],\"inLanguage\":\"pt-BR\"},{\"@type\":\"Organization\",\"@id\":\"https:\/\/toprelay.com.br\/#organization\",\"name\":\"Top Relay\",\"url\":\"https:\/\/toprelay.com.br\/\",\"logo\":{\"@type\":\"ImageObject\",\"inLanguage\":\"pt-BR\",\"@id\":\"https:\/\/toprelay.com.br\/#\/schema\/logo\/image\/\",\"url\":\"https:\/\/toprelay.com.br\/wp-content\/uploads\/2023\/08\/TOP-RELAY-LOGO-02.png\",\"contentUrl\":\"https:\/\/toprelay.com.br\/wp-content\/uploads\/2023\/08\/TOP-RELAY-LOGO-02.png\",\"width\":350,\"height\":71,\"caption\":\"Top Relay\"},\"image\":{\"@id\":\"https:\/\/toprelay.com.br\/#\/schema\/logo\/image\/\"}}]}<\/script>\n<!-- \/ Yoast SEO plugin. -->","yoast_head_json":{"title":"Fus\u00edveis de Diodo - Cinza - Top Relay","description":"A Top Relay \u00e9 uma empresa l\u00edder na ind\u00fastria de rel\u00e9s, especializada em projetar, desenvolver, fabricar e testar uma ampla gama de produtos automotivos, agr\u00edcolas e industriais. Com foco em inova\u00e7\u00e3o e qualidade, a empresa oferece solu\u00e7\u00f5es abrangentes em rel\u00e9s, incluindo Minirreles, Rel\u00e9s Auxiliares, Rel\u00e9s de Farol, Rel\u00e9s de Pisca, Rel\u00e9s de Placa, Rel\u00e9s Eletr\u00f4nicos e Rel\u00e9s Soquetados. Sua dedica\u00e7\u00e3o \u00e0 excel\u00eancia e expertise no setor a tornam a escolha ideal para atender \u00e0s necessidades de seus clientes no mundo automotivo e industrial.","robots":{"index":"index","follow":"follow","max-snippet":"max-snippet:-1","max-image-preview":"max-image-preview:large","max-video-preview":"max-video-preview:-1"},"canonical":"https:\/\/toprelay.com.br\/pt_br\/produto\/fusiveis-de-diodo-cinza\/","og_locale":"pt_BR","og_type":"article","og_title":"Fus\u00edveis de Diodo - Cinza - Top Relay","og_description":"A Top Relay \u00e9 uma empresa l\u00edder na ind\u00fastria de rel\u00e9s, especializada em projetar, desenvolver, fabricar e testar uma ampla gama de produtos automotivos, agr\u00edcolas e industriais. Com foco em inova\u00e7\u00e3o e qualidade, a empresa oferece solu\u00e7\u00f5es abrangentes em rel\u00e9s, incluindo Minirreles, Rel\u00e9s Auxiliares, Rel\u00e9s de Farol, Rel\u00e9s de Pisca, Rel\u00e9s de Placa, Rel\u00e9s Eletr\u00f4nicos e Rel\u00e9s Soquetados. Sua dedica\u00e7\u00e3o \u00e0 excel\u00eancia e expertise no setor a tornam a escolha ideal para atender \u00e0s necessidades de seus clientes no mundo automotivo e industrial.","og_url":"https:\/\/toprelay.com.br\/pt_br\/produto\/fusiveis-de-diodo-cinza\/","og_site_name":"Top Relay","article_modified_time":"2026-03-11T18:32:53+00:00","og_image":[{"width":800,"height":800,"url":"https:\/\/toprelay.com.br\/wp-content\/uploads\/2026\/03\/TRF470700.jpg","type":"image\/jpeg"}],"twitter_card":"summary_large_image","twitter_misc":{"Est. tempo de leitura":"1 minuto"},"schema":{"@context":"https:\/\/schema.org","@graph":[{"@type":"WebPage","@id":"https:\/\/toprelay.com.br\/produto\/fusiveis-de-diodo-cinza\/","url":"https:\/\/toprelay.com.br\/produto\/fusiveis-de-diodo-cinza\/","name":"Fus\u00edveis de Diodo - Cinza - Top Relay","isPartOf":{"@id":"https:\/\/toprelay.com.br\/#website"},"primaryImageOfPage":{"@id":"https:\/\/toprelay.com.br\/produto\/fusiveis-de-diodo-cinza\/#primaryimage"},"image":{"@id":"https:\/\/toprelay.com.br\/produto\/fusiveis-de-diodo-cinza\/#primaryimage"},"thumbnailUrl":"https:\/\/toprelay.com.br\/wp-content\/uploads\/2026\/03\/TRF470700.jpg","datePublished":"2026-03-11T18:20:51+00:00","dateModified":"2026-03-11T18:32:53+00:00","description":"A Top Relay \u00e9 uma empresa l\u00edder na ind\u00fastria de rel\u00e9s, especializada em projetar, desenvolver, fabricar e testar uma ampla gama de produtos automotivos, agr\u00edcolas e industriais. Com foco em inova\u00e7\u00e3o e qualidade, a empresa oferece solu\u00e7\u00f5es abrangentes em rel\u00e9s, incluindo Minirreles, Rel\u00e9s Auxiliares, Rel\u00e9s de Farol, Rel\u00e9s de Pisca, Rel\u00e9s de Placa, Rel\u00e9s Eletr\u00f4nicos e Rel\u00e9s Soquetados. Sua dedica\u00e7\u00e3o \u00e0 excel\u00eancia e expertise no setor a tornam a escolha ideal para atender \u00e0s necessidades de seus clientes no mundo automotivo e industrial.","breadcrumb":{"@id":"https:\/\/toprelay.com.br\/produto\/fusiveis-de-diodo-cinza\/#breadcrumb"},"inLanguage":"pt-BR","potentialAction":[{"@type":"ReadAction","target":["https:\/\/toprelay.com.br\/produto\/fusiveis-de-diodo-cinza\/"]}]},{"@type":"ImageObject","inLanguage":"pt-BR","@id":"https:\/\/toprelay.com.br\/produto\/fusiveis-de-diodo-cinza\/#primaryimage","url":"https:\/\/toprelay.com.br\/wp-content\/uploads\/2026\/03\/TRF470700.jpg","contentUrl":"https:\/\/toprelay.com.br\/wp-content\/uploads\/2026\/03\/TRF470700.jpg","width":800,"height":800},{"@type":"BreadcrumbList","@id":"https:\/\/toprelay.com.br\/produto\/fusiveis-de-diodo-cinza\/#breadcrumb","itemListElement":[{"@type":"ListItem","position":1,"name":"In\u00edcio","item":"https:\/\/toprelay.com.br\/pt_br\/"},{"@type":"ListItem","position":2,"name":"Loja","item":"https:\/\/toprelay.com.br\/loja\/"},{"@type":"ListItem","position":3,"name":"Fus\u00edveis de Diodo &#8211; Cinza"}]},{"@type":"WebSite","@id":"https:\/\/toprelay.com.br\/#website","url":"https:\/\/toprelay.com.br\/","name":"Top Relay","description":"Rel\u00e9s Automotivos e Industriais","publisher":{"@id":"https:\/\/toprelay.com.br\/#organization"},"potentialAction":[{"@type":"SearchAction","target":{"@type":"EntryPoint","urlTemplate":"https:\/\/toprelay.com.br\/?s={search_term_string}"},"query-input":"required name=search_term_string"}],"inLanguage":"pt-BR"},{"@type":"Organization","@id":"https:\/\/toprelay.com.br\/#organization","name":"Top Relay","url":"https:\/\/toprelay.com.br\/","logo":{"@type":"ImageObject","inLanguage":"pt-BR","@id":"https:\/\/toprelay.com.br\/#\/schema\/logo\/image\/","url":"https:\/\/toprelay.com.br\/wp-content\/uploads\/2023\/08\/TOP-RELAY-LOGO-02.png","contentUrl":"https:\/\/toprelay.com.br\/wp-content\/uploads\/2023\/08\/TOP-RELAY-LOGO-02.png","width":350,"height":71,"caption":"Top Relay"},"image":{"@id":"https:\/\/toprelay.com.br\/#\/schema\/logo\/image\/"}}]}},"_links":{"self":[{"href":"https:\/\/toprelay.com.br\/pt_br\/wp-json\/wp\/v2\/product\/10570"}],"collection":[{"href":"https:\/\/toprelay.com.br\/pt_br\/wp-json\/wp\/v2\/product"}],"about":[{"href":"https:\/\/toprelay.com.br\/pt_br\/wp-json\/wp\/v2\/types\/product"}],"replies":[{"embeddable":true,"href":"https:\/\/toprelay.com.br\/pt_br\/wp-json\/wp\/v2\/comments?post=10570"}],"wp:featuredmedia":[{"embeddable":true,"href":"https:\/\/toprelay.com.br\/pt_br\/wp-json\/wp\/v2\/media\/10571"}],"wp:attachment":[{"href":"https:\/\/toprelay.com.br\/pt_br\/wp-json\/wp\/v2\/media?parent=10570"}],"wp:term":[{"taxonomy":"product_cat","embeddable":true,"href":"https:\/\/toprelay.com.br\/pt_br\/wp-json\/wp\/v2\/product_cat?post=10570"},{"taxonomy":"product_tag","embeddable":true,"href":"https:\/\/toprelay.com.br\/pt_br\/wp-json\/wp\/v2\/product_tag?post=10570"}],"curies":[{"name":"wp","href":"https:\/\/api.w.org\/{rel}","templated":true}]}}