{"id":28,"date":"2016-11-28T14:33:39","date_gmt":"2016-11-28T16:33:39","guid":{"rendered":"http:\/\/www.agenciaweber.com.br\/arquivos\/desenvolvimento\/toprelay\/?page_id=28"},"modified":"2025-11-10T19:28:28","modified_gmt":"2025-11-10T22:28:28","slug":"representantes-internacionais","status":"publish","type":"page","link":"https:\/\/toprelay.com.br\/pt_br\/representantes-internacionais\/","title":{"rendered":"Representantes Internacionais"},"content":{"rendered":"\t\t<div data-elementor-type=\"wp-page\" data-elementor-id=\"28\" class=\"elementor elementor-28\" data-elementor-post-type=\"page\">\n\t\t\t\t<div class=\"elementor-element elementor-element-812acca e-flex e-con-boxed wpr-particle-no wpr-jarallax-no wpr-parallax-no wpr-sticky-section-no e-con e-parent\" data-id=\"812acca\" data-element_type=\"container\" data-settings=\"{&quot;background_background&quot;:&quot;classic&quot;}\">\n\t\t\t\t\t<div class=\"e-con-inner\">\n\t\t\t\t<div class=\"elementor-element elementor-element-219318f elementor-widget elementor-widget-heading\" data-id=\"219318f\" data-element_type=\"widget\" data-widget_type=\"heading.default\">\n\t\t\t\t<div class=\"elementor-widget-container\">\n\t\t\t<style>\/*! elementor - v3.21.0 - 18-04-2024 *\/\n.elementor-heading-title{padding:0;margin:0;line-height:1}.elementor-widget-heading .elementor-heading-title[class*=elementor-size-]>a{color:inherit;font-size:inherit;line-height:inherit}.elementor-widget-heading .elementor-heading-title.elementor-size-small{font-size:15px}.elementor-widget-heading .elementor-heading-title.elementor-size-medium{font-size:19px}.elementor-widget-heading .elementor-heading-title.elementor-size-large{font-size:29px}.elementor-widget-heading .elementor-heading-title.elementor-size-xl{font-size:39px}.elementor-widget-heading .elementor-heading-title.elementor-size-xxl{font-size:59px}<\/style><h2 class=\"elementor-heading-title elementor-size-default\">Representantes Internacionais<\/h2>\t\t<\/div>\n\t\t\t\t<\/div>\n\t\t\t\t\t<\/div>\n\t\t\t\t<\/div>\n\t\t<div class=\"elementor-element elementor-element-70e30f14 e-flex e-con-boxed wpr-particle-no wpr-jarallax-no wpr-parallax-no wpr-sticky-section-no e-con e-parent\" data-id=\"70e30f14\" data-element_type=\"container\">\n\t\t\t\t\t<div class=\"e-con-inner\">\n\t\t<div class=\"elementor-element elementor-element-58765a7 e-flex e-con-boxed wpr-particle-no wpr-jarallax-no wpr-parallax-no wpr-sticky-section-no e-con e-child\" data-id=\"58765a7\" data-element_type=\"container\">\n\t\t\t\t\t<div class=\"e-con-inner\">\n\t\t\t\t<div class=\"elementor-element elementor-element-8c67246 elementor-widget elementor-widget-image\" data-id=\"8c67246\" data-element_type=\"widget\" data-widget_type=\"image.default\">\n\t\t\t\t<div class=\"elementor-widget-container\">\n\t\t\t<style>\/*! elementor - v3.21.0 - 18-04-2024 *\/\n.elementor-widget-image{text-align:center}.elementor-widget-image a{display:inline-block}.elementor-widget-image a img[src$=\".svg\"]{width:48px}.elementor-widget-image img{vertical-align:middle;display:inline-block}<\/style>\t\t\t\t\t\t\t\t\t\t<img fetchpriority=\"high\" decoding=\"async\" width=\"800\" height=\"533\" src=\"https:\/\/toprelay.com.br\/wp-content\/uploads\/2023\/12\/colombia-flag.webp\" class=\"attachment-full size-full wp-image-9285\" alt=\"\" srcset=\"https:\/\/toprelay.com.br\/wp-content\/uploads\/2023\/12\/colombia-flag.webp 800w, https:\/\/toprelay.com.br\/wp-content\/uploads\/2023\/12\/colombia-flag-300x200.webp 300w, https:\/\/toprelay.com.br\/wp-content\/uploads\/2023\/12\/colombia-flag-768x512.webp 768w, https:\/\/toprelay.com.br\/wp-content\/uploads\/2023\/12\/colombia-flag-18x12.webp 18w, https:\/\/toprelay.com.br\/wp-content\/uploads\/2023\/12\/colombia-flag-500x333.webp 500w, https:\/\/toprelay.com.br\/wp-content\/uploads\/2023\/12\/colombia-flag-64x43.webp 64w\" sizes=\"(max-width: 800px) 100vw, 800px\" \/>\t\t\t\t\t\t\t\t\t\t\t\t\t<\/div>\n\t\t\t\t<\/div>\n\t\t\t\t<div class=\"elementor-element elementor-element-94a1936 elementor-widget elementor-widget-heading\" data-id=\"94a1936\" data-element_type=\"widget\" data-widget_type=\"heading.default\">\n\t\t\t\t<div class=\"elementor-widget-container\">\n\t\t\t<h2 class=\"elementor-heading-title elementor-size-default\">Col\u00f4mbia<\/h2>\t\t<\/div>\n\t\t\t\t<\/div>\n\t\t\t\t<div class=\"elementor-element elementor-element-b289a4a elementor-widget elementor-widget-text-editor\" data-id=\"b289a4a\" data-element_type=\"widget\" data-widget_type=\"text-editor.default\">\n\t\t\t\t<div class=\"elementor-widget-container\">\n\t\t\t<style>\/*! elementor - v3.21.0 - 18-04-2024 *\/\n.elementor-widget-text-editor.elementor-drop-cap-view-stacked .elementor-drop-cap{background-color:#69727d;color:#fff}.elementor-widget-text-editor.elementor-drop-cap-view-framed .elementor-drop-cap{color:#69727d;border:3px solid;background-color:transparent}.elementor-widget-text-editor:not(.elementor-drop-cap-view-default) .elementor-drop-cap{margin-top:8px}.elementor-widget-text-editor:not(.elementor-drop-cap-view-default) .elementor-drop-cap-letter{width:1em;height:1em}.elementor-widget-text-editor .elementor-drop-cap{float:left;text-align:center;line-height:1;font-size:50px}.elementor-widget-text-editor .elementor-drop-cap-letter{display:inline-block}<\/style>\t\t\t\t<p><strong><span style=\"color: #000080;\">REHISPANA LTDA<\/span><\/strong> <br \/>Tel: +57 (317) 787-2316 <br \/>Sr. Jorge Mora Jr.<br \/><a href=\"mailto:jakore@rehispana.com.co\">jakore@rehispana.com.co<\/a><\/p>\t\t\t\t\t\t<\/div>\n\t\t\t\t<\/div>\n\t\t\t\t\t<\/div>\n\t\t\t\t<\/div>\n\t\t<div class=\"elementor-element elementor-element-dbc2f85 e-flex e-con-boxed wpr-particle-no wpr-jarallax-no wpr-parallax-no wpr-sticky-section-no e-con e-child\" data-id=\"dbc2f85\" data-element_type=\"container\">\n\t\t\t\t\t<div class=\"e-con-inner\">\n\t\t\t\t<div class=\"elementor-element elementor-element-e87f88a elementor-widget elementor-widget-image\" data-id=\"e87f88a\" data-element_type=\"widget\" data-widget_type=\"image.default\">\n\t\t\t\t<div class=\"elementor-widget-container\">\n\t\t\t\t\t\t\t\t\t\t\t\t\t<img decoding=\"async\" width=\"612\" height=\"408\" src=\"https:\/\/toprelay.com.br\/wp-content\/uploads\/2025\/11\/bandeira_mexico.jpg\" class=\"attachment-full size-full wp-image-10534\" alt=\"\" srcset=\"https:\/\/toprelay.com.br\/wp-content\/uploads\/2025\/11\/bandeira_mexico.jpg 612w, https:\/\/toprelay.com.br\/wp-content\/uploads\/2025\/11\/bandeira_mexico-300x200.jpg 300w, https:\/\/toprelay.com.br\/wp-content\/uploads\/2025\/11\/bandeira_mexico-18x12.jpg 18w, https:\/\/toprelay.com.br\/wp-content\/uploads\/2025\/11\/bandeira_mexico-500x333.jpg 500w, https:\/\/toprelay.com.br\/wp-content\/uploads\/2025\/11\/bandeira_mexico-64x43.jpg 64w\" sizes=\"(max-width: 612px) 100vw, 612px\" \/>\t\t\t\t\t\t\t\t\t\t\t\t\t<\/div>\n\t\t\t\t<\/div>\n\t\t\t\t<div class=\"elementor-element elementor-element-49321af elementor-widget elementor-widget-heading\" data-id=\"49321af\" data-element_type=\"widget\" data-widget_type=\"heading.default\">\n\t\t\t\t<div class=\"elementor-widget-container\">\n\t\t\t<h2 class=\"elementor-heading-title elementor-size-default\">M\u00e9xico<\/h2>\t\t<\/div>\n\t\t\t\t<\/div>\n\t\t\t\t<div class=\"elementor-element elementor-element-9b79987 elementor-widget elementor-widget-text-editor\" data-id=\"9b79987\" data-element_type=\"widget\" data-widget_type=\"text-editor.default\">\n\t\t\t\t<div class=\"elementor-widget-container\">\n\t\t\t\t\t\t\t<p><span style=\"color: #000080;\"><b>Service &amp; Special Solutions<\/b><\/span><\/p><p>Sr. Ricardo Garc\u00eda<br \/>Tel : + 52 33 1077 6616<br \/><a href=\"mailto:contacto@sso.com.mx\">contacto@sso.com.mx<\/a><\/p>\t\t\t\t\t\t<\/div>\n\t\t\t\t<\/div>\n\t\t\t\t\t<\/div>\n\t\t\t\t<\/div>\n\t\t\t\t\t<\/div>\n\t\t\t\t<\/div>\n\t\t<div class=\"elementor-element elementor-element-de0787f e-flex e-con-boxed wpr-particle-no wpr-jarallax-no wpr-parallax-no wpr-sticky-section-no e-con e-parent\" data-id=\"de0787f\" data-element_type=\"container\">\n\t\t\t\t\t<div class=\"e-con-inner\">\n\t\t<div class=\"elementor-element elementor-element-5382206 e-flex e-con-boxed wpr-particle-no wpr-jarallax-no wpr-parallax-no wpr-sticky-section-no e-con e-child\" data-id=\"5382206\" data-element_type=\"container\">\n\t\t\t\t\t<div class=\"e-con-inner\">\n\t\t\t\t<div class=\"elementor-element elementor-element-7dd188e elementor-widget elementor-widget-image\" data-id=\"7dd188e\" data-element_type=\"widget\" data-widget_type=\"image.default\">\n\t\t\t\t<div class=\"elementor-widget-container\">\n\t\t\t\t\t\t\t\t\t\t\t\t\t<img decoding=\"async\" width=\"255\" height=\"170\" src=\"https:\/\/toprelay.com.br\/wp-content\/uploads\/2023\/12\/Flag_of_CARICOM.svg.png\" class=\"attachment-full size-full wp-image-9295\" alt=\"\" srcset=\"https:\/\/toprelay.com.br\/wp-content\/uploads\/2023\/12\/Flag_of_CARICOM.svg.png 255w, https:\/\/toprelay.com.br\/wp-content\/uploads\/2023\/12\/Flag_of_CARICOM.svg-18x12.png 18w, https:\/\/toprelay.com.br\/wp-content\/uploads\/2023\/12\/Flag_of_CARICOM.svg-64x43.png 64w\" sizes=\"(max-width: 255px) 100vw, 255px\" \/>\t\t\t\t\t\t\t\t\t\t\t\t\t<\/div>\n\t\t\t\t<\/div>\n\t\t\t\t<div class=\"elementor-element elementor-element-41f95ef elementor-widget elementor-widget-heading\" data-id=\"41f95ef\" data-element_type=\"widget\" data-widget_type=\"heading.default\">\n\t\t\t\t<div class=\"elementor-widget-container\">\n\t\t\t<h2 class=\"elementor-heading-title elementor-size-default\">Caribe<\/h2>\t\t<\/div>\n\t\t\t\t<\/div>\n\t\t\t\t<div class=\"elementor-element elementor-element-d7de8df elementor-widget elementor-widget-text-editor\" data-id=\"d7de8df\" data-element_type=\"widget\" data-widget_type=\"text-editor.default\">\n\t\t\t\t<div class=\"elementor-widget-container\">\n\t\t\t\t\t\t\t<p><strong>Gama Franco Consultoria Ltda.<\/strong><br \/>Sr. Carlos A.G. Franco<br \/>Tel: + 55 (11) 99364-8557<br \/><a href=\"mailto:gamafranco@uol.com.br\">gamafranco@uol.com.br<\/a><\/p>\t\t\t\t\t\t<\/div>\n\t\t\t\t<\/div>\n\t\t\t\t\t<\/div>\n\t\t\t\t<\/div>\n\t\t<div class=\"elementor-element elementor-element-daf6269 e-flex e-con-boxed wpr-particle-no wpr-jarallax-no wpr-parallax-no wpr-sticky-section-no e-con e-child\" data-id=\"daf6269\" data-element_type=\"container\">\n\t\t\t\t\t<div class=\"e-con-inner\">\n\t\t\t\t\t<\/div>\n\t\t\t\t<\/div>\n\t\t\t\t\t<\/div>\n\t\t\t\t<\/div>\n\t\t\t\t<\/div>\n\t\t","protected":false},"excerpt":{"rendered":"<p>Representantes Internacionais Col\u00f4mbia REHISPANA LTDA Tel: +57 (317) 787-2316 Sr. Jorge Mora Jr.jakore@rehispana.com.co M\u00e9xico Service &amp; Special Solutions Sr. Ricardo Garc\u00edaTel : + 52 33 1077 6616contacto@sso.com.mx Caribe Gama Franco Consultoria Ltda.Sr. Carlos A.G. FrancoTel: + 55 (11) 99364-8557gamafranco@uol.com.br<\/p>\n","protected":false},"author":1,"featured_media":0,"parent":0,"menu_order":0,"comment_status":"closed","ping_status":"closed","template":"elementor_header_footer","meta":{"_acf_changed":false,"content-type":"","_monsterinsights_skip_tracking":false,"_monsterinsights_sitenote_active":false,"_monsterinsights_sitenote_note":"","_monsterinsights_sitenote_category":0,"site-sidebar-layout":"default","site-content-layout":"","ast-site-content-layout":"","site-content-style":"default","site-sidebar-style":"default","ast-global-header-display":"","ast-banner-title-visibility":"","ast-main-header-display":"","ast-hfb-above-header-display":"","ast-hfb-below-header-display":"","ast-hfb-mobile-header-display":"","site-post-title":"","ast-breadcrumbs-content":"","ast-featured-img":"","footer-sml-layout":"","theme-transparent-header-meta":"","adv-header-id-meta":"","stick-header-meta":"","header-above-stick-meta":"","header-main-stick-meta":"","header-below-stick-meta":"","astra-migrate-meta-layouts":"default","ast-page-background-enabled":"default","ast-page-background-meta":{"desktop":{"background-color":"var(--ast-global-color-4)","background-image":"","background-repeat":"repeat","background-position":"center center","background-size":"auto","background-attachment":"scroll","background-type":"","background-media":"","overlay-type":"","overlay-color":"","overlay-gradient":""},"tablet":{"background-color":"","background-image":"","background-repeat":"repeat","background-position":"center center","background-size":"auto","background-attachment":"scroll","background-type":"","background-media":"","overlay-type":"","overlay-color":"","overlay-gradient":""},"mobile":{"background-color":"","background-image":"","background-repeat":"repeat","background-position":"center center","background-size":"auto","background-attachment":"scroll","background-type":"","background-media":"","overlay-type":"","overlay-color":"","overlay-gradient":""}},"ast-content-background-meta":{"desktop":{"background-color":"var(--ast-global-color-5)","background-image":"","background-repeat":"repeat","background-position":"center center","background-size":"auto","background-attachment":"scroll","background-type":"","background-media":"","overlay-type":"","overlay-color":"","overlay-gradient":""},"tablet":{"background-color":"var(--ast-global-color-5)","background-image":"","background-repeat":"repeat","background-position":"center center","background-size":"auto","background-attachment":"scroll","background-type":"","background-media":"","overlay-type":"","overlay-color":"","overlay-gradient":""},"mobile":{"background-color":"var(--ast-global-color-5)","background-image":"","background-repeat":"repeat","background-position":"center center","background-size":"auto","background-attachment":"scroll","background-type":"","background-media":"","overlay-type":"","overlay-color":"","overlay-gradient":""}},"footnotes":""},"acf":[],"yoast_head":"<!-- This site is optimized with the Yoast SEO plugin v22.5 - https:\/\/yoast.com\/wordpress\/plugins\/seo\/ -->\n<title>Representantes Internacionais - Top Relay<\/title>\n<meta name=\"robots\" content=\"index, follow, max-snippet:-1, max-image-preview:large, max-video-preview:-1\" \/>\n<link rel=\"canonical\" href=\"https:\/\/toprelay.com.br\/pt_br\/representantes-internacionais\/\" \/>\n<meta property=\"og:locale\" content=\"pt_BR\" \/>\n<meta property=\"og:type\" content=\"article\" \/>\n<meta property=\"og:title\" content=\"Representantes Internacionais - Top Relay\" \/>\n<meta property=\"og:description\" content=\"Representantes Internacionais Col\u00f4mbia REHISPANA LTDA Tel: +57 (317) 787-2316 Sr. Jorge Mora Jr.jakore@rehispana.com.co M\u00e9xico Service &amp; Special Solutions Sr. Ricardo Garc\u00edaTel : + 52 33 1077 6616contacto@sso.com.mx Caribe Gama Franco Consultoria Ltda.Sr. Carlos A.G. FrancoTel: + 55 (11) 99364-8557gamafranco@uol.com.br\" \/>\n<meta property=\"og:url\" content=\"https:\/\/toprelay.com.br\/pt_br\/representantes-internacionais\/\" \/>\n<meta property=\"og:site_name\" content=\"Top Relay\" \/>\n<meta property=\"article:modified_time\" content=\"2025-11-10T22:28:28+00:00\" \/>\n<meta property=\"og:image\" content=\"https:\/\/toprelay.com.br\/wp-content\/uploads\/2023\/12\/colombia-flag.webp\" \/>\n<meta name=\"twitter:card\" content=\"summary_large_image\" \/>\n<meta name=\"twitter:label1\" content=\"Est. tempo de leitura\" \/>\n\t<meta name=\"twitter:data1\" content=\"1 minuto\" \/>\n<script type=\"application\/ld+json\" class=\"yoast-schema-graph\">{\"@context\":\"https:\/\/schema.org\",\"@graph\":[{\"@type\":\"WebPage\",\"@id\":\"https:\/\/toprelay.com.br\/pt_br\/representantes-internacionais\/\",\"url\":\"https:\/\/toprelay.com.br\/pt_br\/representantes-internacionais\/\",\"name\":\"Representantes Internacionais - Top Relay\",\"isPartOf\":{\"@id\":\"https:\/\/toprelay.com.br\/#website\"},\"primaryImageOfPage\":{\"@id\":\"https:\/\/toprelay.com.br\/pt_br\/representantes-internacionais\/#primaryimage\"},\"image\":{\"@id\":\"https:\/\/toprelay.com.br\/pt_br\/representantes-internacionais\/#primaryimage\"},\"thumbnailUrl\":\"https:\/\/toprelay.com.br\/wp-content\/uploads\/2023\/12\/colombia-flag.webp\",\"datePublished\":\"2016-11-28T16:33:39+00:00\",\"dateModified\":\"2025-11-10T22:28:28+00:00\",\"breadcrumb\":{\"@id\":\"https:\/\/toprelay.com.br\/pt_br\/representantes-internacionais\/#breadcrumb\"},\"inLanguage\":\"pt-BR\",\"potentialAction\":[{\"@type\":\"ReadAction\",\"target\":[\"https:\/\/toprelay.com.br\/pt_br\/representantes-internacionais\/\"]}]},{\"@type\":\"ImageObject\",\"inLanguage\":\"pt-BR\",\"@id\":\"https:\/\/toprelay.com.br\/pt_br\/representantes-internacionais\/#primaryimage\",\"url\":\"https:\/\/toprelay.com.br\/wp-content\/uploads\/2023\/12\/colombia-flag.webp\",\"contentUrl\":\"https:\/\/toprelay.com.br\/wp-content\/uploads\/2023\/12\/colombia-flag.webp\"},{\"@type\":\"BreadcrumbList\",\"@id\":\"https:\/\/toprelay.com.br\/pt_br\/representantes-internacionais\/#breadcrumb\",\"itemListElement\":[{\"@type\":\"ListItem\",\"position\":1,\"name\":\"In\u00edcio\",\"item\":\"https:\/\/toprelay.com.br\/pt_br\/\"},{\"@type\":\"ListItem\",\"position\":2,\"name\":\"Representantes Internacionais\"}]},{\"@type\":\"WebSite\",\"@id\":\"https:\/\/toprelay.com.br\/#website\",\"url\":\"https:\/\/toprelay.com.br\/\",\"name\":\"Top Relay\",\"description\":\"Rel\u00e9s Automotivos e Industriais\",\"publisher\":{\"@id\":\"https:\/\/toprelay.com.br\/#organization\"},\"potentialAction\":[{\"@type\":\"SearchAction\",\"target\":{\"@type\":\"EntryPoint\",\"urlTemplate\":\"https:\/\/toprelay.com.br\/?s={search_term_string}\"},\"query-input\":\"required name=search_term_string\"}],\"inLanguage\":\"pt-BR\"},{\"@type\":\"Organization\",\"@id\":\"https:\/\/toprelay.com.br\/#organization\",\"name\":\"Top Relay\",\"url\":\"https:\/\/toprelay.com.br\/\",\"logo\":{\"@type\":\"ImageObject\",\"inLanguage\":\"pt-BR\",\"@id\":\"https:\/\/toprelay.com.br\/#\/schema\/logo\/image\/\",\"url\":\"https:\/\/toprelay.com.br\/wp-content\/uploads\/2023\/08\/TOP-RELAY-LOGO-02.png\",\"contentUrl\":\"https:\/\/toprelay.com.br\/wp-content\/uploads\/2023\/08\/TOP-RELAY-LOGO-02.png\",\"width\":350,\"height\":71,\"caption\":\"Top Relay\"},\"image\":{\"@id\":\"https:\/\/toprelay.com.br\/#\/schema\/logo\/image\/\"}}]}<\/script>\n<!-- \/ Yoast SEO plugin. -->","yoast_head_json":{"title":"Representantes Internacionais - Top Relay","robots":{"index":"index","follow":"follow","max-snippet":"max-snippet:-1","max-image-preview":"max-image-preview:large","max-video-preview":"max-video-preview:-1"},"canonical":"https:\/\/toprelay.com.br\/pt_br\/representantes-internacionais\/","og_locale":"pt_BR","og_type":"article","og_title":"Representantes Internacionais - Top Relay","og_description":"Representantes Internacionais Col\u00f4mbia REHISPANA LTDA Tel: +57 (317) 787-2316 Sr. Jorge Mora Jr.jakore@rehispana.com.co M\u00e9xico Service &amp; Special Solutions Sr. Ricardo Garc\u00edaTel : + 52 33 1077 6616contacto@sso.com.mx Caribe Gama Franco Consultoria Ltda.Sr. Carlos A.G. FrancoTel: + 55 (11) 99364-8557gamafranco@uol.com.br","og_url":"https:\/\/toprelay.com.br\/pt_br\/representantes-internacionais\/","og_site_name":"Top Relay","article_modified_time":"2025-11-10T22:28:28+00:00","og_image":[{"url":"https:\/\/toprelay.com.br\/wp-content\/uploads\/2023\/12\/colombia-flag.webp"}],"twitter_card":"summary_large_image","twitter_misc":{"Est. tempo de leitura":"1 minuto"},"schema":{"@context":"https:\/\/schema.org","@graph":[{"@type":"WebPage","@id":"https:\/\/toprelay.com.br\/pt_br\/representantes-internacionais\/","url":"https:\/\/toprelay.com.br\/pt_br\/representantes-internacionais\/","name":"Representantes Internacionais - Top Relay","isPartOf":{"@id":"https:\/\/toprelay.com.br\/#website"},"primaryImageOfPage":{"@id":"https:\/\/toprelay.com.br\/pt_br\/representantes-internacionais\/#primaryimage"},"image":{"@id":"https:\/\/toprelay.com.br\/pt_br\/representantes-internacionais\/#primaryimage"},"thumbnailUrl":"https:\/\/toprelay.com.br\/wp-content\/uploads\/2023\/12\/colombia-flag.webp","datePublished":"2016-11-28T16:33:39+00:00","dateModified":"2025-11-10T22:28:28+00:00","breadcrumb":{"@id":"https:\/\/toprelay.com.br\/pt_br\/representantes-internacionais\/#breadcrumb"},"inLanguage":"pt-BR","potentialAction":[{"@type":"ReadAction","target":["https:\/\/toprelay.com.br\/pt_br\/representantes-internacionais\/"]}]},{"@type":"ImageObject","inLanguage":"pt-BR","@id":"https:\/\/toprelay.com.br\/pt_br\/representantes-internacionais\/#primaryimage","url":"https:\/\/toprelay.com.br\/wp-content\/uploads\/2023\/12\/colombia-flag.webp","contentUrl":"https:\/\/toprelay.com.br\/wp-content\/uploads\/2023\/12\/colombia-flag.webp"},{"@type":"BreadcrumbList","@id":"https:\/\/toprelay.com.br\/pt_br\/representantes-internacionais\/#breadcrumb","itemListElement":[{"@type":"ListItem","position":1,"name":"In\u00edcio","item":"https:\/\/toprelay.com.br\/pt_br\/"},{"@type":"ListItem","position":2,"name":"Representantes Internacionais"}]},{"@type":"WebSite","@id":"https:\/\/toprelay.com.br\/#website","url":"https:\/\/toprelay.com.br\/","name":"Top Relay","description":"Rel\u00e9s Automotivos e Industriais","publisher":{"@id":"https:\/\/toprelay.com.br\/#organization"},"potentialAction":[{"@type":"SearchAction","target":{"@type":"EntryPoint","urlTemplate":"https:\/\/toprelay.com.br\/?s={search_term_string}"},"query-input":"required name=search_term_string"}],"inLanguage":"pt-BR"},{"@type":"Organization","@id":"https:\/\/toprelay.com.br\/#organization","name":"Top Relay","url":"https:\/\/toprelay.com.br\/","logo":{"@type":"ImageObject","inLanguage":"pt-BR","@id":"https:\/\/toprelay.com.br\/#\/schema\/logo\/image\/","url":"https:\/\/toprelay.com.br\/wp-content\/uploads\/2023\/08\/TOP-RELAY-LOGO-02.png","contentUrl":"https:\/\/toprelay.com.br\/wp-content\/uploads\/2023\/08\/TOP-RELAY-LOGO-02.png","width":350,"height":71,"caption":"Top Relay"},"image":{"@id":"https:\/\/toprelay.com.br\/#\/schema\/logo\/image\/"}}]}},"_links":{"self":[{"href":"https:\/\/toprelay.com.br\/pt_br\/wp-json\/wp\/v2\/pages\/28"}],"collection":[{"href":"https:\/\/toprelay.com.br\/pt_br\/wp-json\/wp\/v2\/pages"}],"about":[{"href":"https:\/\/toprelay.com.br\/pt_br\/wp-json\/wp\/v2\/types\/page"}],"author":[{"embeddable":true,"href":"https:\/\/toprelay.com.br\/pt_br\/wp-json\/wp\/v2\/users\/1"}],"replies":[{"embeddable":true,"href":"https:\/\/toprelay.com.br\/pt_br\/wp-json\/wp\/v2\/comments?post=28"}],"version-history":[{"count":34,"href":"https:\/\/toprelay.com.br\/pt_br\/wp-json\/wp\/v2\/pages\/28\/revisions"}],"predecessor-version":[{"id":10537,"href":"https:\/\/toprelay.com.br\/pt_br\/wp-json\/wp\/v2\/pages\/28\/revisions\/10537"}],"wp:attachment":[{"href":"https:\/\/toprelay.com.br\/pt_br\/wp-json\/wp\/v2\/media?parent=28"}],"curies":[{"name":"wp","href":"https:\/\/api.w.org\/{rel}","templated":true}]}}