{"id":7065,"date":"2023-11-27T08:17:16","date_gmt":"2023-11-27T11:17:16","guid":{"rendered":"https:\/\/toprelay.com.br\/?post_type=product&#038;p=7065"},"modified":"2024-01-17T16:36:16","modified_gmt":"2024-01-17T19:36:16","slug":"trbt301-400-terminais-de-bateria","status":"publish","type":"product","link":"https:\/\/toprelay.com.br\/es\/producto\/trbt301-400-terminais-de-bateria\/","title":{"rendered":"TRBT301.400 \u2013 Terminales de Bater\u00eda"},"content":{"rendered":"<table id=\"tablepress-179\" class=\"tablepress tablepress-id-179 dataTable no-footer\">\n<tbody class=\"row-hover\">\n<tr class=\"row-2 even\">\n<td class=\"column-1\">TRBT301400<\/td>\n<td class=\"column-2\">Lat\u00f3n(CuZn)<\/td>\n<td class=\"column-3\">Terminal de Bater\u00eda<\/td>\n<td class=\"column-4\">35-70mm2<\/td>\n<td class=\"column-5\">10pc<\/td>\n<\/tr>\n<\/tbody>\n<\/table>\n<p>sap\u00e3o<\/p>\n<p>Terminais de Bateria | Terminales de Bater\u00eda | Battery Terminals<\/p>","protected":false},"excerpt":{"rendered":"<p>TRBT301400 Lat\u00e3o(CuZn) Terminal de Bateria 35-70mm2 10pc sap\u00e3o Terminais de Bateria | Terminales de Bater\u00eda | Battery Terminals<\/p>","protected":false},"featured_media":7067,"comment_status":"closed","ping_status":"closed","template":"","meta":{"_acf_changed":false,"content-type":"","_monsterinsights_skip_tracking":false,"_monsterinsights_sitenote_active":false,"_monsterinsights_sitenote_note":"","_monsterinsights_sitenote_category":0,"site-sidebar-layout":"default","site-content-layout":"","ast-site-content-layout":"default","site-content-style":"default","site-sidebar-style":"default","ast-global-header-display":"","ast-banner-title-visibility":"","ast-main-header-display":"","ast-hfb-above-header-display":"","ast-hfb-below-header-display":"","ast-hfb-mobile-header-display":"","site-post-title":"","ast-breadcrumbs-content":"","ast-featured-img":"","footer-sml-layout":"","theme-transparent-header-meta":"default","adv-header-id-meta":"","stick-header-meta":"","header-above-stick-meta":"","header-main-stick-meta":"","header-below-stick-meta":"","astra-migrate-meta-layouts":"set","ast-page-background-enabled":"default","ast-page-background-meta":{"desktop":{"background-color":"var(--ast-global-color-4)","background-image":"","background-repeat":"repeat","background-position":"center center","background-size":"auto","background-attachment":"scroll","background-type":"","background-media":"","overlay-type":"","overlay-color":"","overlay-gradient":""},"tablet":{"background-color":"","background-image":"","background-repeat":"repeat","background-position":"center center","background-size":"auto","background-attachment":"scroll","background-type":"","background-media":"","overlay-type":"","overlay-color":"","overlay-gradient":""},"mobile":{"background-color":"","background-image":"","background-repeat":"repeat","background-position":"center center","background-size":"auto","background-attachment":"scroll","background-type":"","background-media":"","overlay-type":"","overlay-color":"","overlay-gradient":""}},"ast-content-background-meta":{"desktop":{"background-color":"var(--ast-global-color-5)","background-image":"","background-repeat":"repeat","background-position":"center center","background-size":"auto","background-attachment":"scroll","background-type":"","background-media":"","overlay-type":"","overlay-color":"","overlay-gradient":""},"tablet":{"background-color":"var(--ast-global-color-5)","background-image":"","background-repeat":"repeat","background-position":"center center","background-size":"auto","background-attachment":"scroll","background-type":"","background-media":"","overlay-type":"","overlay-color":"","overlay-gradient":""},"mobile":{"background-color":"var(--ast-global-color-5)","background-image":"","background-repeat":"repeat","background-position":"center center","background-size":"auto","background-attachment":"scroll","background-type":"","background-media":"","overlay-type":"","overlay-color":"","overlay-gradient":""}}},"product_cat":[3264,3282],"product_tag":[],"acf":[],"yoast_head":"<!-- This site is optimized with the Yoast SEO plugin v22.5 - https:\/\/yoast.com\/wordpress\/plugins\/seo\/ -->\n<title>TRBT301.400 - Terminais de bateria - Top Relay<\/title>\n<meta name=\"description\" content=\"A Top Relay \u00e9 uma empresa l\u00edder na ind\u00fastria de rel\u00e9s, especializada em projetar, desenvolver, fabricar e testar uma ampla gama de produtos automotivos, agr\u00edcolas e industriais. Com foco em inova\u00e7\u00e3o e qualidade, a empresa oferece solu\u00e7\u00f5es abrangentes em rel\u00e9s, incluindo Minirreles, Rel\u00e9s Auxiliares, Rel\u00e9s de Farol, Rel\u00e9s de Pisca, Rel\u00e9s de Placa, Rel\u00e9s Eletr\u00f4nicos e Rel\u00e9s Soquetados. Sua dedica\u00e7\u00e3o \u00e0 excel\u00eancia e expertise no setor a tornam a escolha ideal para atender \u00e0s necessidades de seus clientes no mundo automotivo e industrial.\" \/>\n<meta name=\"robots\" content=\"index, follow, max-snippet:-1, max-image-preview:large, max-video-preview:-1\" \/>\n<link rel=\"canonical\" href=\"https:\/\/toprelay.com.br\/es\/producto\/trbt301-400-terminais-de-bateria\/\" \/>\n<meta property=\"og:locale\" content=\"es_ES\" \/>\n<meta property=\"og:type\" content=\"article\" \/>\n<meta property=\"og:title\" content=\"TRBT301.400 - Terminais de bateria - Top Relay\" \/>\n<meta property=\"og:description\" content=\"A Top Relay \u00e9 uma empresa l\u00edder na ind\u00fastria de rel\u00e9s, especializada em projetar, desenvolver, fabricar e testar uma ampla gama de produtos automotivos, agr\u00edcolas e industriais. Com foco em inova\u00e7\u00e3o e qualidade, a empresa oferece solu\u00e7\u00f5es abrangentes em rel\u00e9s, incluindo Minirreles, Rel\u00e9s Auxiliares, Rel\u00e9s de Farol, Rel\u00e9s de Pisca, Rel\u00e9s de Placa, Rel\u00e9s Eletr\u00f4nicos e Rel\u00e9s Soquetados. Sua dedica\u00e7\u00e3o \u00e0 excel\u00eancia e expertise no setor a tornam a escolha ideal para atender \u00e0s necessidades de seus clientes no mundo automotivo e industrial.\" \/>\n<meta property=\"og:url\" content=\"https:\/\/toprelay.com.br\/es\/producto\/trbt301-400-terminais-de-bateria\/\" \/>\n<meta property=\"og:site_name\" content=\"Top Relay\" \/>\n<meta property=\"article:modified_time\" content=\"2024-01-17T19:36:16+00:00\" \/>\n<meta property=\"og:image\" content=\"https:\/\/toprelay.com.br\/wp-content\/uploads\/2023\/11\/TRBT301.400.jpg\" \/>\n\t<meta property=\"og:image:width\" content=\"500\" \/>\n\t<meta property=\"og:image:height\" content=\"500\" \/>\n\t<meta property=\"og:image:type\" content=\"image\/jpeg\" \/>\n<meta name=\"twitter:card\" content=\"summary_large_image\" \/>\n<meta name=\"twitter:label1\" content=\"Tiempo de lectura\" \/>\n\t<meta name=\"twitter:data1\" content=\"1 minuto\" \/>\n<script type=\"application\/ld+json\" class=\"yoast-schema-graph\">{\"@context\":\"https:\/\/schema.org\",\"@graph\":[{\"@type\":\"WebPage\",\"@id\":\"https:\/\/toprelay.com.br\/produto\/trbt301-400-terminais-de-bateria\/\",\"url\":\"https:\/\/toprelay.com.br\/produto\/trbt301-400-terminais-de-bateria\/\",\"name\":\"TRBT301.400 - Terminais de bateria - Top Relay\",\"isPartOf\":{\"@id\":\"https:\/\/toprelay.com.br\/#website\"},\"primaryImageOfPage\":{\"@id\":\"https:\/\/toprelay.com.br\/produto\/trbt301-400-terminais-de-bateria\/#primaryimage\"},\"image\":{\"@id\":\"https:\/\/toprelay.com.br\/produto\/trbt301-400-terminais-de-bateria\/#primaryimage\"},\"thumbnailUrl\":\"https:\/\/toprelay.com.br\/wp-content\/uploads\/2023\/11\/TRBT301.400.jpg\",\"datePublished\":\"2023-11-27T11:17:16+00:00\",\"dateModified\":\"2024-01-17T19:36:16+00:00\",\"description\":\"A Top Relay \u00e9 uma empresa l\u00edder na ind\u00fastria de rel\u00e9s, especializada em projetar, desenvolver, fabricar e testar uma ampla gama de produtos automotivos, agr\u00edcolas e industriais. Com foco em inova\u00e7\u00e3o e qualidade, a empresa oferece solu\u00e7\u00f5es abrangentes em rel\u00e9s, incluindo Minirreles, Rel\u00e9s Auxiliares, Rel\u00e9s de Farol, Rel\u00e9s de Pisca, Rel\u00e9s de Placa, Rel\u00e9s Eletr\u00f4nicos e Rel\u00e9s Soquetados. Sua dedica\u00e7\u00e3o \u00e0 excel\u00eancia e expertise no setor a tornam a escolha ideal para atender \u00e0s necessidades de seus clientes no mundo automotivo e industrial.\",\"breadcrumb\":{\"@id\":\"https:\/\/toprelay.com.br\/produto\/trbt301-400-terminais-de-bateria\/#breadcrumb\"},\"inLanguage\":\"es\",\"potentialAction\":[{\"@type\":\"ReadAction\",\"target\":[\"https:\/\/toprelay.com.br\/produto\/trbt301-400-terminais-de-bateria\/\"]}]},{\"@type\":\"ImageObject\",\"inLanguage\":\"es\",\"@id\":\"https:\/\/toprelay.com.br\/produto\/trbt301-400-terminais-de-bateria\/#primaryimage\",\"url\":\"https:\/\/toprelay.com.br\/wp-content\/uploads\/2023\/11\/TRBT301.400.jpg\",\"contentUrl\":\"https:\/\/toprelay.com.br\/wp-content\/uploads\/2023\/11\/TRBT301.400.jpg\",\"width\":500,\"height\":500},{\"@type\":\"BreadcrumbList\",\"@id\":\"https:\/\/toprelay.com.br\/produto\/trbt301-400-terminais-de-bateria\/#breadcrumb\",\"itemListElement\":[{\"@type\":\"ListItem\",\"position\":1,\"name\":\"In\u00edcio\",\"item\":\"https:\/\/toprelay.com.br\/pt_br\/\"},{\"@type\":\"ListItem\",\"position\":2,\"name\":\"Loja\",\"item\":\"https:\/\/toprelay.com.br\/loja\/\"},{\"@type\":\"ListItem\",\"position\":3,\"name\":\"TRBT301.400 &#8211; Terminais de bateria\"}]},{\"@type\":\"WebSite\",\"@id\":\"https:\/\/toprelay.com.br\/#website\",\"url\":\"https:\/\/toprelay.com.br\/\",\"name\":\"Top Relay\",\"description\":\"Rel\u00e9s Automotivos e Industriais\",\"publisher\":{\"@id\":\"https:\/\/toprelay.com.br\/#organization\"},\"potentialAction\":[{\"@type\":\"SearchAction\",\"target\":{\"@type\":\"EntryPoint\",\"urlTemplate\":\"https:\/\/toprelay.com.br\/?s={search_term_string}\"},\"query-input\":\"required name=search_term_string\"}],\"inLanguage\":\"es\"},{\"@type\":\"Organization\",\"@id\":\"https:\/\/toprelay.com.br\/#organization\",\"name\":\"Top Relay\",\"url\":\"https:\/\/toprelay.com.br\/\",\"logo\":{\"@type\":\"ImageObject\",\"inLanguage\":\"es\",\"@id\":\"https:\/\/toprelay.com.br\/#\/schema\/logo\/image\/\",\"url\":\"https:\/\/toprelay.com.br\/wp-content\/uploads\/2023\/08\/TOP-RELAY-LOGO-02.png\",\"contentUrl\":\"https:\/\/toprelay.com.br\/wp-content\/uploads\/2023\/08\/TOP-RELAY-LOGO-02.png\",\"width\":350,\"height\":71,\"caption\":\"Top Relay\"},\"image\":{\"@id\":\"https:\/\/toprelay.com.br\/#\/schema\/logo\/image\/\"}}]}<\/script>\n<!-- \/ Yoast SEO plugin. -->","yoast_head_json":{"title":"TRBT301.400 - Terminais de bateria - Top Relay","description":"A Top Relay \u00e9 uma empresa l\u00edder na ind\u00fastria de rel\u00e9s, especializada em projetar, desenvolver, fabricar e testar uma ampla gama de produtos automotivos, agr\u00edcolas e industriais. Com foco em inova\u00e7\u00e3o e qualidade, a empresa oferece solu\u00e7\u00f5es abrangentes em rel\u00e9s, incluindo Minirreles, Rel\u00e9s Auxiliares, Rel\u00e9s de Farol, Rel\u00e9s de Pisca, Rel\u00e9s de Placa, Rel\u00e9s Eletr\u00f4nicos e Rel\u00e9s Soquetados. Sua dedica\u00e7\u00e3o \u00e0 excel\u00eancia e expertise no setor a tornam a escolha ideal para atender \u00e0s necessidades de seus clientes no mundo automotivo e industrial.","robots":{"index":"index","follow":"follow","max-snippet":"max-snippet:-1","max-image-preview":"max-image-preview:large","max-video-preview":"max-video-preview:-1"},"canonical":"https:\/\/toprelay.com.br\/es\/producto\/trbt301-400-terminais-de-bateria\/","og_locale":"es_ES","og_type":"article","og_title":"TRBT301.400 - Terminais de bateria - Top Relay","og_description":"A Top Relay \u00e9 uma empresa l\u00edder na ind\u00fastria de rel\u00e9s, especializada em projetar, desenvolver, fabricar e testar uma ampla gama de produtos automotivos, agr\u00edcolas e industriais. Com foco em inova\u00e7\u00e3o e qualidade, a empresa oferece solu\u00e7\u00f5es abrangentes em rel\u00e9s, incluindo Minirreles, Rel\u00e9s Auxiliares, Rel\u00e9s de Farol, Rel\u00e9s de Pisca, Rel\u00e9s de Placa, Rel\u00e9s Eletr\u00f4nicos e Rel\u00e9s Soquetados. Sua dedica\u00e7\u00e3o \u00e0 excel\u00eancia e expertise no setor a tornam a escolha ideal para atender \u00e0s necessidades de seus clientes no mundo automotivo e industrial.","og_url":"https:\/\/toprelay.com.br\/es\/producto\/trbt301-400-terminais-de-bateria\/","og_site_name":"Top Relay","article_modified_time":"2024-01-17T19:36:16+00:00","og_image":[{"width":500,"height":500,"url":"https:\/\/toprelay.com.br\/wp-content\/uploads\/2023\/11\/TRBT301.400.jpg","type":"image\/jpeg"}],"twitter_card":"summary_large_image","twitter_misc":{"Tiempo de lectura":"1 minuto"},"schema":{"@context":"https:\/\/schema.org","@graph":[{"@type":"WebPage","@id":"https:\/\/toprelay.com.br\/produto\/trbt301-400-terminais-de-bateria\/","url":"https:\/\/toprelay.com.br\/produto\/trbt301-400-terminais-de-bateria\/","name":"TRBT301.400 - Terminais de bateria - Top Relay","isPartOf":{"@id":"https:\/\/toprelay.com.br\/#website"},"primaryImageOfPage":{"@id":"https:\/\/toprelay.com.br\/produto\/trbt301-400-terminais-de-bateria\/#primaryimage"},"image":{"@id":"https:\/\/toprelay.com.br\/produto\/trbt301-400-terminais-de-bateria\/#primaryimage"},"thumbnailUrl":"https:\/\/toprelay.com.br\/wp-content\/uploads\/2023\/11\/TRBT301.400.jpg","datePublished":"2023-11-27T11:17:16+00:00","dateModified":"2024-01-17T19:36:16+00:00","description":"A Top Relay \u00e9 uma empresa l\u00edder na ind\u00fastria de rel\u00e9s, especializada em projetar, desenvolver, fabricar e testar uma ampla gama de produtos automotivos, agr\u00edcolas e industriais. Com foco em inova\u00e7\u00e3o e qualidade, a empresa oferece solu\u00e7\u00f5es abrangentes em rel\u00e9s, incluindo Minirreles, Rel\u00e9s Auxiliares, Rel\u00e9s de Farol, Rel\u00e9s de Pisca, Rel\u00e9s de Placa, Rel\u00e9s Eletr\u00f4nicos e Rel\u00e9s Soquetados. Sua dedica\u00e7\u00e3o \u00e0 excel\u00eancia e expertise no setor a tornam a escolha ideal para atender \u00e0s necessidades de seus clientes no mundo automotivo e industrial.","breadcrumb":{"@id":"https:\/\/toprelay.com.br\/produto\/trbt301-400-terminais-de-bateria\/#breadcrumb"},"inLanguage":"es","potentialAction":[{"@type":"ReadAction","target":["https:\/\/toprelay.com.br\/produto\/trbt301-400-terminais-de-bateria\/"]}]},{"@type":"ImageObject","inLanguage":"es","@id":"https:\/\/toprelay.com.br\/produto\/trbt301-400-terminais-de-bateria\/#primaryimage","url":"https:\/\/toprelay.com.br\/wp-content\/uploads\/2023\/11\/TRBT301.400.jpg","contentUrl":"https:\/\/toprelay.com.br\/wp-content\/uploads\/2023\/11\/TRBT301.400.jpg","width":500,"height":500},{"@type":"BreadcrumbList","@id":"https:\/\/toprelay.com.br\/produto\/trbt301-400-terminais-de-bateria\/#breadcrumb","itemListElement":[{"@type":"ListItem","position":1,"name":"In\u00edcio","item":"https:\/\/toprelay.com.br\/pt_br\/"},{"@type":"ListItem","position":2,"name":"Loja","item":"https:\/\/toprelay.com.br\/loja\/"},{"@type":"ListItem","position":3,"name":"TRBT301.400 &#8211; Terminais de bateria"}]},{"@type":"WebSite","@id":"https:\/\/toprelay.com.br\/#website","url":"https:\/\/toprelay.com.br\/","name":"Top Relay","description":"Rel\u00e9s Automotivos e Industriais","publisher":{"@id":"https:\/\/toprelay.com.br\/#organization"},"potentialAction":[{"@type":"SearchAction","target":{"@type":"EntryPoint","urlTemplate":"https:\/\/toprelay.com.br\/?s={search_term_string}"},"query-input":"required name=search_term_string"}],"inLanguage":"es"},{"@type":"Organization","@id":"https:\/\/toprelay.com.br\/#organization","name":"Top Relay","url":"https:\/\/toprelay.com.br\/","logo":{"@type":"ImageObject","inLanguage":"es","@id":"https:\/\/toprelay.com.br\/#\/schema\/logo\/image\/","url":"https:\/\/toprelay.com.br\/wp-content\/uploads\/2023\/08\/TOP-RELAY-LOGO-02.png","contentUrl":"https:\/\/toprelay.com.br\/wp-content\/uploads\/2023\/08\/TOP-RELAY-LOGO-02.png","width":350,"height":71,"caption":"Top Relay"},"image":{"@id":"https:\/\/toprelay.com.br\/#\/schema\/logo\/image\/"}}]}},"_links":{"self":[{"href":"https:\/\/toprelay.com.br\/es\/wp-json\/wp\/v2\/product\/7065"}],"collection":[{"href":"https:\/\/toprelay.com.br\/es\/wp-json\/wp\/v2\/product"}],"about":[{"href":"https:\/\/toprelay.com.br\/es\/wp-json\/wp\/v2\/types\/product"}],"replies":[{"embeddable":true,"href":"https:\/\/toprelay.com.br\/es\/wp-json\/wp\/v2\/comments?post=7065"}],"wp:featuredmedia":[{"embeddable":true,"href":"https:\/\/toprelay.com.br\/es\/wp-json\/wp\/v2\/media\/7067"}],"wp:attachment":[{"href":"https:\/\/toprelay.com.br\/es\/wp-json\/wp\/v2\/media?parent=7065"}],"wp:term":[{"taxonomy":"product_cat","embeddable":true,"href":"https:\/\/toprelay.com.br\/es\/wp-json\/wp\/v2\/product_cat?post=7065"},{"taxonomy":"product_tag","embeddable":true,"href":"https:\/\/toprelay.com.br\/es\/wp-json\/wp\/v2\/product_tag?post=7065"}],"curies":[{"name":"wp","href":"https:\/\/api.w.org\/{rel}","templated":true}]}}