{"id":7632,"date":"2023-12-01T09:52:12","date_gmt":"2023-12-01T12:52:12","guid":{"rendered":"https:\/\/toprelay.com.br\/?post_type=product&#038;p=7632"},"modified":"2024-01-16T18:39:21","modified_gmt":"2024-01-16T21:39:21","slug":"tra300-002-mini-rele","status":"publish","type":"product","link":"https:\/\/toprelay.com.br\/en\/product\/tra300-002-mini-rele\/","title":{"rendered":"TRA300.002 - Miniature Relays"},"content":{"rendered":"<table id=\"tablepress-262\" class=\"tablepress tablepress-id-262\">\n<tbody class=\"row-hover\">\n<tr class=\"row-2 even\">\n<td class=\"column-1\">TRA300002<\/td>\n<td class=\"column-2\">General use<\/td>\n<td class=\"column-3\">No<\/td>\n<td class=\"column-4\">4(2&#215;2,8mm)<\/td>\n<td class=\"column-5\">7525171<\/td>\n<td class=\"column-6\">Fiat<\/td>\n<td class=\"column-7\">Elba, Tempra, Uno<\/td>\n<\/tr>\n<tr class=\"row-3 odd\">\n<td class=\"column-1\"><\/td>\n<td class=\"column-2\"><\/td>\n<td class=\"column-3\"><\/td>\n<td class=\"column-4\"><\/td>\n<td class=\"column-5\">07320414 \/ 542937503D \/ 86AG14N089AA \/ 86AU14N89A \/ 96FG14N089AA \/ 98FU14N089BA<\/td>\n<td class=\"column-6\">Ford<\/td>\n<td class=\"column-7\">Escort, Verona, Fiesta<\/td>\n<\/tr>\n<tr class=\"row-4 even\">\n<td class=\"column-1\"><\/td>\n<td class=\"column-2\"><\/td>\n<td class=\"column-3\"><\/td>\n<td class=\"column-4\"><\/td>\n<td class=\"column-5\">24433728 \/ 52288733 \/<br \/>\n93238065<\/td>\n<td class=\"column-6\">GM<\/td>\n<td class=\"column-7\">Corsa, Celta, S-10, Monza, Kadett,<br \/>\nOmega, Vectra<\/td>\n<\/tr>\n<tr class=\"row-5 odd\">\n<td class=\"column-1\"><\/td>\n<td class=\"column-2\"><\/td>\n<td class=\"column-3\"><\/td>\n<td class=\"column-4\"><\/td>\n<td class=\"column-5\">83990024 \/ 83990086<\/td>\n<td class=\"column-6\">New Holland<\/td>\n<td class=\"column-7\">Gol, Santana, Pointer, Logus<\/td>\n<\/tr>\n<tr class=\"row-6 even\">\n<td class=\"column-1\"><\/td>\n<td class=\"column-2\"><\/td>\n<td class=\"column-3\"><\/td>\n<td class=\"column-4\"><\/td>\n<td class=\"column-5\">542937503D<\/td>\n<td class=\"column-6\">Volkswagen\/Audi<\/td>\n<\/tr>\n<\/tbody>\n<\/table>\n<p>0123<\/p>\n<p>Minirreles | Mini Reles | Miniature Relays<\/p>","protected":false},"excerpt":{"rendered":"<p>TRA300002 Uso Geral N\u00e3o 4(2&#215;2,8mm) 7525171 Fiat Elba, Tempra, Uno 07320414 \/ 542937503D \/ 86AG14N089AA \/ 86AU14N89A \/ 96FG14N089AA \/ 98FU14N089BA Ford Escort, Verona, Fiesta 24433728 \/ 52288733 \/ 93238065 GM Corsa, Celta, S-10, Monza, Kadett, Omega, Vectra 83990024 \/ 83990086 New Holland Gol, Santana, Pointer, Logus 542937503D Volkswagen\/Audi 0123 Minirreles | Mini Reles | [&hellip;]<\/p>","protected":false},"featured_media":7636,"comment_status":"closed","ping_status":"closed","template":"","meta":{"_acf_changed":false,"content-type":"","_monsterinsights_skip_tracking":false,"_monsterinsights_sitenote_active":false,"_monsterinsights_sitenote_note":"","_monsterinsights_sitenote_category":0,"site-sidebar-layout":"default","site-content-layout":"","ast-site-content-layout":"default","site-content-style":"default","site-sidebar-style":"default","ast-global-header-display":"","ast-banner-title-visibility":"","ast-main-header-display":"","ast-hfb-above-header-display":"","ast-hfb-below-header-display":"","ast-hfb-mobile-header-display":"","site-post-title":"","ast-breadcrumbs-content":"","ast-featured-img":"","footer-sml-layout":"","theme-transparent-header-meta":"default","adv-header-id-meta":"","stick-header-meta":"","header-above-stick-meta":"","header-main-stick-meta":"","header-below-stick-meta":"","astra-migrate-meta-layouts":"set","ast-page-background-enabled":"default","ast-page-background-meta":{"desktop":{"background-color":"var(--ast-global-color-4)","background-image":"","background-repeat":"repeat","background-position":"center center","background-size":"auto","background-attachment":"scroll","background-type":"","background-media":"","overlay-type":"","overlay-color":"","overlay-gradient":""},"tablet":{"background-color":"","background-image":"","background-repeat":"repeat","background-position":"center center","background-size":"auto","background-attachment":"scroll","background-type":"","background-media":"","overlay-type":"","overlay-color":"","overlay-gradient":""},"mobile":{"background-color":"","background-image":"","background-repeat":"repeat","background-position":"center center","background-size":"auto","background-attachment":"scroll","background-type":"","background-media":"","overlay-type":"","overlay-color":"","overlay-gradient":""}},"ast-content-background-meta":{"desktop":{"background-color":"var(--ast-global-color-5)","background-image":"","background-repeat":"repeat","background-position":"center center","background-size":"auto","background-attachment":"scroll","background-type":"","background-media":"","overlay-type":"","overlay-color":"","overlay-gradient":""},"tablet":{"background-color":"var(--ast-global-color-5)","background-image":"","background-repeat":"repeat","background-position":"center center","background-size":"auto","background-attachment":"scroll","background-type":"","background-media":"","overlay-type":"","overlay-color":"","overlay-gradient":""},"mobile":{"background-color":"var(--ast-global-color-5)","background-image":"","background-repeat":"repeat","background-position":"center center","background-size":"auto","background-attachment":"scroll","background-type":"","background-media":"","overlay-type":"","overlay-color":"","overlay-gradient":""}}},"product_cat":[3306,3302],"product_tag":[],"acf":[],"yoast_head":"<!-- This site is optimized with the Yoast SEO plugin v22.5 - https:\/\/yoast.com\/wordpress\/plugins\/seo\/ -->\n<title>TRA300.002 - Minirrel\u00e9 - Top Relay<\/title>\n<meta name=\"description\" content=\"A Top Relay \u00e9 uma empresa l\u00edder na ind\u00fastria de rel\u00e9s, especializada em projetar, desenvolver, fabricar e testar uma ampla gama de produtos automotivos, agr\u00edcolas e industriais. Com foco em inova\u00e7\u00e3o e qualidade, a empresa oferece solu\u00e7\u00f5es abrangentes em rel\u00e9s, incluindo Minirreles, Rel\u00e9s Auxiliares, Rel\u00e9s de Farol, Rel\u00e9s de Pisca, Rel\u00e9s de Placa, Rel\u00e9s Eletr\u00f4nicos e Rel\u00e9s Soquetados. Sua dedica\u00e7\u00e3o \u00e0 excel\u00eancia e expertise no setor a tornam a escolha ideal para atender \u00e0s necessidades de seus clientes no mundo automotivo e industrial.\" \/>\n<meta name=\"robots\" content=\"index, follow, max-snippet:-1, max-image-preview:large, max-video-preview:-1\" \/>\n<link rel=\"canonical\" href=\"https:\/\/toprelay.com.br\/en\/product\/tra300-002-mini-rele\/\" \/>\n<meta property=\"og:locale\" content=\"en_US\" \/>\n<meta property=\"og:type\" content=\"article\" \/>\n<meta property=\"og:title\" content=\"TRA300.002 - Minirrel\u00e9 - Top Relay\" \/>\n<meta property=\"og:description\" content=\"A Top Relay \u00e9 uma empresa l\u00edder na ind\u00fastria de rel\u00e9s, especializada em projetar, desenvolver, fabricar e testar uma ampla gama de produtos automotivos, agr\u00edcolas e industriais. Com foco em inova\u00e7\u00e3o e qualidade, a empresa oferece solu\u00e7\u00f5es abrangentes em rel\u00e9s, incluindo Minirreles, Rel\u00e9s Auxiliares, Rel\u00e9s de Farol, Rel\u00e9s de Pisca, Rel\u00e9s de Placa, Rel\u00e9s Eletr\u00f4nicos e Rel\u00e9s Soquetados. Sua dedica\u00e7\u00e3o \u00e0 excel\u00eancia e expertise no setor a tornam a escolha ideal para atender \u00e0s necessidades de seus clientes no mundo automotivo e industrial.\" \/>\n<meta property=\"og:url\" content=\"https:\/\/toprelay.com.br\/en\/product\/tra300-002-mini-rele\/\" \/>\n<meta property=\"og:site_name\" content=\"Top Relay\" \/>\n<meta property=\"article:modified_time\" content=\"2024-01-16T21:39:21+00:00\" \/>\n<meta property=\"og:image\" content=\"https:\/\/toprelay.com.br\/wp-content\/uploads\/2023\/12\/TRA300.002.jpg\" \/>\n\t<meta property=\"og:image:width\" content=\"640\" \/>\n\t<meta property=\"og:image:height\" content=\"640\" \/>\n\t<meta property=\"og:image:type\" content=\"image\/jpeg\" \/>\n<meta name=\"twitter:card\" content=\"summary_large_image\" \/>\n<meta name=\"twitter:label1\" content=\"Est. reading time\" \/>\n\t<meta name=\"twitter:data1\" content=\"1 minute\" \/>\n<script type=\"application\/ld+json\" class=\"yoast-schema-graph\">{\"@context\":\"https:\/\/schema.org\",\"@graph\":[{\"@type\":\"WebPage\",\"@id\":\"https:\/\/toprelay.com.br\/produto\/tra300-002-mini-rele\/\",\"url\":\"https:\/\/toprelay.com.br\/produto\/tra300-002-mini-rele\/\",\"name\":\"TRA300.002 - Minirrel\u00e9 - Top Relay\",\"isPartOf\":{\"@id\":\"https:\/\/toprelay.com.br\/#website\"},\"primaryImageOfPage\":{\"@id\":\"https:\/\/toprelay.com.br\/produto\/tra300-002-mini-rele\/#primaryimage\"},\"image\":{\"@id\":\"https:\/\/toprelay.com.br\/produto\/tra300-002-mini-rele\/#primaryimage\"},\"thumbnailUrl\":\"https:\/\/toprelay.com.br\/wp-content\/uploads\/2023\/12\/TRA300.002.jpg\",\"datePublished\":\"2023-12-01T12:52:12+00:00\",\"dateModified\":\"2024-01-16T21:39:21+00:00\",\"description\":\"A Top Relay \u00e9 uma empresa l\u00edder na ind\u00fastria de rel\u00e9s, especializada em projetar, desenvolver, fabricar e testar uma ampla gama de produtos automotivos, agr\u00edcolas e industriais. Com foco em inova\u00e7\u00e3o e qualidade, a empresa oferece solu\u00e7\u00f5es abrangentes em rel\u00e9s, incluindo Minirreles, Rel\u00e9s Auxiliares, Rel\u00e9s de Farol, Rel\u00e9s de Pisca, Rel\u00e9s de Placa, Rel\u00e9s Eletr\u00f4nicos e Rel\u00e9s Soquetados. Sua dedica\u00e7\u00e3o \u00e0 excel\u00eancia e expertise no setor a tornam a escolha ideal para atender \u00e0s necessidades de seus clientes no mundo automotivo e industrial.\",\"breadcrumb\":{\"@id\":\"https:\/\/toprelay.com.br\/produto\/tra300-002-mini-rele\/#breadcrumb\"},\"inLanguage\":\"en-US\",\"potentialAction\":[{\"@type\":\"ReadAction\",\"target\":[\"https:\/\/toprelay.com.br\/produto\/tra300-002-mini-rele\/\"]}]},{\"@type\":\"ImageObject\",\"inLanguage\":\"en-US\",\"@id\":\"https:\/\/toprelay.com.br\/produto\/tra300-002-mini-rele\/#primaryimage\",\"url\":\"https:\/\/toprelay.com.br\/wp-content\/uploads\/2023\/12\/TRA300.002.jpg\",\"contentUrl\":\"https:\/\/toprelay.com.br\/wp-content\/uploads\/2023\/12\/TRA300.002.jpg\",\"width\":640,\"height\":640},{\"@type\":\"BreadcrumbList\",\"@id\":\"https:\/\/toprelay.com.br\/produto\/tra300-002-mini-rele\/#breadcrumb\",\"itemListElement\":[{\"@type\":\"ListItem\",\"position\":1,\"name\":\"In\u00edcio\",\"item\":\"https:\/\/toprelay.com.br\/pt_br\/\"},{\"@type\":\"ListItem\",\"position\":2,\"name\":\"Loja\",\"item\":\"https:\/\/toprelay.com.br\/loja\/\"},{\"@type\":\"ListItem\",\"position\":3,\"name\":\"TRA300.002 &#8211; Minirrel\u00e9\"}]},{\"@type\":\"WebSite\",\"@id\":\"https:\/\/toprelay.com.br\/#website\",\"url\":\"https:\/\/toprelay.com.br\/\",\"name\":\"Top Relay\",\"description\":\"Rel\u00e9s Automotivos e Industriais\",\"publisher\":{\"@id\":\"https:\/\/toprelay.com.br\/#organization\"},\"potentialAction\":[{\"@type\":\"SearchAction\",\"target\":{\"@type\":\"EntryPoint\",\"urlTemplate\":\"https:\/\/toprelay.com.br\/?s={search_term_string}\"},\"query-input\":\"required name=search_term_string\"}],\"inLanguage\":\"en-US\"},{\"@type\":\"Organization\",\"@id\":\"https:\/\/toprelay.com.br\/#organization\",\"name\":\"Top Relay\",\"url\":\"https:\/\/toprelay.com.br\/\",\"logo\":{\"@type\":\"ImageObject\",\"inLanguage\":\"en-US\",\"@id\":\"https:\/\/toprelay.com.br\/#\/schema\/logo\/image\/\",\"url\":\"https:\/\/toprelay.com.br\/wp-content\/uploads\/2023\/08\/TOP-RELAY-LOGO-02.png\",\"contentUrl\":\"https:\/\/toprelay.com.br\/wp-content\/uploads\/2023\/08\/TOP-RELAY-LOGO-02.png\",\"width\":350,\"height\":71,\"caption\":\"Top Relay\"},\"image\":{\"@id\":\"https:\/\/toprelay.com.br\/#\/schema\/logo\/image\/\"}}]}<\/script>\n<!-- \/ Yoast SEO plugin. -->","yoast_head_json":{"title":"TRA300.002 - Minirrel\u00e9 - Top Relay","description":"A Top Relay \u00e9 uma empresa l\u00edder na ind\u00fastria de rel\u00e9s, especializada em projetar, desenvolver, fabricar e testar uma ampla gama de produtos automotivos, agr\u00edcolas e industriais. Com foco em inova\u00e7\u00e3o e qualidade, a empresa oferece solu\u00e7\u00f5es abrangentes em rel\u00e9s, incluindo Minirreles, Rel\u00e9s Auxiliares, Rel\u00e9s de Farol, Rel\u00e9s de Pisca, Rel\u00e9s de Placa, Rel\u00e9s Eletr\u00f4nicos e Rel\u00e9s Soquetados. Sua dedica\u00e7\u00e3o \u00e0 excel\u00eancia e expertise no setor a tornam a escolha ideal para atender \u00e0s necessidades de seus clientes no mundo automotivo e industrial.","robots":{"index":"index","follow":"follow","max-snippet":"max-snippet:-1","max-image-preview":"max-image-preview:large","max-video-preview":"max-video-preview:-1"},"canonical":"https:\/\/toprelay.com.br\/en\/product\/tra300-002-mini-rele\/","og_locale":"en_US","og_type":"article","og_title":"TRA300.002 - Minirrel\u00e9 - Top Relay","og_description":"A Top Relay \u00e9 uma empresa l\u00edder na ind\u00fastria de rel\u00e9s, especializada em projetar, desenvolver, fabricar e testar uma ampla gama de produtos automotivos, agr\u00edcolas e industriais. Com foco em inova\u00e7\u00e3o e qualidade, a empresa oferece solu\u00e7\u00f5es abrangentes em rel\u00e9s, incluindo Minirreles, Rel\u00e9s Auxiliares, Rel\u00e9s de Farol, Rel\u00e9s de Pisca, Rel\u00e9s de Placa, Rel\u00e9s Eletr\u00f4nicos e Rel\u00e9s Soquetados. Sua dedica\u00e7\u00e3o \u00e0 excel\u00eancia e expertise no setor a tornam a escolha ideal para atender \u00e0s necessidades de seus clientes no mundo automotivo e industrial.","og_url":"https:\/\/toprelay.com.br\/en\/product\/tra300-002-mini-rele\/","og_site_name":"Top Relay","article_modified_time":"2024-01-16T21:39:21+00:00","og_image":[{"width":640,"height":640,"url":"https:\/\/toprelay.com.br\/wp-content\/uploads\/2023\/12\/TRA300.002.jpg","type":"image\/jpeg"}],"twitter_card":"summary_large_image","twitter_misc":{"Est. reading time":"1 minute"},"schema":{"@context":"https:\/\/schema.org","@graph":[{"@type":"WebPage","@id":"https:\/\/toprelay.com.br\/produto\/tra300-002-mini-rele\/","url":"https:\/\/toprelay.com.br\/produto\/tra300-002-mini-rele\/","name":"TRA300.002 - Minirrel\u00e9 - Top Relay","isPartOf":{"@id":"https:\/\/toprelay.com.br\/#website"},"primaryImageOfPage":{"@id":"https:\/\/toprelay.com.br\/produto\/tra300-002-mini-rele\/#primaryimage"},"image":{"@id":"https:\/\/toprelay.com.br\/produto\/tra300-002-mini-rele\/#primaryimage"},"thumbnailUrl":"https:\/\/toprelay.com.br\/wp-content\/uploads\/2023\/12\/TRA300.002.jpg","datePublished":"2023-12-01T12:52:12+00:00","dateModified":"2024-01-16T21:39:21+00:00","description":"A Top Relay \u00e9 uma empresa l\u00edder na ind\u00fastria de rel\u00e9s, especializada em projetar, desenvolver, fabricar e testar uma ampla gama de produtos automotivos, agr\u00edcolas e industriais. Com foco em inova\u00e7\u00e3o e qualidade, a empresa oferece solu\u00e7\u00f5es abrangentes em rel\u00e9s, incluindo Minirreles, Rel\u00e9s Auxiliares, Rel\u00e9s de Farol, Rel\u00e9s de Pisca, Rel\u00e9s de Placa, Rel\u00e9s Eletr\u00f4nicos e Rel\u00e9s Soquetados. Sua dedica\u00e7\u00e3o \u00e0 excel\u00eancia e expertise no setor a tornam a escolha ideal para atender \u00e0s necessidades de seus clientes no mundo automotivo e industrial.","breadcrumb":{"@id":"https:\/\/toprelay.com.br\/produto\/tra300-002-mini-rele\/#breadcrumb"},"inLanguage":"en-US","potentialAction":[{"@type":"ReadAction","target":["https:\/\/toprelay.com.br\/produto\/tra300-002-mini-rele\/"]}]},{"@type":"ImageObject","inLanguage":"en-US","@id":"https:\/\/toprelay.com.br\/produto\/tra300-002-mini-rele\/#primaryimage","url":"https:\/\/toprelay.com.br\/wp-content\/uploads\/2023\/12\/TRA300.002.jpg","contentUrl":"https:\/\/toprelay.com.br\/wp-content\/uploads\/2023\/12\/TRA300.002.jpg","width":640,"height":640},{"@type":"BreadcrumbList","@id":"https:\/\/toprelay.com.br\/produto\/tra300-002-mini-rele\/#breadcrumb","itemListElement":[{"@type":"ListItem","position":1,"name":"In\u00edcio","item":"https:\/\/toprelay.com.br\/pt_br\/"},{"@type":"ListItem","position":2,"name":"Loja","item":"https:\/\/toprelay.com.br\/loja\/"},{"@type":"ListItem","position":3,"name":"TRA300.002 &#8211; Minirrel\u00e9"}]},{"@type":"WebSite","@id":"https:\/\/toprelay.com.br\/#website","url":"https:\/\/toprelay.com.br\/","name":"Top Relay","description":"Rel\u00e9s Automotivos e Industriais","publisher":{"@id":"https:\/\/toprelay.com.br\/#organization"},"potentialAction":[{"@type":"SearchAction","target":{"@type":"EntryPoint","urlTemplate":"https:\/\/toprelay.com.br\/?s={search_term_string}"},"query-input":"required name=search_term_string"}],"inLanguage":"en-US"},{"@type":"Organization","@id":"https:\/\/toprelay.com.br\/#organization","name":"Top Relay","url":"https:\/\/toprelay.com.br\/","logo":{"@type":"ImageObject","inLanguage":"en-US","@id":"https:\/\/toprelay.com.br\/#\/schema\/logo\/image\/","url":"https:\/\/toprelay.com.br\/wp-content\/uploads\/2023\/08\/TOP-RELAY-LOGO-02.png","contentUrl":"https:\/\/toprelay.com.br\/wp-content\/uploads\/2023\/08\/TOP-RELAY-LOGO-02.png","width":350,"height":71,"caption":"Top Relay"},"image":{"@id":"https:\/\/toprelay.com.br\/#\/schema\/logo\/image\/"}}]}},"_links":{"self":[{"href":"https:\/\/toprelay.com.br\/en\/wp-json\/wp\/v2\/product\/7632"}],"collection":[{"href":"https:\/\/toprelay.com.br\/en\/wp-json\/wp\/v2\/product"}],"about":[{"href":"https:\/\/toprelay.com.br\/en\/wp-json\/wp\/v2\/types\/product"}],"replies":[{"embeddable":true,"href":"https:\/\/toprelay.com.br\/en\/wp-json\/wp\/v2\/comments?post=7632"}],"wp:featuredmedia":[{"embeddable":true,"href":"https:\/\/toprelay.com.br\/en\/wp-json\/wp\/v2\/media\/7636"}],"wp:attachment":[{"href":"https:\/\/toprelay.com.br\/en\/wp-json\/wp\/v2\/media?parent=7632"}],"wp:term":[{"taxonomy":"product_cat","embeddable":true,"href":"https:\/\/toprelay.com.br\/en\/wp-json\/wp\/v2\/product_cat?post=7632"},{"taxonomy":"product_tag","embeddable":true,"href":"https:\/\/toprelay.com.br\/en\/wp-json\/wp\/v2\/product_tag?post=7632"}],"curies":[{"name":"wp","href":"https:\/\/api.w.org\/{rel}","templated":true}]}}