{"id":5847,"date":"2023-11-09T12:28:45","date_gmt":"2023-11-09T15:28:45","guid":{"rendered":"https:\/\/toprelay.com.br\/?post_type=product&#038;p=5847"},"modified":"2024-01-18T11:47:58","modified_gmt":"2024-01-18T14:47:58","slug":"espaguetes-lisos","status":"publish","type":"product","link":"https:\/\/toprelay.com.br\/en\/product\/espaguetes-lisos\/","title":{"rendered":"PVC Tubbing"},"content":{"rendered":"<table id=\"tablepress-83\" class=\"tablepress tablepress-id-83 dataTable no-footer\">\n<tbody class=\"row-hover\">\n<tr class=\"row-2 even\">\n<td class=\"column-1\">TRES503300<\/td>\n<td class=\"column-2\">PVC<\/td>\n<td class=\"column-3\">70\u00b0C<\/td>\n<td class=\"column-4\">3mm<\/td>\n<td class=\"column-5\">100<\/td>\n<td class=\"column-6\">5033<\/td>\n<\/tr>\n<tr class=\"row-3 odd\">\n<td class=\"column-1\">TRES503400<\/td>\n<td class=\"column-2\">PVC<\/td>\n<td class=\"column-3\">70\u00b0C<\/td>\n<td class=\"column-4\">4mm<\/td>\n<td class=\"column-5\">100<\/td>\n<td class=\"column-6\">5034<\/td>\n<\/tr>\n<tr class=\"row-4 even\">\n<td class=\"column-1\">TRES503500<\/td>\n<td class=\"column-2\">PVC<\/td>\n<td class=\"column-3\">70\u00b0C<\/td>\n<td class=\"column-4\">5mm<\/td>\n<td class=\"column-5\">100<\/td>\n<td class=\"column-6\">5035<\/td>\n<\/tr>\n<tr class=\"row-5 odd\">\n<td class=\"column-1\">TRES503600<\/td>\n<td class=\"column-2\">PVC<\/td>\n<td class=\"column-3\">70\u00b0C<\/td>\n<td class=\"column-4\">6mm<\/td>\n<td class=\"column-5\">100<\/td>\n<td class=\"column-6\">5036<\/td>\n<\/tr>\n<tr class=\"row-6 even\">\n<td class=\"column-1\">TRES503700<\/td>\n<td class=\"column-2\">PVC<\/td>\n<td class=\"column-3\">70\u00b0C<\/td>\n<td class=\"column-4\">7mm<\/td>\n<td class=\"column-5\">100<\/td>\n<td class=\"column-6\">5037<\/td>\n<\/tr>\n<tr class=\"row-7 odd\">\n<td class=\"column-1\">TRES503800<\/td>\n<td class=\"column-2\">PVC<\/td>\n<td class=\"column-3\">70\u00b0C<\/td>\n<td class=\"column-4\">8mm<\/td>\n<td class=\"column-5\">100<\/td>\n<td class=\"column-6\">5038<\/td>\n<\/tr>\n<tr class=\"row-8 even\">\n<td class=\"column-1\">TRES504000<\/td>\n<td class=\"column-2\">PVC<\/td>\n<td class=\"column-3\">70\u00b0C<\/td>\n<td class=\"column-4\">10mm<\/td>\n<td class=\"column-5\">50<\/td>\n<td class=\"column-6\">5040<\/td>\n<\/tr>\n<tr class=\"row-9 odd\">\n<td class=\"column-1\">TRES504200<\/td>\n<td class=\"column-2\">PVC<\/td>\n<td class=\"column-3\">70\u00b0C<\/td>\n<td class=\"column-4\">12mm<\/td>\n<td class=\"column-5\">50<\/td>\n<td class=\"column-6\">5042<\/td>\n<\/tr>\n<tr class=\"row-10 even\">\n<td class=\"column-1\">TRES504400<\/td>\n<td class=\"column-2\">PVC<\/td>\n<td class=\"column-3\">70\u00b0C<\/td>\n<td class=\"column-4\">14mm<\/td>\n<td class=\"column-5\">50<\/td>\n<td class=\"column-6\">5044<\/td>\n<\/tr>\n<tr class=\"row-11 odd\">\n<td class=\"column-1\">TRES504600<\/td>\n<td class=\"column-2\">PVC<\/td>\n<td class=\"column-3\">70\u00b0C<\/td>\n<td class=\"column-4\">16mm<\/td>\n<td class=\"column-5\">50<\/td>\n<td class=\"column-6\">5046<\/td>\n<\/tr>\n<tr class=\"row-12 even\">\n<td class=\"column-1\">TRES504800<\/td>\n<td class=\"column-2\">PVC<\/td>\n<td class=\"column-3\">70\u00b0C<\/td>\n<td class=\"column-4\">18mm<\/td>\n<td class=\"column-5\">50<\/td>\n<td class=\"column-6\">5048<\/td>\n<\/tr>\n<\/tbody>\n<\/table>\n<p>Espaguetes lisos | Tubos planos | Flat Tubbing<\/p>","protected":false},"excerpt":{"rendered":"<p>TRES503300 PVC 70\u00b0C 3mm 100 5033 TRES503400 PVC 70\u00b0C 4mm 100 5034 TRES503500 PVC 70\u00b0C 5mm 100 5035 TRES503600 PVC 70\u00b0C 6mm 100 5036 TRES503700 PVC 70\u00b0C 7mm 100 5037 TRES503800 PVC 70\u00b0C 8mm 100 5038 TRES504000 PVC 70\u00b0C 10mm 50 5040 TRES504200 PVC 70\u00b0C 12mm 50 5042 TRES504400 PVC 70\u00b0C 14mm 50 5044 TRES504600 [&hellip;]<\/p>","protected":false},"featured_media":5850,"comment_status":"closed","ping_status":"closed","template":"","meta":{"_acf_changed":false,"content-type":"","_monsterinsights_skip_tracking":false,"_monsterinsights_sitenote_active":false,"_monsterinsights_sitenote_note":"","_monsterinsights_sitenote_category":0,"site-sidebar-layout":"default","site-content-layout":"","ast-site-content-layout":"default","site-content-style":"default","site-sidebar-style":"default","ast-global-header-display":"","ast-banner-title-visibility":"","ast-main-header-display":"","ast-hfb-above-header-display":"","ast-hfb-below-header-display":"","ast-hfb-mobile-header-display":"","site-post-title":"","ast-breadcrumbs-content":"","ast-featured-img":"","footer-sml-layout":"","theme-transparent-header-meta":"default","adv-header-id-meta":"","stick-header-meta":"","header-above-stick-meta":"","header-main-stick-meta":"","header-below-stick-meta":"","astra-migrate-meta-layouts":"set","ast-page-background-enabled":"default","ast-page-background-meta":{"desktop":{"background-color":"var(--ast-global-color-4)","background-image":"","background-repeat":"repeat","background-position":"center center","background-size":"auto","background-attachment":"scroll","background-type":"","background-media":"","overlay-type":"","overlay-color":"","overlay-gradient":""},"tablet":{"background-color":"","background-image":"","background-repeat":"repeat","background-position":"center center","background-size":"auto","background-attachment":"scroll","background-type":"","background-media":"","overlay-type":"","overlay-color":"","overlay-gradient":""},"mobile":{"background-color":"","background-image":"","background-repeat":"repeat","background-position":"center center","background-size":"auto","background-attachment":"scroll","background-type":"","background-media":"","overlay-type":"","overlay-color":"","overlay-gradient":""}},"ast-content-background-meta":{"desktop":{"background-color":"var(--ast-global-color-5)","background-image":"","background-repeat":"repeat","background-position":"center center","background-size":"auto","background-attachment":"scroll","background-type":"","background-media":"","overlay-type":"","overlay-color":"","overlay-gradient":""},"tablet":{"background-color":"var(--ast-global-color-5)","background-image":"","background-repeat":"repeat","background-position":"center center","background-size":"auto","background-attachment":"scroll","background-type":"","background-media":"","overlay-type":"","overlay-color":"","overlay-gradient":""},"mobile":{"background-color":"var(--ast-global-color-5)","background-image":"","background-repeat":"repeat","background-position":"center center","background-size":"auto","background-attachment":"scroll","background-type":"","background-media":"","overlay-type":"","overlay-color":"","overlay-gradient":""}}},"product_cat":[3264,3317],"product_tag":[],"acf":[],"yoast_head":"<!-- This site is optimized with the Yoast SEO plugin v22.5 - https:\/\/yoast.com\/wordpress\/plugins\/seo\/ -->\n<title>Espaguetes Lisos - Top Relay<\/title>\n<meta name=\"description\" content=\"A Top Relay especializada em projetar, desenvolver, fabricar e testar uma ampla gama de diversos produtos automotivos, agr\u00edcolas e industriais. Seu cat\u00e1logo de produtos diversos inclui itens como Abra\u00e7adeiras de Nylon, Antenas e Hastes, Bot\u00f5es de Parada Solicitada, Cabos para Baterias, Caixas de Diodo, Centrais El\u00e9tricas, Conversores e Estabilizadores de Tens\u00e3o, Espaguetes Corrugados, Fitas, Hor\u00edmetros Anal\u00f3gicos, L\u00e2mpadas LED, Lentes Indicadoras, Porta Fus\u00edveis, R\u00e9guas de Led, Sirenes, Soquetes, Terminais de Bateria e Termoretr\u00e1teis.Com um compromisso constante com a qualidade e a inova\u00e7\u00e3o, a Top Relay oferece solu\u00e7\u00f5es confi\u00e1veis para uma ampla gama de aplica\u00e7\u00f5es nos setores automotivo e industrial. Seja para melhorar a efici\u00eancia, a seguran\u00e7a ou a funcionalidade, os produtos diversos da Top Relay atendem \u00e0s demandas variadas de seus clientes e contribuem para o sucesso de seus projetos.\" \/>\n<meta name=\"robots\" content=\"index, follow, max-snippet:-1, max-image-preview:large, max-video-preview:-1\" \/>\n<link rel=\"canonical\" href=\"https:\/\/toprelay.com.br\/en\/product\/espaguetes-lisos\/\" \/>\n<meta property=\"og:locale\" content=\"en_US\" \/>\n<meta property=\"og:type\" content=\"article\" \/>\n<meta property=\"og:title\" content=\"Espaguetes Lisos - Top Relay\" \/>\n<meta property=\"og:description\" content=\"A Top Relay especializada em projetar, desenvolver, fabricar e testar uma ampla gama de diversos produtos automotivos, agr\u00edcolas e industriais. Seu cat\u00e1logo de produtos diversos inclui itens como Abra\u00e7adeiras de Nylon, Antenas e Hastes, Bot\u00f5es de Parada Solicitada, Cabos para Baterias, Caixas de Diodo, Centrais El\u00e9tricas, Conversores e Estabilizadores de Tens\u00e3o, Espaguetes Corrugados, Fitas, Hor\u00edmetros Anal\u00f3gicos, L\u00e2mpadas LED, Lentes Indicadoras, Porta Fus\u00edveis, R\u00e9guas de Led, Sirenes, Soquetes, Terminais de Bateria e Termoretr\u00e1teis.Com um compromisso constante com a qualidade e a inova\u00e7\u00e3o, a Top Relay oferece solu\u00e7\u00f5es confi\u00e1veis para uma ampla gama de aplica\u00e7\u00f5es nos setores automotivo e industrial. Seja para melhorar a efici\u00eancia, a seguran\u00e7a ou a funcionalidade, os produtos diversos da Top Relay atendem \u00e0s demandas variadas de seus clientes e contribuem para o sucesso de seus projetos.\" \/>\n<meta property=\"og:url\" content=\"https:\/\/toprelay.com.br\/en\/product\/espaguetes-lisos\/\" \/>\n<meta property=\"og:site_name\" content=\"Top Relay\" \/>\n<meta property=\"article:modified_time\" content=\"2024-01-18T14:47:58+00:00\" \/>\n<meta property=\"og:image\" content=\"https:\/\/toprelay.com.br\/wp-content\/uploads\/2023\/11\/Espaguetes-lisos-toprelay.jpg\" \/>\n\t<meta property=\"og:image:width\" content=\"500\" \/>\n\t<meta property=\"og:image:height\" content=\"500\" \/>\n\t<meta property=\"og:image:type\" content=\"image\/jpeg\" \/>\n<meta name=\"twitter:card\" content=\"summary_large_image\" \/>\n<meta name=\"twitter:label1\" content=\"Est. reading time\" \/>\n\t<meta name=\"twitter:data1\" content=\"1 minute\" \/>\n<script type=\"application\/ld+json\" class=\"yoast-schema-graph\">{\"@context\":\"https:\/\/schema.org\",\"@graph\":[{\"@type\":\"WebPage\",\"@id\":\"https:\/\/toprelay.com.br\/produto\/espaguetes-lisos\/\",\"url\":\"https:\/\/toprelay.com.br\/produto\/espaguetes-lisos\/\",\"name\":\"Espaguetes Lisos - Top Relay\",\"isPartOf\":{\"@id\":\"https:\/\/toprelay.com.br\/#website\"},\"primaryImageOfPage\":{\"@id\":\"https:\/\/toprelay.com.br\/produto\/espaguetes-lisos\/#primaryimage\"},\"image\":{\"@id\":\"https:\/\/toprelay.com.br\/produto\/espaguetes-lisos\/#primaryimage\"},\"thumbnailUrl\":\"https:\/\/toprelay.com.br\/wp-content\/uploads\/2023\/11\/Espaguetes-lisos-toprelay.jpg\",\"datePublished\":\"2023-11-09T15:28:45+00:00\",\"dateModified\":\"2024-01-18T14:47:58+00:00\",\"description\":\"A Top Relay especializada em projetar, desenvolver, fabricar e testar uma ampla gama de diversos produtos automotivos, agr\u00edcolas e industriais. Seu cat\u00e1logo de produtos diversos inclui itens como Abra\u00e7adeiras de Nylon, Antenas e Hastes, Bot\u00f5es de Parada Solicitada, Cabos para Baterias, Caixas de Diodo, Centrais El\u00e9tricas, Conversores e Estabilizadores de Tens\u00e3o, Espaguetes Corrugados, Fitas, Hor\u00edmetros Anal\u00f3gicos, L\u00e2mpadas LED, Lentes Indicadoras, Porta Fus\u00edveis, R\u00e9guas de Led, Sirenes, Soquetes, Terminais de Bateria e Termoretr\u00e1teis.Com um compromisso constante com a qualidade e a inova\u00e7\u00e3o, a Top Relay oferece solu\u00e7\u00f5es confi\u00e1veis para uma ampla gama de aplica\u00e7\u00f5es nos setores automotivo e industrial. Seja para melhorar a efici\u00eancia, a seguran\u00e7a ou a funcionalidade, os produtos diversos da Top Relay atendem \u00e0s demandas variadas de seus clientes e contribuem para o sucesso de seus projetos.\",\"breadcrumb\":{\"@id\":\"https:\/\/toprelay.com.br\/produto\/espaguetes-lisos\/#breadcrumb\"},\"inLanguage\":\"en-US\",\"potentialAction\":[{\"@type\":\"ReadAction\",\"target\":[\"https:\/\/toprelay.com.br\/produto\/espaguetes-lisos\/\"]}]},{\"@type\":\"ImageObject\",\"inLanguage\":\"en-US\",\"@id\":\"https:\/\/toprelay.com.br\/produto\/espaguetes-lisos\/#primaryimage\",\"url\":\"https:\/\/toprelay.com.br\/wp-content\/uploads\/2023\/11\/Espaguetes-lisos-toprelay.jpg\",\"contentUrl\":\"https:\/\/toprelay.com.br\/wp-content\/uploads\/2023\/11\/Espaguetes-lisos-toprelay.jpg\",\"width\":500,\"height\":500},{\"@type\":\"BreadcrumbList\",\"@id\":\"https:\/\/toprelay.com.br\/produto\/espaguetes-lisos\/#breadcrumb\",\"itemListElement\":[{\"@type\":\"ListItem\",\"position\":1,\"name\":\"In\u00edcio\",\"item\":\"https:\/\/toprelay.com.br\/pt_br\/\"},{\"@type\":\"ListItem\",\"position\":2,\"name\":\"Loja\",\"item\":\"https:\/\/toprelay.com.br\/loja\/\"},{\"@type\":\"ListItem\",\"position\":3,\"name\":\"Espaguetes Lisos\"}]},{\"@type\":\"WebSite\",\"@id\":\"https:\/\/toprelay.com.br\/#website\",\"url\":\"https:\/\/toprelay.com.br\/\",\"name\":\"Top Relay\",\"description\":\"Rel\u00e9s Automotivos e Industriais\",\"publisher\":{\"@id\":\"https:\/\/toprelay.com.br\/#organization\"},\"potentialAction\":[{\"@type\":\"SearchAction\",\"target\":{\"@type\":\"EntryPoint\",\"urlTemplate\":\"https:\/\/toprelay.com.br\/?s={search_term_string}\"},\"query-input\":\"required name=search_term_string\"}],\"inLanguage\":\"en-US\"},{\"@type\":\"Organization\",\"@id\":\"https:\/\/toprelay.com.br\/#organization\",\"name\":\"Top Relay\",\"url\":\"https:\/\/toprelay.com.br\/\",\"logo\":{\"@type\":\"ImageObject\",\"inLanguage\":\"en-US\",\"@id\":\"https:\/\/toprelay.com.br\/#\/schema\/logo\/image\/\",\"url\":\"https:\/\/toprelay.com.br\/wp-content\/uploads\/2023\/08\/TOP-RELAY-LOGO-02.png\",\"contentUrl\":\"https:\/\/toprelay.com.br\/wp-content\/uploads\/2023\/08\/TOP-RELAY-LOGO-02.png\",\"width\":350,\"height\":71,\"caption\":\"Top Relay\"},\"image\":{\"@id\":\"https:\/\/toprelay.com.br\/#\/schema\/logo\/image\/\"}}]}<\/script>\n<!-- \/ Yoast SEO plugin. -->","yoast_head_json":{"title":"Espaguetes Lisos - Top Relay","description":"A Top Relay especializada em projetar, desenvolver, fabricar e testar uma ampla gama de diversos produtos automotivos, agr\u00edcolas e industriais. Seu cat\u00e1logo de produtos diversos inclui itens como Abra\u00e7adeiras de Nylon, Antenas e Hastes, Bot\u00f5es de Parada Solicitada, Cabos para Baterias, Caixas de Diodo, Centrais El\u00e9tricas, Conversores e Estabilizadores de Tens\u00e3o, Espaguetes Corrugados, Fitas, Hor\u00edmetros Anal\u00f3gicos, L\u00e2mpadas LED, Lentes Indicadoras, Porta Fus\u00edveis, R\u00e9guas de Led, Sirenes, Soquetes, Terminais de Bateria e Termoretr\u00e1teis.Com um compromisso constante com a qualidade e a inova\u00e7\u00e3o, a Top Relay oferece solu\u00e7\u00f5es confi\u00e1veis para uma ampla gama de aplica\u00e7\u00f5es nos setores automotivo e industrial. Seja para melhorar a efici\u00eancia, a seguran\u00e7a ou a funcionalidade, os produtos diversos da Top Relay atendem \u00e0s demandas variadas de seus clientes e contribuem para o sucesso de seus projetos.","robots":{"index":"index","follow":"follow","max-snippet":"max-snippet:-1","max-image-preview":"max-image-preview:large","max-video-preview":"max-video-preview:-1"},"canonical":"https:\/\/toprelay.com.br\/en\/product\/espaguetes-lisos\/","og_locale":"en_US","og_type":"article","og_title":"Espaguetes Lisos - Top Relay","og_description":"A Top Relay especializada em projetar, desenvolver, fabricar e testar uma ampla gama de diversos produtos automotivos, agr\u00edcolas e industriais. Seu cat\u00e1logo de produtos diversos inclui itens como Abra\u00e7adeiras de Nylon, Antenas e Hastes, Bot\u00f5es de Parada Solicitada, Cabos para Baterias, Caixas de Diodo, Centrais El\u00e9tricas, Conversores e Estabilizadores de Tens\u00e3o, Espaguetes Corrugados, Fitas, Hor\u00edmetros Anal\u00f3gicos, L\u00e2mpadas LED, Lentes Indicadoras, Porta Fus\u00edveis, R\u00e9guas de Led, Sirenes, Soquetes, Terminais de Bateria e Termoretr\u00e1teis.Com um compromisso constante com a qualidade e a inova\u00e7\u00e3o, a Top Relay oferece solu\u00e7\u00f5es confi\u00e1veis para uma ampla gama de aplica\u00e7\u00f5es nos setores automotivo e industrial. Seja para melhorar a efici\u00eancia, a seguran\u00e7a ou a funcionalidade, os produtos diversos da Top Relay atendem \u00e0s demandas variadas de seus clientes e contribuem para o sucesso de seus projetos.","og_url":"https:\/\/toprelay.com.br\/en\/product\/espaguetes-lisos\/","og_site_name":"Top Relay","article_modified_time":"2024-01-18T14:47:58+00:00","og_image":[{"width":500,"height":500,"url":"https:\/\/toprelay.com.br\/wp-content\/uploads\/2023\/11\/Espaguetes-lisos-toprelay.jpg","type":"image\/jpeg"}],"twitter_card":"summary_large_image","twitter_misc":{"Est. reading time":"1 minute"},"schema":{"@context":"https:\/\/schema.org","@graph":[{"@type":"WebPage","@id":"https:\/\/toprelay.com.br\/produto\/espaguetes-lisos\/","url":"https:\/\/toprelay.com.br\/produto\/espaguetes-lisos\/","name":"Espaguetes Lisos - Top Relay","isPartOf":{"@id":"https:\/\/toprelay.com.br\/#website"},"primaryImageOfPage":{"@id":"https:\/\/toprelay.com.br\/produto\/espaguetes-lisos\/#primaryimage"},"image":{"@id":"https:\/\/toprelay.com.br\/produto\/espaguetes-lisos\/#primaryimage"},"thumbnailUrl":"https:\/\/toprelay.com.br\/wp-content\/uploads\/2023\/11\/Espaguetes-lisos-toprelay.jpg","datePublished":"2023-11-09T15:28:45+00:00","dateModified":"2024-01-18T14:47:58+00:00","description":"A Top Relay especializada em projetar, desenvolver, fabricar e testar uma ampla gama de diversos produtos automotivos, agr\u00edcolas e industriais. Seu cat\u00e1logo de produtos diversos inclui itens como Abra\u00e7adeiras de Nylon, Antenas e Hastes, Bot\u00f5es de Parada Solicitada, Cabos para Baterias, Caixas de Diodo, Centrais El\u00e9tricas, Conversores e Estabilizadores de Tens\u00e3o, Espaguetes Corrugados, Fitas, Hor\u00edmetros Anal\u00f3gicos, L\u00e2mpadas LED, Lentes Indicadoras, Porta Fus\u00edveis, R\u00e9guas de Led, Sirenes, Soquetes, Terminais de Bateria e Termoretr\u00e1teis.Com um compromisso constante com a qualidade e a inova\u00e7\u00e3o, a Top Relay oferece solu\u00e7\u00f5es confi\u00e1veis para uma ampla gama de aplica\u00e7\u00f5es nos setores automotivo e industrial. Seja para melhorar a efici\u00eancia, a seguran\u00e7a ou a funcionalidade, os produtos diversos da Top Relay atendem \u00e0s demandas variadas de seus clientes e contribuem para o sucesso de seus projetos.","breadcrumb":{"@id":"https:\/\/toprelay.com.br\/produto\/espaguetes-lisos\/#breadcrumb"},"inLanguage":"en-US","potentialAction":[{"@type":"ReadAction","target":["https:\/\/toprelay.com.br\/produto\/espaguetes-lisos\/"]}]},{"@type":"ImageObject","inLanguage":"en-US","@id":"https:\/\/toprelay.com.br\/produto\/espaguetes-lisos\/#primaryimage","url":"https:\/\/toprelay.com.br\/wp-content\/uploads\/2023\/11\/Espaguetes-lisos-toprelay.jpg","contentUrl":"https:\/\/toprelay.com.br\/wp-content\/uploads\/2023\/11\/Espaguetes-lisos-toprelay.jpg","width":500,"height":500},{"@type":"BreadcrumbList","@id":"https:\/\/toprelay.com.br\/produto\/espaguetes-lisos\/#breadcrumb","itemListElement":[{"@type":"ListItem","position":1,"name":"In\u00edcio","item":"https:\/\/toprelay.com.br\/pt_br\/"},{"@type":"ListItem","position":2,"name":"Loja","item":"https:\/\/toprelay.com.br\/loja\/"},{"@type":"ListItem","position":3,"name":"Espaguetes Lisos"}]},{"@type":"WebSite","@id":"https:\/\/toprelay.com.br\/#website","url":"https:\/\/toprelay.com.br\/","name":"Top Relay","description":"Rel\u00e9s Automotivos e Industriais","publisher":{"@id":"https:\/\/toprelay.com.br\/#organization"},"potentialAction":[{"@type":"SearchAction","target":{"@type":"EntryPoint","urlTemplate":"https:\/\/toprelay.com.br\/?s={search_term_string}"},"query-input":"required name=search_term_string"}],"inLanguage":"en-US"},{"@type":"Organization","@id":"https:\/\/toprelay.com.br\/#organization","name":"Top Relay","url":"https:\/\/toprelay.com.br\/","logo":{"@type":"ImageObject","inLanguage":"en-US","@id":"https:\/\/toprelay.com.br\/#\/schema\/logo\/image\/","url":"https:\/\/toprelay.com.br\/wp-content\/uploads\/2023\/08\/TOP-RELAY-LOGO-02.png","contentUrl":"https:\/\/toprelay.com.br\/wp-content\/uploads\/2023\/08\/TOP-RELAY-LOGO-02.png","width":350,"height":71,"caption":"Top Relay"},"image":{"@id":"https:\/\/toprelay.com.br\/#\/schema\/logo\/image\/"}}]}},"_links":{"self":[{"href":"https:\/\/toprelay.com.br\/en\/wp-json\/wp\/v2\/product\/5847"}],"collection":[{"href":"https:\/\/toprelay.com.br\/en\/wp-json\/wp\/v2\/product"}],"about":[{"href":"https:\/\/toprelay.com.br\/en\/wp-json\/wp\/v2\/types\/product"}],"replies":[{"embeddable":true,"href":"https:\/\/toprelay.com.br\/en\/wp-json\/wp\/v2\/comments?post=5847"}],"wp:featuredmedia":[{"embeddable":true,"href":"https:\/\/toprelay.com.br\/en\/wp-json\/wp\/v2\/media\/5850"}],"wp:attachment":[{"href":"https:\/\/toprelay.com.br\/en\/wp-json\/wp\/v2\/media?parent=5847"}],"wp:term":[{"taxonomy":"product_cat","embeddable":true,"href":"https:\/\/toprelay.com.br\/en\/wp-json\/wp\/v2\/product_cat?post=5847"},{"taxonomy":"product_tag","embeddable":true,"href":"https:\/\/toprelay.com.br\/en\/wp-json\/wp\/v2\/product_tag?post=5847"}],"curies":[{"name":"wp","href":"https:\/\/api.w.org\/{rel}","templated":true}]}}