{"id":10580,"date":"2026-03-11T15:44:10","date_gmt":"2026-03-11T18:44:10","guid":{"rendered":"https:\/\/toprelay.com.br\/?post_type=product&#038;p=10580"},"modified":"2026-03-11T15:52:29","modified_gmt":"2026-03-11T18:52:29","slug":"trc587-024-tomada-padrao-de-ligacao","status":"publish","type":"product","link":"https:\/\/toprelay.com.br\/en\/product\/trc587-024-tomada-padrao-de-ligacao\/","title":{"rendered":"TRC587.024 \u2013 Standard Connection Socket"},"content":{"rendered":"<table id=\"tablepress-21\" class=\"tablepress tablepress-id-21 dataTable no-footer\">\n<thead>\n<tr class=\"row-1 odd\">\n<th class=\"column-1 sorting_disabled\" colspan=\"1\" rowspan=\"1\">Top Relay Code<\/th>\n<th class=\"column-2 sorting_disabled\" colspan=\"1\" rowspan=\"1\">Description<\/th>\n<\/tr>\n<\/thead>\n<tbody class=\"row-hover\">\n<tr class=\"row-2 even\">\n<td class=\"column-1\"><span class=\"a_GcMg font-feature-liga-off font-feature-clig-off font-feature-calt-off text-decoration-none text-strikethrough-none\">TRC 587.024<\/span><\/td>\n<td class=\"column-2\">\n<p class=\"p1\">Standard socket for connecting electronic equipment with cover and 24V marking.<\/p>\n<\/td>\n<\/tr>\n<\/tbody>\n<\/table>\n<p class=\"cvGsUA direction-ltr align-center para-style-body\">Standard socket for connecting electronic equipment with cover and 24V marking.<\/p>\n<p>Tomada | Salida | Sockets<\/p>","protected":false},"excerpt":{"rendered":"<p>C\u00f3digo Top Relay Descri\u00e7\u00e3o TRC 587.024 Tomada Padr\u00e3o para liga\u00e7\u00e3o de equipamentos Eletr\u00f4nicos com tampa e grava\u00e7\u00e3o 24V Tomada Padr\u00e3o para liga\u00e7\u00e3o de equipamentos Eletr\u00f4nicos com tampa e grava\u00e7\u00e3o 24V Tomada | Salida | Sockets<\/p>","protected":false},"featured_media":10582,"comment_status":"closed","ping_status":"closed","template":"","meta":{"_acf_changed":false,"content-type":"","_monsterinsights_skip_tracking":false,"_monsterinsights_sitenote_active":false,"_monsterinsights_sitenote_note":"","_monsterinsights_sitenote_category":0,"site-sidebar-layout":"default","site-content-layout":"","ast-site-content-layout":"default","site-content-style":"default","site-sidebar-style":"default","ast-global-header-display":"","ast-banner-title-visibility":"","ast-main-header-display":"","ast-hfb-above-header-display":"","ast-hfb-below-header-display":"","ast-hfb-mobile-header-display":"","site-post-title":"","ast-breadcrumbs-content":"","ast-featured-img":"","footer-sml-layout":"","theme-transparent-header-meta":"default","adv-header-id-meta":"","stick-header-meta":"","header-above-stick-meta":"","header-main-stick-meta":"","header-below-stick-meta":"","astra-migrate-meta-layouts":"set","ast-page-background-enabled":"default","ast-page-background-meta":{"desktop":{"background-color":"var(--ast-global-color-4)","background-image":"","background-repeat":"repeat","background-position":"center center","background-size":"auto","background-attachment":"scroll","background-type":"","background-media":"","overlay-type":"","overlay-color":"","overlay-gradient":""},"tablet":{"background-color":"","background-image":"","background-repeat":"repeat","background-position":"center center","background-size":"auto","background-attachment":"scroll","background-type":"","background-media":"","overlay-type":"","overlay-color":"","overlay-gradient":""},"mobile":{"background-color":"","background-image":"","background-repeat":"repeat","background-position":"center center","background-size":"auto","background-attachment":"scroll","background-type":"","background-media":"","overlay-type":"","overlay-color":"","overlay-gradient":""}},"ast-content-background-meta":{"desktop":{"background-color":"var(--ast-global-color-5)","background-image":"","background-repeat":"repeat","background-position":"center center","background-size":"auto","background-attachment":"scroll","background-type":"","background-media":"","overlay-type":"","overlay-color":"","overlay-gradient":""},"tablet":{"background-color":"var(--ast-global-color-5)","background-image":"","background-repeat":"repeat","background-position":"center center","background-size":"auto","background-attachment":"scroll","background-type":"","background-media":"","overlay-type":"","overlay-color":"","overlay-gradient":""},"mobile":{"background-color":"var(--ast-global-color-5)","background-image":"","background-repeat":"repeat","background-position":"center center","background-size":"auto","background-attachment":"scroll","background-type":"","background-media":"","overlay-type":"","overlay-color":"","overlay-gradient":""}}},"product_cat":[3265,3276],"product_tag":[3502,3501,3503,3504,3505],"acf":[],"yoast_head":"<!-- This site is optimized with the Yoast SEO plugin v22.5 - https:\/\/yoast.com\/wordpress\/plugins\/seo\/ -->\n<title>TRC587.024 - Tomada Padr\u00e3o de Liga\u00e7\u00e3o - Top Relay<\/title>\n<meta name=\"description\" content=\"A Top Relay se destaca no mercado de acess\u00f3rios automotivos, agr\u00edcola e industriais, oferecendo uma ampla variedade de produtos de alta qualidade. Seu cat\u00e1logo de acess\u00f3rios inclui itens essenciais, como Bloqueador de Igni\u00e7\u00e3o, Bot\u00e3o de Partida Universal, Chave Geral da Bateria, Elementos Quentes, Flashes de Advert\u00eancia, Miniflashes de Advert\u00eancia, Interruptor de Porta Universal, Cabo Adaptador de Antena, Luzes de Advert\u00eancia, Micros Chaves, Sinalizador Ac\u00fastico e Tomadas Padr\u00e3o. Com um compromisso cont\u00ednuo com a inova\u00e7\u00e3o e a excel\u00eancia, a Top Relay fornece solu\u00e7\u00f5es confi\u00e1veis para atender \u00e0s necessidades diversificadas de seus clientes nos setores automotivo e industrial. Seja garantindo a seguran\u00e7a, efici\u00eancia ou funcionalidade, os acess\u00f3rios da Top Relay s\u00e3o projetados para superar as expectativas.\" \/>\n<meta name=\"robots\" content=\"index, follow, max-snippet:-1, max-image-preview:large, max-video-preview:-1\" \/>\n<link rel=\"canonical\" href=\"https:\/\/toprelay.com.br\/en\/product\/trc587-024-tomada-padrao-de-ligacao\/\" \/>\n<meta property=\"og:locale\" content=\"en_US\" \/>\n<meta property=\"og:type\" content=\"article\" \/>\n<meta property=\"og:title\" content=\"TRC587.024 - Tomada Padr\u00e3o de Liga\u00e7\u00e3o - Top Relay\" \/>\n<meta property=\"og:description\" content=\"A Top Relay se destaca no mercado de acess\u00f3rios automotivos, agr\u00edcola e industriais, oferecendo uma ampla variedade de produtos de alta qualidade. Seu cat\u00e1logo de acess\u00f3rios inclui itens essenciais, como Bloqueador de Igni\u00e7\u00e3o, Bot\u00e3o de Partida Universal, Chave Geral da Bateria, Elementos Quentes, Flashes de Advert\u00eancia, Miniflashes de Advert\u00eancia, Interruptor de Porta Universal, Cabo Adaptador de Antena, Luzes de Advert\u00eancia, Micros Chaves, Sinalizador Ac\u00fastico e Tomadas Padr\u00e3o. Com um compromisso cont\u00ednuo com a inova\u00e7\u00e3o e a excel\u00eancia, a Top Relay fornece solu\u00e7\u00f5es confi\u00e1veis para atender \u00e0s necessidades diversificadas de seus clientes nos setores automotivo e industrial. Seja garantindo a seguran\u00e7a, efici\u00eancia ou funcionalidade, os acess\u00f3rios da Top Relay s\u00e3o projetados para superar as expectativas.\" \/>\n<meta property=\"og:url\" content=\"https:\/\/toprelay.com.br\/en\/product\/trc587-024-tomada-padrao-de-ligacao\/\" \/>\n<meta property=\"og:site_name\" content=\"Top Relay\" \/>\n<meta property=\"article:modified_time\" content=\"2026-03-11T18:52:29+00:00\" \/>\n<meta property=\"og:image\" content=\"https:\/\/toprelay.com.br\/wp-content\/uploads\/2026\/03\/TRC587024.jpg\" \/>\n\t<meta property=\"og:image:width\" content=\"800\" \/>\n\t<meta property=\"og:image:height\" content=\"800\" \/>\n\t<meta property=\"og:image:type\" content=\"image\/jpeg\" \/>\n<meta name=\"twitter:card\" content=\"summary_large_image\" \/>\n<meta name=\"twitter:label1\" content=\"Est. reading time\" \/>\n\t<meta name=\"twitter:data1\" content=\"1 minute\" \/>\n<script type=\"application\/ld+json\" class=\"yoast-schema-graph\">{\"@context\":\"https:\/\/schema.org\",\"@graph\":[{\"@type\":\"WebPage\",\"@id\":\"https:\/\/toprelay.com.br\/produto\/trc587-024-tomada-padrao-de-ligacao\/\",\"url\":\"https:\/\/toprelay.com.br\/produto\/trc587-024-tomada-padrao-de-ligacao\/\",\"name\":\"TRC587.024 - Tomada Padr\u00e3o de Liga\u00e7\u00e3o - Top Relay\",\"isPartOf\":{\"@id\":\"https:\/\/toprelay.com.br\/#website\"},\"primaryImageOfPage\":{\"@id\":\"https:\/\/toprelay.com.br\/produto\/trc587-024-tomada-padrao-de-ligacao\/#primaryimage\"},\"image\":{\"@id\":\"https:\/\/toprelay.com.br\/produto\/trc587-024-tomada-padrao-de-ligacao\/#primaryimage\"},\"thumbnailUrl\":\"https:\/\/toprelay.com.br\/wp-content\/uploads\/2026\/03\/TRC587024.jpg\",\"datePublished\":\"2026-03-11T18:44:10+00:00\",\"dateModified\":\"2026-03-11T18:52:29+00:00\",\"description\":\"A Top Relay se destaca no mercado de acess\u00f3rios automotivos, agr\u00edcola e industriais, oferecendo uma ampla variedade de produtos de alta qualidade. Seu cat\u00e1logo de acess\u00f3rios inclui itens essenciais, como Bloqueador de Igni\u00e7\u00e3o, Bot\u00e3o de Partida Universal, Chave Geral da Bateria, Elementos Quentes, Flashes de Advert\u00eancia, Miniflashes de Advert\u00eancia, Interruptor de Porta Universal, Cabo Adaptador de Antena, Luzes de Advert\u00eancia, Micros Chaves, Sinalizador Ac\u00fastico e Tomadas Padr\u00e3o. Com um compromisso cont\u00ednuo com a inova\u00e7\u00e3o e a excel\u00eancia, a Top Relay fornece solu\u00e7\u00f5es confi\u00e1veis para atender \u00e0s necessidades diversificadas de seus clientes nos setores automotivo e industrial. Seja garantindo a seguran\u00e7a, efici\u00eancia ou funcionalidade, os acess\u00f3rios da Top Relay s\u00e3o projetados para superar as expectativas.\",\"breadcrumb\":{\"@id\":\"https:\/\/toprelay.com.br\/produto\/trc587-024-tomada-padrao-de-ligacao\/#breadcrumb\"},\"inLanguage\":\"en-US\",\"potentialAction\":[{\"@type\":\"ReadAction\",\"target\":[\"https:\/\/toprelay.com.br\/produto\/trc587-024-tomada-padrao-de-ligacao\/\"]}]},{\"@type\":\"ImageObject\",\"inLanguage\":\"en-US\",\"@id\":\"https:\/\/toprelay.com.br\/produto\/trc587-024-tomada-padrao-de-ligacao\/#primaryimage\",\"url\":\"https:\/\/toprelay.com.br\/wp-content\/uploads\/2026\/03\/TRC587024.jpg\",\"contentUrl\":\"https:\/\/toprelay.com.br\/wp-content\/uploads\/2026\/03\/TRC587024.jpg\",\"width\":800,\"height\":800},{\"@type\":\"BreadcrumbList\",\"@id\":\"https:\/\/toprelay.com.br\/produto\/trc587-024-tomada-padrao-de-ligacao\/#breadcrumb\",\"itemListElement\":[{\"@type\":\"ListItem\",\"position\":1,\"name\":\"In\u00edcio\",\"item\":\"https:\/\/toprelay.com.br\/pt_br\/\"},{\"@type\":\"ListItem\",\"position\":2,\"name\":\"Loja\",\"item\":\"https:\/\/toprelay.com.br\/loja\/\"},{\"@type\":\"ListItem\",\"position\":3,\"name\":\"TRC587.024 &#8211; Tomada Padr\u00e3o de Liga\u00e7\u00e3o\"}]},{\"@type\":\"WebSite\",\"@id\":\"https:\/\/toprelay.com.br\/#website\",\"url\":\"https:\/\/toprelay.com.br\/\",\"name\":\"Top Relay\",\"description\":\"Rel\u00e9s Automotivos e Industriais\",\"publisher\":{\"@id\":\"https:\/\/toprelay.com.br\/#organization\"},\"potentialAction\":[{\"@type\":\"SearchAction\",\"target\":{\"@type\":\"EntryPoint\",\"urlTemplate\":\"https:\/\/toprelay.com.br\/?s={search_term_string}\"},\"query-input\":\"required name=search_term_string\"}],\"inLanguage\":\"en-US\"},{\"@type\":\"Organization\",\"@id\":\"https:\/\/toprelay.com.br\/#organization\",\"name\":\"Top Relay\",\"url\":\"https:\/\/toprelay.com.br\/\",\"logo\":{\"@type\":\"ImageObject\",\"inLanguage\":\"en-US\",\"@id\":\"https:\/\/toprelay.com.br\/#\/schema\/logo\/image\/\",\"url\":\"https:\/\/toprelay.com.br\/wp-content\/uploads\/2023\/08\/TOP-RELAY-LOGO-02.png\",\"contentUrl\":\"https:\/\/toprelay.com.br\/wp-content\/uploads\/2023\/08\/TOP-RELAY-LOGO-02.png\",\"width\":350,\"height\":71,\"caption\":\"Top Relay\"},\"image\":{\"@id\":\"https:\/\/toprelay.com.br\/#\/schema\/logo\/image\/\"}}]}<\/script>\n<!-- \/ Yoast SEO plugin. -->","yoast_head_json":{"title":"TRC587.024 - Tomada Padr\u00e3o de Liga\u00e7\u00e3o - Top Relay","description":"A Top Relay se destaca no mercado de acess\u00f3rios automotivos, agr\u00edcola e industriais, oferecendo uma ampla variedade de produtos de alta qualidade. Seu cat\u00e1logo de acess\u00f3rios inclui itens essenciais, como Bloqueador de Igni\u00e7\u00e3o, Bot\u00e3o de Partida Universal, Chave Geral da Bateria, Elementos Quentes, Flashes de Advert\u00eancia, Miniflashes de Advert\u00eancia, Interruptor de Porta Universal, Cabo Adaptador de Antena, Luzes de Advert\u00eancia, Micros Chaves, Sinalizador Ac\u00fastico e Tomadas Padr\u00e3o. Com um compromisso cont\u00ednuo com a inova\u00e7\u00e3o e a excel\u00eancia, a Top Relay fornece solu\u00e7\u00f5es confi\u00e1veis para atender \u00e0s necessidades diversificadas de seus clientes nos setores automotivo e industrial. Seja garantindo a seguran\u00e7a, efici\u00eancia ou funcionalidade, os acess\u00f3rios da Top Relay s\u00e3o projetados para superar as expectativas.","robots":{"index":"index","follow":"follow","max-snippet":"max-snippet:-1","max-image-preview":"max-image-preview:large","max-video-preview":"max-video-preview:-1"},"canonical":"https:\/\/toprelay.com.br\/en\/product\/trc587-024-tomada-padrao-de-ligacao\/","og_locale":"en_US","og_type":"article","og_title":"TRC587.024 - Tomada Padr\u00e3o de Liga\u00e7\u00e3o - Top Relay","og_description":"A Top Relay se destaca no mercado de acess\u00f3rios automotivos, agr\u00edcola e industriais, oferecendo uma ampla variedade de produtos de alta qualidade. Seu cat\u00e1logo de acess\u00f3rios inclui itens essenciais, como Bloqueador de Igni\u00e7\u00e3o, Bot\u00e3o de Partida Universal, Chave Geral da Bateria, Elementos Quentes, Flashes de Advert\u00eancia, Miniflashes de Advert\u00eancia, Interruptor de Porta Universal, Cabo Adaptador de Antena, Luzes de Advert\u00eancia, Micros Chaves, Sinalizador Ac\u00fastico e Tomadas Padr\u00e3o. Com um compromisso cont\u00ednuo com a inova\u00e7\u00e3o e a excel\u00eancia, a Top Relay fornece solu\u00e7\u00f5es confi\u00e1veis para atender \u00e0s necessidades diversificadas de seus clientes nos setores automotivo e industrial. Seja garantindo a seguran\u00e7a, efici\u00eancia ou funcionalidade, os acess\u00f3rios da Top Relay s\u00e3o projetados para superar as expectativas.","og_url":"https:\/\/toprelay.com.br\/en\/product\/trc587-024-tomada-padrao-de-ligacao\/","og_site_name":"Top Relay","article_modified_time":"2026-03-11T18:52:29+00:00","og_image":[{"width":800,"height":800,"url":"https:\/\/toprelay.com.br\/wp-content\/uploads\/2026\/03\/TRC587024.jpg","type":"image\/jpeg"}],"twitter_card":"summary_large_image","twitter_misc":{"Est. reading time":"1 minute"},"schema":{"@context":"https:\/\/schema.org","@graph":[{"@type":"WebPage","@id":"https:\/\/toprelay.com.br\/produto\/trc587-024-tomada-padrao-de-ligacao\/","url":"https:\/\/toprelay.com.br\/produto\/trc587-024-tomada-padrao-de-ligacao\/","name":"TRC587.024 - Tomada Padr\u00e3o de Liga\u00e7\u00e3o - Top Relay","isPartOf":{"@id":"https:\/\/toprelay.com.br\/#website"},"primaryImageOfPage":{"@id":"https:\/\/toprelay.com.br\/produto\/trc587-024-tomada-padrao-de-ligacao\/#primaryimage"},"image":{"@id":"https:\/\/toprelay.com.br\/produto\/trc587-024-tomada-padrao-de-ligacao\/#primaryimage"},"thumbnailUrl":"https:\/\/toprelay.com.br\/wp-content\/uploads\/2026\/03\/TRC587024.jpg","datePublished":"2026-03-11T18:44:10+00:00","dateModified":"2026-03-11T18:52:29+00:00","description":"A Top Relay se destaca no mercado de acess\u00f3rios automotivos, agr\u00edcola e industriais, oferecendo uma ampla variedade de produtos de alta qualidade. Seu cat\u00e1logo de acess\u00f3rios inclui itens essenciais, como Bloqueador de Igni\u00e7\u00e3o, Bot\u00e3o de Partida Universal, Chave Geral da Bateria, Elementos Quentes, Flashes de Advert\u00eancia, Miniflashes de Advert\u00eancia, Interruptor de Porta Universal, Cabo Adaptador de Antena, Luzes de Advert\u00eancia, Micros Chaves, Sinalizador Ac\u00fastico e Tomadas Padr\u00e3o. Com um compromisso cont\u00ednuo com a inova\u00e7\u00e3o e a excel\u00eancia, a Top Relay fornece solu\u00e7\u00f5es confi\u00e1veis para atender \u00e0s necessidades diversificadas de seus clientes nos setores automotivo e industrial. Seja garantindo a seguran\u00e7a, efici\u00eancia ou funcionalidade, os acess\u00f3rios da Top Relay s\u00e3o projetados para superar as expectativas.","breadcrumb":{"@id":"https:\/\/toprelay.com.br\/produto\/trc587-024-tomada-padrao-de-ligacao\/#breadcrumb"},"inLanguage":"en-US","potentialAction":[{"@type":"ReadAction","target":["https:\/\/toprelay.com.br\/produto\/trc587-024-tomada-padrao-de-ligacao\/"]}]},{"@type":"ImageObject","inLanguage":"en-US","@id":"https:\/\/toprelay.com.br\/produto\/trc587-024-tomada-padrao-de-ligacao\/#primaryimage","url":"https:\/\/toprelay.com.br\/wp-content\/uploads\/2026\/03\/TRC587024.jpg","contentUrl":"https:\/\/toprelay.com.br\/wp-content\/uploads\/2026\/03\/TRC587024.jpg","width":800,"height":800},{"@type":"BreadcrumbList","@id":"https:\/\/toprelay.com.br\/produto\/trc587-024-tomada-padrao-de-ligacao\/#breadcrumb","itemListElement":[{"@type":"ListItem","position":1,"name":"In\u00edcio","item":"https:\/\/toprelay.com.br\/pt_br\/"},{"@type":"ListItem","position":2,"name":"Loja","item":"https:\/\/toprelay.com.br\/loja\/"},{"@type":"ListItem","position":3,"name":"TRC587.024 &#8211; Tomada Padr\u00e3o de Liga\u00e7\u00e3o"}]},{"@type":"WebSite","@id":"https:\/\/toprelay.com.br\/#website","url":"https:\/\/toprelay.com.br\/","name":"Top Relay","description":"Rel\u00e9s Automotivos e Industriais","publisher":{"@id":"https:\/\/toprelay.com.br\/#organization"},"potentialAction":[{"@type":"SearchAction","target":{"@type":"EntryPoint","urlTemplate":"https:\/\/toprelay.com.br\/?s={search_term_string}"},"query-input":"required name=search_term_string"}],"inLanguage":"en-US"},{"@type":"Organization","@id":"https:\/\/toprelay.com.br\/#organization","name":"Top Relay","url":"https:\/\/toprelay.com.br\/","logo":{"@type":"ImageObject","inLanguage":"en-US","@id":"https:\/\/toprelay.com.br\/#\/schema\/logo\/image\/","url":"https:\/\/toprelay.com.br\/wp-content\/uploads\/2023\/08\/TOP-RELAY-LOGO-02.png","contentUrl":"https:\/\/toprelay.com.br\/wp-content\/uploads\/2023\/08\/TOP-RELAY-LOGO-02.png","width":350,"height":71,"caption":"Top Relay"},"image":{"@id":"https:\/\/toprelay.com.br\/#\/schema\/logo\/image\/"}}]}},"_links":{"self":[{"href":"https:\/\/toprelay.com.br\/en\/wp-json\/wp\/v2\/product\/10580"}],"collection":[{"href":"https:\/\/toprelay.com.br\/en\/wp-json\/wp\/v2\/product"}],"about":[{"href":"https:\/\/toprelay.com.br\/en\/wp-json\/wp\/v2\/types\/product"}],"replies":[{"embeddable":true,"href":"https:\/\/toprelay.com.br\/en\/wp-json\/wp\/v2\/comments?post=10580"}],"wp:featuredmedia":[{"embeddable":true,"href":"https:\/\/toprelay.com.br\/en\/wp-json\/wp\/v2\/media\/10582"}],"wp:attachment":[{"href":"https:\/\/toprelay.com.br\/en\/wp-json\/wp\/v2\/media?parent=10580"}],"wp:term":[{"taxonomy":"product_cat","embeddable":true,"href":"https:\/\/toprelay.com.br\/en\/wp-json\/wp\/v2\/product_cat?post=10580"},{"taxonomy":"product_tag","embeddable":true,"href":"https:\/\/toprelay.com.br\/en\/wp-json\/wp\/v2\/product_tag?post=10580"}],"curies":[{"name":"wp","href":"https:\/\/api.w.org\/{rel}","templated":true}]}}