{"id":10488,"date":"2025-05-16T14:03:15","date_gmt":"2025-05-16T17:03:15","guid":{"rendered":"https:\/\/toprelay.com.br\/?post_type=product&#038;p=10488"},"modified":"2025-05-16T14:13:13","modified_gmt":"2025-05-16T17:13:13","slug":"tra300-006-rele-miniatura-12v","status":"publish","type":"product","link":"https:\/\/toprelay.com.br\/en\/product\/tra300-006-rele-miniatura-12v\/","title":{"rendered":"TRA300.006 \u2013 Mini Relay 12V"},"content":{"rendered":"<p>C\u00f3digo Top Relay Aplica\u00e7\u00e3o Suporte Terminais N. Original Montadora Ve\u00edculos<br \/>\nTRA300.006 Rel\u00e9 Miniatura 12V &#8211; 5 13266315, V23374-A1601-X005 Chevrolet &#8220;Astra Hatch \/ Wagon 1995\/1996<br \/>\nCobalt 2013\/2014<br \/>\nCorsa Wagon 1999\/2009<br \/>\nCorsa Hatch \/ Sedan 2002\/2012<br \/>\nMeriva 2003\/2012<br \/>\nMontana 2004\/2011<br \/>\nS10 Double Cab 2012\/2019<br \/>\nSpin 2013\/2015<br \/>\nTrailblazer 2013\/2019<br \/>\nVectra Hatch 2008\/2011<br \/>\nVectra Sedan 2006\/2006<\/p>\n<p>Mini rel\u00e9 | Mini Relay<\/p>","protected":false},"excerpt":{"rendered":"<p>C\u00f3digo Top Relay Aplica\u00e7\u00e3o Suporte Terminais N. Original Montadora Ve\u00edculos TRA300.006 Rel\u00e9 Miniatura 12V &#8211; 5 13266315, V23374-A1601-X005 Chevrolet &#8220;Astra Hatch \/ Wagon 1995\/1996 Cobalt 2013\/2014 Corsa Wagon 1999\/2009 Corsa Hatch \/ Sedan 2002\/2012 Meriva 2003\/2012 Montana 2004\/2011 S10 Cabine Dupla 2012\/2019 Spin 2013\/2015 Trailblazer 2013\/2019 Vectra Hatch 2008\/2011 Vectra Sedan 2006\/2006 Mini rel\u00e9 | [&hellip;]<\/p>","protected":false},"featured_media":10489,"comment_status":"closed","ping_status":"closed","template":"","meta":{"_acf_changed":false,"content-type":"","_monsterinsights_skip_tracking":false,"_monsterinsights_sitenote_active":false,"_monsterinsights_sitenote_note":"","_monsterinsights_sitenote_category":0,"site-sidebar-layout":"default","site-content-layout":"","ast-site-content-layout":"default","site-content-style":"default","site-sidebar-style":"default","ast-global-header-display":"","ast-banner-title-visibility":"","ast-main-header-display":"","ast-hfb-above-header-display":"","ast-hfb-below-header-display":"","ast-hfb-mobile-header-display":"","site-post-title":"","ast-breadcrumbs-content":"","ast-featured-img":"","footer-sml-layout":"","theme-transparent-header-meta":"default","adv-header-id-meta":"","stick-header-meta":"","header-above-stick-meta":"","header-main-stick-meta":"","header-below-stick-meta":"","astra-migrate-meta-layouts":"set","ast-page-background-enabled":"default","ast-page-background-meta":{"desktop":{"background-color":"var(--ast-global-color-4)","background-image":"","background-repeat":"repeat","background-position":"center center","background-size":"auto","background-attachment":"scroll","background-type":"","background-media":"","overlay-type":"","overlay-color":"","overlay-gradient":""},"tablet":{"background-color":"","background-image":"","background-repeat":"repeat","background-position":"center center","background-size":"auto","background-attachment":"scroll","background-type":"","background-media":"","overlay-type":"","overlay-color":"","overlay-gradient":""},"mobile":{"background-color":"","background-image":"","background-repeat":"repeat","background-position":"center center","background-size":"auto","background-attachment":"scroll","background-type":"","background-media":"","overlay-type":"","overlay-color":"","overlay-gradient":""}},"ast-content-background-meta":{"desktop":{"background-color":"var(--ast-global-color-5)","background-image":"","background-repeat":"repeat","background-position":"center center","background-size":"auto","background-attachment":"scroll","background-type":"","background-media":"","overlay-type":"","overlay-color":"","overlay-gradient":""},"tablet":{"background-color":"var(--ast-global-color-5)","background-image":"","background-repeat":"repeat","background-position":"center center","background-size":"auto","background-attachment":"scroll","background-type":"","background-media":"","overlay-type":"","overlay-color":"","overlay-gradient":""},"mobile":{"background-color":"var(--ast-global-color-5)","background-image":"","background-repeat":"repeat","background-position":"center center","background-size":"auto","background-attachment":"scroll","background-type":"","background-media":"","overlay-type":"","overlay-color":"","overlay-gradient":""}}},"product_cat":[3306,3302],"product_tag":[3462,3461,3460,3459],"acf":[],"yoast_head":"<!-- This site is optimized with the Yoast SEO plugin v22.5 - https:\/\/yoast.com\/wordpress\/plugins\/seo\/ -->\n<title>TRA300.006 - Rel\u00e9 Miniatura 12V - Top Relay<\/title>\n<meta name=\"description\" content=\"A Top Relay \u00e9 uma empresa l\u00edder na ind\u00fastria de rel\u00e9s, especializada em projetar, desenvolver, fabricar e testar uma ampla gama de produtos automotivos, agr\u00edcolas e industriais. Com foco em inova\u00e7\u00e3o e qualidade, a empresa oferece solu\u00e7\u00f5es abrangentes em rel\u00e9s, incluindo Minirreles, Rel\u00e9s Auxiliares, Rel\u00e9s de Farol, Rel\u00e9s de Pisca, Rel\u00e9s de Placa, Rel\u00e9s Eletr\u00f4nicos e Rel\u00e9s Soquetados. Sua dedica\u00e7\u00e3o \u00e0 excel\u00eancia e expertise no setor a tornam a escolha ideal para atender \u00e0s necessidades de seus clientes no mundo automotivo e industrial.\" \/>\n<meta name=\"robots\" content=\"index, follow, max-snippet:-1, max-image-preview:large, max-video-preview:-1\" \/>\n<link rel=\"canonical\" href=\"https:\/\/toprelay.com.br\/en\/product\/tra300-006-rele-miniatura-12v\/\" \/>\n<meta property=\"og:locale\" content=\"en_US\" \/>\n<meta property=\"og:type\" content=\"article\" \/>\n<meta property=\"og:title\" content=\"TRA300.006 - Rel\u00e9 Miniatura 12V - Top Relay\" \/>\n<meta property=\"og:description\" content=\"A Top Relay \u00e9 uma empresa l\u00edder na ind\u00fastria de rel\u00e9s, especializada em projetar, desenvolver, fabricar e testar uma ampla gama de produtos automotivos, agr\u00edcolas e industriais. Com foco em inova\u00e7\u00e3o e qualidade, a empresa oferece solu\u00e7\u00f5es abrangentes em rel\u00e9s, incluindo Minirreles, Rel\u00e9s Auxiliares, Rel\u00e9s de Farol, Rel\u00e9s de Pisca, Rel\u00e9s de Placa, Rel\u00e9s Eletr\u00f4nicos e Rel\u00e9s Soquetados. Sua dedica\u00e7\u00e3o \u00e0 excel\u00eancia e expertise no setor a tornam a escolha ideal para atender \u00e0s necessidades de seus clientes no mundo automotivo e industrial.\" \/>\n<meta property=\"og:url\" content=\"https:\/\/toprelay.com.br\/en\/product\/tra300-006-rele-miniatura-12v\/\" \/>\n<meta property=\"og:site_name\" content=\"Top Relay\" \/>\n<meta property=\"article:modified_time\" content=\"2025-05-16T17:13:13+00:00\" \/>\n<meta property=\"og:image\" content=\"https:\/\/toprelay.com.br\/wp-content\/uploads\/2025\/05\/TRA300.006.jpg\" \/>\n\t<meta property=\"og:image:width\" content=\"800\" \/>\n\t<meta property=\"og:image:height\" content=\"800\" \/>\n\t<meta property=\"og:image:type\" content=\"image\/jpeg\" \/>\n<meta name=\"twitter:card\" content=\"summary_large_image\" \/>\n<meta name=\"twitter:label1\" content=\"Est. reading time\" \/>\n\t<meta name=\"twitter:data1\" content=\"1 minute\" \/>\n<script type=\"application\/ld+json\" class=\"yoast-schema-graph\">{\"@context\":\"https:\/\/schema.org\",\"@graph\":[{\"@type\":\"WebPage\",\"@id\":\"https:\/\/toprelay.com.br\/produto\/tra300-006-rele-miniatura-12v\/\",\"url\":\"https:\/\/toprelay.com.br\/produto\/tra300-006-rele-miniatura-12v\/\",\"name\":\"TRA300.006 - Rel\u00e9 Miniatura 12V - Top Relay\",\"isPartOf\":{\"@id\":\"https:\/\/toprelay.com.br\/#website\"},\"primaryImageOfPage\":{\"@id\":\"https:\/\/toprelay.com.br\/produto\/tra300-006-rele-miniatura-12v\/#primaryimage\"},\"image\":{\"@id\":\"https:\/\/toprelay.com.br\/produto\/tra300-006-rele-miniatura-12v\/#primaryimage\"},\"thumbnailUrl\":\"https:\/\/toprelay.com.br\/wp-content\/uploads\/2025\/05\/TRA300.006.jpg\",\"datePublished\":\"2025-05-16T17:03:15+00:00\",\"dateModified\":\"2025-05-16T17:13:13+00:00\",\"description\":\"A Top Relay \u00e9 uma empresa l\u00edder na ind\u00fastria de rel\u00e9s, especializada em projetar, desenvolver, fabricar e testar uma ampla gama de produtos automotivos, agr\u00edcolas e industriais. Com foco em inova\u00e7\u00e3o e qualidade, a empresa oferece solu\u00e7\u00f5es abrangentes em rel\u00e9s, incluindo Minirreles, Rel\u00e9s Auxiliares, Rel\u00e9s de Farol, Rel\u00e9s de Pisca, Rel\u00e9s de Placa, Rel\u00e9s Eletr\u00f4nicos e Rel\u00e9s Soquetados. Sua dedica\u00e7\u00e3o \u00e0 excel\u00eancia e expertise no setor a tornam a escolha ideal para atender \u00e0s necessidades de seus clientes no mundo automotivo e industrial.\",\"breadcrumb\":{\"@id\":\"https:\/\/toprelay.com.br\/produto\/tra300-006-rele-miniatura-12v\/#breadcrumb\"},\"inLanguage\":\"en-US\",\"potentialAction\":[{\"@type\":\"ReadAction\",\"target\":[\"https:\/\/toprelay.com.br\/produto\/tra300-006-rele-miniatura-12v\/\"]}]},{\"@type\":\"ImageObject\",\"inLanguage\":\"en-US\",\"@id\":\"https:\/\/toprelay.com.br\/produto\/tra300-006-rele-miniatura-12v\/#primaryimage\",\"url\":\"https:\/\/toprelay.com.br\/wp-content\/uploads\/2025\/05\/TRA300.006.jpg\",\"contentUrl\":\"https:\/\/toprelay.com.br\/wp-content\/uploads\/2025\/05\/TRA300.006.jpg\",\"width\":800,\"height\":800},{\"@type\":\"BreadcrumbList\",\"@id\":\"https:\/\/toprelay.com.br\/produto\/tra300-006-rele-miniatura-12v\/#breadcrumb\",\"itemListElement\":[{\"@type\":\"ListItem\",\"position\":1,\"name\":\"In\u00edcio\",\"item\":\"https:\/\/toprelay.com.br\/pt_br\/\"},{\"@type\":\"ListItem\",\"position\":2,\"name\":\"Loja\",\"item\":\"https:\/\/toprelay.com.br\/loja\/\"},{\"@type\":\"ListItem\",\"position\":3,\"name\":\"TRA300.006 &#8211; Rel\u00e9 Miniatura 12V\"}]},{\"@type\":\"WebSite\",\"@id\":\"https:\/\/toprelay.com.br\/#website\",\"url\":\"https:\/\/toprelay.com.br\/\",\"name\":\"Top Relay\",\"description\":\"Rel\u00e9s Automotivos e Industriais\",\"publisher\":{\"@id\":\"https:\/\/toprelay.com.br\/#organization\"},\"potentialAction\":[{\"@type\":\"SearchAction\",\"target\":{\"@type\":\"EntryPoint\",\"urlTemplate\":\"https:\/\/toprelay.com.br\/?s={search_term_string}\"},\"query-input\":\"required name=search_term_string\"}],\"inLanguage\":\"en-US\"},{\"@type\":\"Organization\",\"@id\":\"https:\/\/toprelay.com.br\/#organization\",\"name\":\"Top Relay\",\"url\":\"https:\/\/toprelay.com.br\/\",\"logo\":{\"@type\":\"ImageObject\",\"inLanguage\":\"en-US\",\"@id\":\"https:\/\/toprelay.com.br\/#\/schema\/logo\/image\/\",\"url\":\"https:\/\/toprelay.com.br\/wp-content\/uploads\/2023\/08\/TOP-RELAY-LOGO-02.png\",\"contentUrl\":\"https:\/\/toprelay.com.br\/wp-content\/uploads\/2023\/08\/TOP-RELAY-LOGO-02.png\",\"width\":350,\"height\":71,\"caption\":\"Top Relay\"},\"image\":{\"@id\":\"https:\/\/toprelay.com.br\/#\/schema\/logo\/image\/\"}}]}<\/script>\n<!-- \/ Yoast SEO plugin. -->","yoast_head_json":{"title":"TRA300.006 - Rel\u00e9 Miniatura 12V - Top Relay","description":"A Top Relay \u00e9 uma empresa l\u00edder na ind\u00fastria de rel\u00e9s, especializada em projetar, desenvolver, fabricar e testar uma ampla gama de produtos automotivos, agr\u00edcolas e industriais. Com foco em inova\u00e7\u00e3o e qualidade, a empresa oferece solu\u00e7\u00f5es abrangentes em rel\u00e9s, incluindo Minirreles, Rel\u00e9s Auxiliares, Rel\u00e9s de Farol, Rel\u00e9s de Pisca, Rel\u00e9s de Placa, Rel\u00e9s Eletr\u00f4nicos e Rel\u00e9s Soquetados. Sua dedica\u00e7\u00e3o \u00e0 excel\u00eancia e expertise no setor a tornam a escolha ideal para atender \u00e0s necessidades de seus clientes no mundo automotivo e industrial.","robots":{"index":"index","follow":"follow","max-snippet":"max-snippet:-1","max-image-preview":"max-image-preview:large","max-video-preview":"max-video-preview:-1"},"canonical":"https:\/\/toprelay.com.br\/en\/product\/tra300-006-rele-miniatura-12v\/","og_locale":"en_US","og_type":"article","og_title":"TRA300.006 - Rel\u00e9 Miniatura 12V - Top Relay","og_description":"A Top Relay \u00e9 uma empresa l\u00edder na ind\u00fastria de rel\u00e9s, especializada em projetar, desenvolver, fabricar e testar uma ampla gama de produtos automotivos, agr\u00edcolas e industriais. Com foco em inova\u00e7\u00e3o e qualidade, a empresa oferece solu\u00e7\u00f5es abrangentes em rel\u00e9s, incluindo Minirreles, Rel\u00e9s Auxiliares, Rel\u00e9s de Farol, Rel\u00e9s de Pisca, Rel\u00e9s de Placa, Rel\u00e9s Eletr\u00f4nicos e Rel\u00e9s Soquetados. Sua dedica\u00e7\u00e3o \u00e0 excel\u00eancia e expertise no setor a tornam a escolha ideal para atender \u00e0s necessidades de seus clientes no mundo automotivo e industrial.","og_url":"https:\/\/toprelay.com.br\/en\/product\/tra300-006-rele-miniatura-12v\/","og_site_name":"Top Relay","article_modified_time":"2025-05-16T17:13:13+00:00","og_image":[{"width":800,"height":800,"url":"https:\/\/toprelay.com.br\/wp-content\/uploads\/2025\/05\/TRA300.006.jpg","type":"image\/jpeg"}],"twitter_card":"summary_large_image","twitter_misc":{"Est. reading time":"1 minute"},"schema":{"@context":"https:\/\/schema.org","@graph":[{"@type":"WebPage","@id":"https:\/\/toprelay.com.br\/produto\/tra300-006-rele-miniatura-12v\/","url":"https:\/\/toprelay.com.br\/produto\/tra300-006-rele-miniatura-12v\/","name":"TRA300.006 - Rel\u00e9 Miniatura 12V - Top Relay","isPartOf":{"@id":"https:\/\/toprelay.com.br\/#website"},"primaryImageOfPage":{"@id":"https:\/\/toprelay.com.br\/produto\/tra300-006-rele-miniatura-12v\/#primaryimage"},"image":{"@id":"https:\/\/toprelay.com.br\/produto\/tra300-006-rele-miniatura-12v\/#primaryimage"},"thumbnailUrl":"https:\/\/toprelay.com.br\/wp-content\/uploads\/2025\/05\/TRA300.006.jpg","datePublished":"2025-05-16T17:03:15+00:00","dateModified":"2025-05-16T17:13:13+00:00","description":"A Top Relay \u00e9 uma empresa l\u00edder na ind\u00fastria de rel\u00e9s, especializada em projetar, desenvolver, fabricar e testar uma ampla gama de produtos automotivos, agr\u00edcolas e industriais. Com foco em inova\u00e7\u00e3o e qualidade, a empresa oferece solu\u00e7\u00f5es abrangentes em rel\u00e9s, incluindo Minirreles, Rel\u00e9s Auxiliares, Rel\u00e9s de Farol, Rel\u00e9s de Pisca, Rel\u00e9s de Placa, Rel\u00e9s Eletr\u00f4nicos e Rel\u00e9s Soquetados. Sua dedica\u00e7\u00e3o \u00e0 excel\u00eancia e expertise no setor a tornam a escolha ideal para atender \u00e0s necessidades de seus clientes no mundo automotivo e industrial.","breadcrumb":{"@id":"https:\/\/toprelay.com.br\/produto\/tra300-006-rele-miniatura-12v\/#breadcrumb"},"inLanguage":"en-US","potentialAction":[{"@type":"ReadAction","target":["https:\/\/toprelay.com.br\/produto\/tra300-006-rele-miniatura-12v\/"]}]},{"@type":"ImageObject","inLanguage":"en-US","@id":"https:\/\/toprelay.com.br\/produto\/tra300-006-rele-miniatura-12v\/#primaryimage","url":"https:\/\/toprelay.com.br\/wp-content\/uploads\/2025\/05\/TRA300.006.jpg","contentUrl":"https:\/\/toprelay.com.br\/wp-content\/uploads\/2025\/05\/TRA300.006.jpg","width":800,"height":800},{"@type":"BreadcrumbList","@id":"https:\/\/toprelay.com.br\/produto\/tra300-006-rele-miniatura-12v\/#breadcrumb","itemListElement":[{"@type":"ListItem","position":1,"name":"In\u00edcio","item":"https:\/\/toprelay.com.br\/pt_br\/"},{"@type":"ListItem","position":2,"name":"Loja","item":"https:\/\/toprelay.com.br\/loja\/"},{"@type":"ListItem","position":3,"name":"TRA300.006 &#8211; Rel\u00e9 Miniatura 12V"}]},{"@type":"WebSite","@id":"https:\/\/toprelay.com.br\/#website","url":"https:\/\/toprelay.com.br\/","name":"Top Relay","description":"Rel\u00e9s Automotivos e Industriais","publisher":{"@id":"https:\/\/toprelay.com.br\/#organization"},"potentialAction":[{"@type":"SearchAction","target":{"@type":"EntryPoint","urlTemplate":"https:\/\/toprelay.com.br\/?s={search_term_string}"},"query-input":"required name=search_term_string"}],"inLanguage":"en-US"},{"@type":"Organization","@id":"https:\/\/toprelay.com.br\/#organization","name":"Top Relay","url":"https:\/\/toprelay.com.br\/","logo":{"@type":"ImageObject","inLanguage":"en-US","@id":"https:\/\/toprelay.com.br\/#\/schema\/logo\/image\/","url":"https:\/\/toprelay.com.br\/wp-content\/uploads\/2023\/08\/TOP-RELAY-LOGO-02.png","contentUrl":"https:\/\/toprelay.com.br\/wp-content\/uploads\/2023\/08\/TOP-RELAY-LOGO-02.png","width":350,"height":71,"caption":"Top Relay"},"image":{"@id":"https:\/\/toprelay.com.br\/#\/schema\/logo\/image\/"}}]}},"_links":{"self":[{"href":"https:\/\/toprelay.com.br\/en\/wp-json\/wp\/v2\/product\/10488"}],"collection":[{"href":"https:\/\/toprelay.com.br\/en\/wp-json\/wp\/v2\/product"}],"about":[{"href":"https:\/\/toprelay.com.br\/en\/wp-json\/wp\/v2\/types\/product"}],"replies":[{"embeddable":true,"href":"https:\/\/toprelay.com.br\/en\/wp-json\/wp\/v2\/comments?post=10488"}],"wp:featuredmedia":[{"embeddable":true,"href":"https:\/\/toprelay.com.br\/en\/wp-json\/wp\/v2\/media\/10489"}],"wp:attachment":[{"href":"https:\/\/toprelay.com.br\/en\/wp-json\/wp\/v2\/media?parent=10488"}],"wp:term":[{"taxonomy":"product_cat","embeddable":true,"href":"https:\/\/toprelay.com.br\/en\/wp-json\/wp\/v2\/product_cat?post=10488"},{"taxonomy":"product_tag","embeddable":true,"href":"https:\/\/toprelay.com.br\/en\/wp-json\/wp\/v2\/product_tag?post=10488"}],"curies":[{"name":"wp","href":"https:\/\/api.w.org\/{rel}","templated":true}]}}