{"id":34,"date":"2016-11-28T14:34:51","date_gmt":"2016-11-28T16:34:51","guid":{"rendered":"http:\/\/www.agenciaweber.com.br\/arquivos\/desenvolvimento\/toprelay\/?page_id=34"},"modified":"2024-12-06T15:05:09","modified_gmt":"2024-12-06T18:05:09","slug":"manuais","status":"publish","type":"page","link":"https:\/\/toprelay.com.br\/en\/manuais\/","title":{"rendered":"Manuals"},"content":{"rendered":"<div data-elementor-type=\"wp-page\" data-elementor-id=\"34\" class=\"elementor elementor-34\" data-elementor-post-type=\"page\">\n\t\t\t\t<div class=\"elementor-element elementor-element-04a54ec e-flex e-con-boxed wpr-particle-no wpr-jarallax-no wpr-parallax-no wpr-sticky-section-no e-con e-parent\" data-id=\"04a54ec\" data-element_type=\"container\" data-settings=\"{&quot;background_background&quot;:&quot;classic&quot;}\">\n\t\t\t\t\t<div class=\"e-con-inner\">\n\t\t\t\t<div class=\"elementor-element elementor-element-69371a0 elementor-widget elementor-widget-heading\" data-id=\"69371a0\" data-element_type=\"widget\" data-widget_type=\"heading.default\">\n\t\t\t\t<div class=\"elementor-widget-container\">\n\t\t\t<style>\/*! elementor - v3.21.0 - 18-04-2024 *\/\n.elementor-heading-title{padding:0;margin:0;line-height:1}.elementor-widget-heading .elementor-heading-title[class*=elementor-size-]>a{color:inherit;font-size:inherit;line-height:inherit}.elementor-widget-heading .elementor-heading-title.elementor-size-small{font-size:15px}.elementor-widget-heading .elementor-heading-title.elementor-size-medium{font-size:19px}.elementor-widget-heading .elementor-heading-title.elementor-size-large{font-size:29px}.elementor-widget-heading .elementor-heading-title.elementor-size-xl{font-size:39px}.elementor-widget-heading .elementor-heading-title.elementor-size-xxl{font-size:59px}<\/style><h2 class=\"elementor-heading-title elementor-size-default\">Manuals<\/h2>\t\t<\/div>\n\t\t\t\t<\/div>\n\t\t\t\t\t<\/div>\n\t\t\t\t<\/div>\n\t\t<div class=\"elementor-element elementor-element-52bb4426 e-flex e-con-boxed wpr-particle-no wpr-jarallax-no wpr-parallax-no wpr-sticky-section-no e-con e-parent\" data-id=\"52bb4426\" data-element_type=\"container\">\n\t\t\t\t\t<div class=\"e-con-inner\">\n\t\t<div class=\"elementor-element elementor-element-d16c028 e-flex e-con-boxed wpr-particle-no wpr-jarallax-no wpr-parallax-no wpr-sticky-section-no e-con e-child\" data-id=\"d16c028\" data-element_type=\"container\">\n\t\t\t\t\t<div class=\"e-con-inner\">\n\t\t<div class=\"elementor-element elementor-element-61678be e-con-full e-flex wpr-particle-no wpr-jarallax-no wpr-parallax-no wpr-sticky-section-no e-con e-child\" data-id=\"61678be\" data-element_type=\"container\" data-settings=\"{&quot;background_background&quot;:&quot;classic&quot;}\">\n\t\t\t\t<div class=\"elementor-element elementor-element-87705e6 elementor-widget elementor-widget-heading\" data-id=\"87705e6\" data-element_type=\"widget\" data-widget_type=\"heading.default\">\n\t\t\t\t<div class=\"elementor-widget-container\">\n\t\t\t<h2 class=\"elementor-heading-title elementor-size-default\">Automotive Relay Training<\/h2>\t\t<\/div>\n\t\t\t\t<\/div>\n\t\t\t\t<div class=\"elementor-element elementor-element-ffe8b23 elementor-widget elementor-widget-image\" data-id=\"ffe8b23\" data-element_type=\"widget\" data-widget_type=\"image.default\">\n\t\t\t\t<div class=\"elementor-widget-container\">\n\t\t\t<style>\/*! elementor - v3.21.0 - 18-04-2024 *\/\n.elementor-widget-image{text-align:center}.elementor-widget-image a{display:inline-block}.elementor-widget-image a img[src$=\".svg\"]{width:48px}.elementor-widget-image img{vertical-align:middle;display:inline-block}<\/style>\t\t\t\t\t\t\t\t\t\t<img decoding=\"async\" width=\"150\" height=\"150\" src=\"https:\/\/toprelay.com.br\/wp-content\/uploads\/2017\/01\/TRT_840_212-150x150.jpg\" class=\"attachment-thumbnail size-thumbnail wp-image-890\" alt=\"\" srcset=\"https:\/\/toprelay.com.br\/wp-content\/uploads\/2017\/01\/TRT_840_212-150x150.jpg 150w, https:\/\/toprelay.com.br\/wp-content\/uploads\/2017\/01\/TRT_840_212-100x100.jpg 100w, https:\/\/toprelay.com.br\/wp-content\/uploads\/2017\/01\/TRT_840_212-180x180.jpg 180w\" sizes=\"(max-width: 150px) 100vw, 150px\" \/>\t\t\t\t\t\t\t\t\t\t\t\t\t<\/div>\n\t\t\t\t<\/div>\n\t\t\t\t<div class=\"elementor-element elementor-element-5a0e564 elementor-align-center elementor-widget elementor-widget-button\" data-id=\"5a0e564\" data-element_type=\"widget\" data-widget_type=\"button.default\">\n\t\t\t\t<div class=\"elementor-widget-container\">\n\t\t\t\t\t<div class=\"elementor-button-wrapper\">\n\t\t\t<a class=\"elementor-button elementor-button-link elementor-size-sm\" href=\"\/wp-content\/uploads\/2021\/12\/Treinamento-Rele-Automotivo.pdf\">\n\t\t\t\t\t\t<span class=\"elementor-button-content-wrapper\">\n\t\t\t\t\t\t\t\t\t<span class=\"elementor-button-text\">Download<\/span>\n\t\t\t\t\t<\/span>\n\t\t\t\t\t<\/a>\n\t\t<\/div>\n\t\t\t\t<\/div>\n\t\t\t\t<\/div>\n\t\t\t\t<\/div>\n\t\t<div class=\"elementor-element elementor-element-9a6e6c3 e-con-full e-flex wpr-particle-no wpr-jarallax-no wpr-parallax-no wpr-sticky-section-no e-con e-child\" data-id=\"9a6e6c3\" data-element_type=\"container\" data-settings=\"{&quot;background_background&quot;:&quot;classic&quot;}\">\n\t\t\t\t<div class=\"elementor-element elementor-element-3cc8f13 elementor-widget elementor-widget-heading\" data-id=\"3cc8f13\" data-element_type=\"widget\" data-widget_type=\"heading.default\">\n\t\t\t\t<div class=\"elementor-widget-container\">\n\t\t\t<h2 class=\"elementor-heading-title elementor-size-default\">Visual Indicator <br>Multifun\u00e7\u00e3o - TRL4080PR<\/h2>\t\t<\/div>\n\t\t\t\t<\/div>\n\t\t\t\t<div class=\"elementor-element elementor-element-d17f5ce elementor-widget elementor-widget-image\" data-id=\"d17f5ce\" data-element_type=\"widget\" data-widget_type=\"image.default\">\n\t\t\t\t<div class=\"elementor-widget-container\">\n\t\t\t\t\t\t\t\t\t\t\t\t\t<img decoding=\"async\" width=\"150\" height=\"150\" src=\"https:\/\/toprelay.com.br\/wp-content\/uploads\/2024\/12\/SLB455.jpg\" class=\"attachment-thumbnail size-thumbnail wp-image-10385\" alt=\"\" srcset=\"https:\/\/toprelay.com.br\/wp-content\/uploads\/2024\/12\/SLB455.jpg 150w, https:\/\/toprelay.com.br\/wp-content\/uploads\/2024\/12\/SLB455-12x12.jpg 12w, https:\/\/toprelay.com.br\/wp-content\/uploads\/2024\/12\/SLB455-100x100.jpg 100w, https:\/\/toprelay.com.br\/wp-content\/uploads\/2024\/12\/SLB455-64x64.jpg 64w\" sizes=\"(max-width: 150px) 100vw, 150px\" \/>\t\t\t\t\t\t\t\t\t\t\t\t\t<\/div>\n\t\t\t\t<\/div>\n\t\t\t\t<div class=\"elementor-element elementor-element-5ebc2d6 elementor-align-center elementor-widget elementor-widget-button\" data-id=\"5ebc2d6\" data-element_type=\"widget\" data-widget_type=\"button.default\">\n\t\t\t\t<div class=\"elementor-widget-container\">\n\t\t\t\t\t<div class=\"elementor-button-wrapper\">\n\t\t\t<a class=\"elementor-button elementor-button-link elementor-size-sm\" href=\"https:\/\/toprelay.com.br\/wp-content\/uploads\/2024\/12\/TRL4080PR_Ambar.pdf\">\n\t\t\t\t\t\t<span class=\"elementor-button-content-wrapper\">\n\t\t\t\t\t\t\t\t\t<span class=\"elementor-button-text\">Download<\/span>\n\t\t\t\t\t<\/span>\n\t\t\t\t\t<\/a>\n\t\t<\/div>\n\t\t\t\t<\/div>\n\t\t\t\t<\/div>\n\t\t\t\t<\/div>\n\t\t<div class=\"elementor-element elementor-element-7b65aef e-con-full e-flex wpr-particle-no wpr-jarallax-no wpr-parallax-no wpr-sticky-section-no e-con e-child\" data-id=\"7b65aef\" data-element_type=\"container\" data-settings=\"{&quot;background_background&quot;:&quot;classic&quot;}\">\n\t\t\t\t<div class=\"elementor-element elementor-element-cc23c2b elementor-widget elementor-widget-heading\" data-id=\"cc23c2b\" data-element_type=\"widget\" data-widget_type=\"heading.default\">\n\t\t\t\t<div class=\"elementor-widget-container\">\n\t\t\t<h2 class=\"elementor-heading-title elementor-size-default\">Visual Indicator  <br>\nMultifun\u00e7\u00e3o - TRL401800<\/h2>\t\t<\/div>\n\t\t\t\t<\/div>\n\t\t\t\t<div class=\"elementor-element elementor-element-2d2e773 elementor-widget elementor-widget-image\" data-id=\"2d2e773\" data-element_type=\"widget\" data-widget_type=\"image.default\">\n\t\t\t\t<div class=\"elementor-widget-container\">\n\t\t\t\t\t\t\t\t\t\t\t\t\t<img decoding=\"async\" width=\"150\" height=\"150\" src=\"https:\/\/toprelay.com.br\/wp-content\/uploads\/2024\/12\/SLB525.jpg\" class=\"attachment-thumbnail size-thumbnail wp-image-10386\" alt=\"\" srcset=\"https:\/\/toprelay.com.br\/wp-content\/uploads\/2024\/12\/SLB525.jpg 150w, https:\/\/toprelay.com.br\/wp-content\/uploads\/2024\/12\/SLB525-12x12.jpg 12w, https:\/\/toprelay.com.br\/wp-content\/uploads\/2024\/12\/SLB525-100x100.jpg 100w, https:\/\/toprelay.com.br\/wp-content\/uploads\/2024\/12\/SLB525-64x64.jpg 64w\" sizes=\"(max-width: 150px) 100vw, 150px\" \/>\t\t\t\t\t\t\t\t\t\t\t\t\t<\/div>\n\t\t\t\t<\/div>\n\t\t\t\t<div class=\"elementor-element elementor-element-53abcb6 elementor-align-center elementor-widget elementor-widget-button\" data-id=\"53abcb6\" data-element_type=\"widget\" data-widget_type=\"button.default\">\n\t\t\t\t<div class=\"elementor-widget-container\">\n\t\t\t\t\t<div class=\"elementor-button-wrapper\">\n\t\t\t<a class=\"elementor-button elementor-button-link elementor-size-sm\" href=\"https:\/\/toprelay.com.br\/wp-content\/uploads\/2024\/12\/TRL401800_Ambar.pdf\">\n\t\t\t\t\t\t<span class=\"elementor-button-content-wrapper\">\n\t\t\t\t\t\t\t\t\t<span class=\"elementor-button-text\">Download<\/span>\n\t\t\t\t\t<\/span>\n\t\t\t\t\t<\/a>\n\t\t<\/div>\n\t\t\t\t<\/div>\n\t\t\t\t<\/div>\n\t\t\t\t<\/div>\n\t\t<div class=\"elementor-element elementor-element-2fe08de e-con-full e-flex wpr-particle-no wpr-jarallax-no wpr-parallax-no wpr-sticky-section-no e-con e-child\" data-id=\"2fe08de\" data-element_type=\"container\" data-settings=\"{&quot;background_background&quot;:&quot;classic&quot;}\">\n\t\t\t\t<div class=\"elementor-element elementor-element-7cf1bcc elementor-widget elementor-widget-heading\" data-id=\"7cf1bcc\" data-element_type=\"widget\" data-widget_type=\"heading.default\">\n\t\t\t\t<div class=\"elementor-widget-container\">\n\t\t\t<h2 class=\"elementor-heading-title elementor-size-default\">Visual Indicator  <br>\nMultifun\u00e7\u00e3o - TRL408112<\/h2>\t\t<\/div>\n\t\t\t\t<\/div>\n\t\t\t\t<div class=\"elementor-element elementor-element-34b2f2c elementor-widget elementor-widget-image\" data-id=\"34b2f2c\" data-element_type=\"widget\" data-widget_type=\"image.default\">\n\t\t\t\t<div class=\"elementor-widget-container\">\n\t\t\t\t\t\t\t\t\t\t\t\t\t<img loading=\"lazy\" decoding=\"async\" width=\"150\" height=\"150\" src=\"https:\/\/toprelay.com.br\/wp-content\/uploads\/2024\/12\/SLB2905_RED.jpg\" class=\"attachment-thumbnail size-thumbnail wp-image-10388\" alt=\"\" srcset=\"https:\/\/toprelay.com.br\/wp-content\/uploads\/2024\/12\/SLB2905_RED.jpg 150w, https:\/\/toprelay.com.br\/wp-content\/uploads\/2024\/12\/SLB2905_RED-12x12.jpg 12w, https:\/\/toprelay.com.br\/wp-content\/uploads\/2024\/12\/SLB2905_RED-100x100.jpg 100w, https:\/\/toprelay.com.br\/wp-content\/uploads\/2024\/12\/SLB2905_RED-64x64.jpg 64w\" sizes=\"(max-width: 150px) 100vw, 150px\" \/>\t\t\t\t\t\t\t\t\t\t\t\t\t<\/div>\n\t\t\t\t<\/div>\n\t\t\t\t<div class=\"elementor-element elementor-element-0036ec9 elementor-align-center elementor-widget elementor-widget-button\" data-id=\"0036ec9\" data-element_type=\"widget\" data-widget_type=\"button.default\">\n\t\t\t\t<div class=\"elementor-widget-container\">\n\t\t\t\t\t<div class=\"elementor-button-wrapper\">\n\t\t\t<a class=\"elementor-button elementor-button-link elementor-size-sm\" href=\"https:\/\/toprelay.com.br\/wp-content\/uploads\/2024\/12\/TRL408112_Red.pdf\">\n\t\t\t\t\t\t<span class=\"elementor-button-content-wrapper\">\n\t\t\t\t\t\t\t\t\t<span class=\"elementor-button-text\">Download<\/span>\n\t\t\t\t\t<\/span>\n\t\t\t\t\t<\/a>\n\t\t<\/div>\n\t\t\t\t<\/div>\n\t\t\t\t<\/div>\n\t\t\t\t<\/div>\n\t\t\t\t\t<\/div>\n\t\t\t\t<\/div>\n\t\t<div class=\"elementor-element elementor-element-e77591d e-flex e-con-boxed wpr-particle-no wpr-jarallax-no wpr-parallax-no wpr-sticky-section-no e-con e-child\" data-id=\"e77591d\" data-element_type=\"container\">\n\t\t\t\t\t<div class=\"e-con-inner\">\n\t\t<div class=\"elementor-element elementor-element-3642d03 e-con-full e-flex wpr-particle-no wpr-jarallax-no wpr-parallax-no wpr-sticky-section-no e-con e-child\" data-id=\"3642d03\" data-element_type=\"container\" data-settings=\"{&quot;background_background&quot;:&quot;classic&quot;}\">\n\t\t\t\t<div class=\"elementor-element elementor-element-45b9a72 elementor-widget elementor-widget-heading\" data-id=\"45b9a72\" data-element_type=\"widget\" data-widget_type=\"heading.default\">\n\t\t\t\t<div class=\"elementor-widget-container\">\n\t\t\t<h2 class=\"elementor-heading-title elementor-size-default\">Visual Indicator  <br>\nMultifun\u00e7\u00e3o - TRL408012<\/h2>\t\t<\/div>\n\t\t\t\t<\/div>\n\t\t\t\t<div class=\"elementor-element elementor-element-64c7882 elementor-widget elementor-widget-image\" data-id=\"64c7882\" data-element_type=\"widget\" data-widget_type=\"image.default\">\n\t\t\t\t<div class=\"elementor-widget-container\">\n\t\t\t\t\t\t\t\t\t\t\t\t\t<img loading=\"lazy\" decoding=\"async\" width=\"150\" height=\"150\" src=\"https:\/\/toprelay.com.br\/wp-content\/uploads\/2024\/12\/SLB2905_AMBAR.jpg\" class=\"attachment-thumbnail size-thumbnail wp-image-10389\" alt=\"\" srcset=\"https:\/\/toprelay.com.br\/wp-content\/uploads\/2024\/12\/SLB2905_AMBAR.jpg 150w, https:\/\/toprelay.com.br\/wp-content\/uploads\/2024\/12\/SLB2905_AMBAR-12x12.jpg 12w, https:\/\/toprelay.com.br\/wp-content\/uploads\/2024\/12\/SLB2905_AMBAR-100x100.jpg 100w, https:\/\/toprelay.com.br\/wp-content\/uploads\/2024\/12\/SLB2905_AMBAR-64x64.jpg 64w\" sizes=\"(max-width: 150px) 100vw, 150px\" \/>\t\t\t\t\t\t\t\t\t\t\t\t\t<\/div>\n\t\t\t\t<\/div>\n\t\t\t\t<div class=\"elementor-element elementor-element-1e196e7 elementor-align-center elementor-widget elementor-widget-button\" data-id=\"1e196e7\" data-element_type=\"widget\" data-widget_type=\"button.default\">\n\t\t\t\t<div class=\"elementor-widget-container\">\n\t\t\t\t\t<div class=\"elementor-button-wrapper\">\n\t\t\t<a class=\"elementor-button elementor-button-link elementor-size-sm\" href=\"https:\/\/toprelay.com.br\/wp-content\/uploads\/2024\/12\/TRL408012_Ambar.pdf\">\n\t\t\t\t\t\t<span class=\"elementor-button-content-wrapper\">\n\t\t\t\t\t\t\t\t\t<span class=\"elementor-button-text\">Download<\/span>\n\t\t\t\t\t<\/span>\n\t\t\t\t\t<\/a>\n\t\t<\/div>\n\t\t\t\t<\/div>\n\t\t\t\t<\/div>\n\t\t\t\t<\/div>\n\t\t\t\t\t<\/div>\n\t\t\t\t<\/div>\n\t\t\t\t\t<\/div>\n\t\t\t\t<\/div>\n\t\t\t\t<\/div>","protected":false},"excerpt":{"rendered":"<p>Manuais Treinamento de Rel\u00e9 Automotivo Download Sinalizador Visual Multifun\u00e7\u00e3o &#8211; TRL4080PR Download Sinalizador Visual Multifun\u00e7\u00e3o &#8211; TRL401800 Download Sinalizador Visual Multifun\u00e7\u00e3o &#8211; TRL408112 Download Sinalizador Visual Multifun\u00e7\u00e3o &#8211; TRL408012 Download<\/p>","protected":false},"author":1,"featured_media":0,"parent":0,"menu_order":0,"comment_status":"closed","ping_status":"closed","template":"elementor_header_footer","meta":{"_acf_changed":false,"content-type":"","_monsterinsights_skip_tracking":false,"_monsterinsights_sitenote_active":false,"_monsterinsights_sitenote_note":"","_monsterinsights_sitenote_category":0,"site-sidebar-layout":"default","site-content-layout":"","ast-site-content-layout":"","site-content-style":"default","site-sidebar-style":"default","ast-global-header-display":"","ast-banner-title-visibility":"","ast-main-header-display":"","ast-hfb-above-header-display":"","ast-hfb-below-header-display":"","ast-hfb-mobile-header-display":"","site-post-title":"","ast-breadcrumbs-content":"","ast-featured-img":"","footer-sml-layout":"","theme-transparent-header-meta":"","adv-header-id-meta":"","stick-header-meta":"","header-above-stick-meta":"","header-main-stick-meta":"","header-below-stick-meta":"","astra-migrate-meta-layouts":"default","ast-page-background-enabled":"default","ast-page-background-meta":{"desktop":{"background-color":"var(--ast-global-color-4)","background-image":"","background-repeat":"repeat","background-position":"center center","background-size":"auto","background-attachment":"scroll","background-type":"","background-media":"","overlay-type":"","overlay-color":"","overlay-gradient":""},"tablet":{"background-color":"","background-image":"","background-repeat":"repeat","background-position":"center center","background-size":"auto","background-attachment":"scroll","background-type":"","background-media":"","overlay-type":"","overlay-color":"","overlay-gradient":""},"mobile":{"background-color":"","background-image":"","background-repeat":"repeat","background-position":"center center","background-size":"auto","background-attachment":"scroll","background-type":"","background-media":"","overlay-type":"","overlay-color":"","overlay-gradient":""}},"ast-content-background-meta":{"desktop":{"background-color":"var(--ast-global-color-5)","background-image":"","background-repeat":"repeat","background-position":"center center","background-size":"auto","background-attachment":"scroll","background-type":"","background-media":"","overlay-type":"","overlay-color":"","overlay-gradient":""},"tablet":{"background-color":"var(--ast-global-color-5)","background-image":"","background-repeat":"repeat","background-position":"center center","background-size":"auto","background-attachment":"scroll","background-type":"","background-media":"","overlay-type":"","overlay-color":"","overlay-gradient":""},"mobile":{"background-color":"var(--ast-global-color-5)","background-image":"","background-repeat":"repeat","background-position":"center center","background-size":"auto","background-attachment":"scroll","background-type":"","background-media":"","overlay-type":"","overlay-color":"","overlay-gradient":""}},"footnotes":""},"acf":[],"yoast_head":"<!-- This site is optimized with the Yoast SEO plugin v22.5 - https:\/\/yoast.com\/wordpress\/plugins\/seo\/ -->\n<title>Manuais - Top Relay<\/title>\n<meta name=\"robots\" content=\"index, follow, max-snippet:-1, max-image-preview:large, max-video-preview:-1\" \/>\n<link rel=\"canonical\" href=\"https:\/\/toprelay.com.br\/en\/manuais\/\" \/>\n<meta property=\"og:locale\" content=\"en_US\" \/>\n<meta property=\"og:type\" content=\"article\" \/>\n<meta property=\"og:title\" content=\"Manuais - Top Relay\" \/>\n<meta property=\"og:description\" content=\"Manuais Treinamento de Rel\u00e9 Automotivo Download Sinalizador Visual Multifun\u00e7\u00e3o &#8211; TRL4080PR Download Sinalizador Visual Multifun\u00e7\u00e3o &#8211; TRL401800 Download Sinalizador Visual Multifun\u00e7\u00e3o &#8211; TRL408112 Download Sinalizador Visual Multifun\u00e7\u00e3o &#8211; TRL408012 Download\" \/>\n<meta property=\"og:url\" content=\"https:\/\/toprelay.com.br\/en\/manuais\/\" \/>\n<meta property=\"og:site_name\" content=\"Top Relay\" \/>\n<meta property=\"article:modified_time\" content=\"2024-12-06T18:05:09+00:00\" \/>\n<meta property=\"og:image\" content=\"https:\/\/toprelay.com.br\/wp-content\/uploads\/2017\/01\/TRT_840_212-150x150.jpg\" \/>\n<meta name=\"twitter:card\" content=\"summary_large_image\" \/>\n<meta name=\"twitter:label1\" content=\"Est. reading time\" \/>\n\t<meta name=\"twitter:data1\" content=\"2 minutes\" \/>\n<script type=\"application\/ld+json\" class=\"yoast-schema-graph\">{\"@context\":\"https:\/\/schema.org\",\"@graph\":[{\"@type\":\"WebPage\",\"@id\":\"https:\/\/toprelay.com.br\/manuais\/\",\"url\":\"https:\/\/toprelay.com.br\/manuais\/\",\"name\":\"Manuais - Top Relay\",\"isPartOf\":{\"@id\":\"https:\/\/toprelay.com.br\/#website\"},\"primaryImageOfPage\":{\"@id\":\"https:\/\/toprelay.com.br\/manuais\/#primaryimage\"},\"image\":{\"@id\":\"https:\/\/toprelay.com.br\/manuais\/#primaryimage\"},\"thumbnailUrl\":\"https:\/\/toprelay.com.br\/wp-content\/uploads\/2017\/01\/TRT_840_212-150x150.jpg\",\"datePublished\":\"2016-11-28T16:34:51+00:00\",\"dateModified\":\"2024-12-06T18:05:09+00:00\",\"breadcrumb\":{\"@id\":\"https:\/\/toprelay.com.br\/manuais\/#breadcrumb\"},\"inLanguage\":\"en-US\",\"potentialAction\":[{\"@type\":\"ReadAction\",\"target\":[\"https:\/\/toprelay.com.br\/manuais\/\"]}]},{\"@type\":\"ImageObject\",\"inLanguage\":\"en-US\",\"@id\":\"https:\/\/toprelay.com.br\/manuais\/#primaryimage\",\"url\":\"https:\/\/toprelay.com.br\/wp-content\/uploads\/2017\/01\/TRT_840_212-150x150.jpg\",\"contentUrl\":\"https:\/\/toprelay.com.br\/wp-content\/uploads\/2017\/01\/TRT_840_212-150x150.jpg\"},{\"@type\":\"BreadcrumbList\",\"@id\":\"https:\/\/toprelay.com.br\/manuais\/#breadcrumb\",\"itemListElement\":[{\"@type\":\"ListItem\",\"position\":1,\"name\":\"In\u00edcio\",\"item\":\"https:\/\/toprelay.com.br\/pt_br\/\"},{\"@type\":\"ListItem\",\"position\":2,\"name\":\"Manuais\"}]},{\"@type\":\"WebSite\",\"@id\":\"https:\/\/toprelay.com.br\/#website\",\"url\":\"https:\/\/toprelay.com.br\/\",\"name\":\"Top Relay\",\"description\":\"Rel\u00e9s Automotivos e Industriais\",\"publisher\":{\"@id\":\"https:\/\/toprelay.com.br\/#organization\"},\"potentialAction\":[{\"@type\":\"SearchAction\",\"target\":{\"@type\":\"EntryPoint\",\"urlTemplate\":\"https:\/\/toprelay.com.br\/?s={search_term_string}\"},\"query-input\":\"required name=search_term_string\"}],\"inLanguage\":\"en-US\"},{\"@type\":\"Organization\",\"@id\":\"https:\/\/toprelay.com.br\/#organization\",\"name\":\"Top Relay\",\"url\":\"https:\/\/toprelay.com.br\/\",\"logo\":{\"@type\":\"ImageObject\",\"inLanguage\":\"en-US\",\"@id\":\"https:\/\/toprelay.com.br\/#\/schema\/logo\/image\/\",\"url\":\"https:\/\/toprelay.com.br\/wp-content\/uploads\/2023\/08\/TOP-RELAY-LOGO-02.png\",\"contentUrl\":\"https:\/\/toprelay.com.br\/wp-content\/uploads\/2023\/08\/TOP-RELAY-LOGO-02.png\",\"width\":350,\"height\":71,\"caption\":\"Top Relay\"},\"image\":{\"@id\":\"https:\/\/toprelay.com.br\/#\/schema\/logo\/image\/\"}}]}<\/script>\n<!-- \/ Yoast SEO plugin. -->","yoast_head_json":{"title":"Manuais - Top Relay","robots":{"index":"index","follow":"follow","max-snippet":"max-snippet:-1","max-image-preview":"max-image-preview:large","max-video-preview":"max-video-preview:-1"},"canonical":"https:\/\/toprelay.com.br\/en\/manuais\/","og_locale":"en_US","og_type":"article","og_title":"Manuais - Top Relay","og_description":"Manuais Treinamento de Rel\u00e9 Automotivo Download Sinalizador Visual Multifun\u00e7\u00e3o &#8211; TRL4080PR Download Sinalizador Visual Multifun\u00e7\u00e3o &#8211; TRL401800 Download Sinalizador Visual Multifun\u00e7\u00e3o &#8211; TRL408112 Download Sinalizador Visual Multifun\u00e7\u00e3o &#8211; TRL408012 Download","og_url":"https:\/\/toprelay.com.br\/en\/manuais\/","og_site_name":"Top Relay","article_modified_time":"2024-12-06T18:05:09+00:00","og_image":[{"url":"https:\/\/toprelay.com.br\/wp-content\/uploads\/2017\/01\/TRT_840_212-150x150.jpg"}],"twitter_card":"summary_large_image","twitter_misc":{"Est. reading time":"2 minutes"},"schema":{"@context":"https:\/\/schema.org","@graph":[{"@type":"WebPage","@id":"https:\/\/toprelay.com.br\/manuais\/","url":"https:\/\/toprelay.com.br\/manuais\/","name":"Manuais - Top Relay","isPartOf":{"@id":"https:\/\/toprelay.com.br\/#website"},"primaryImageOfPage":{"@id":"https:\/\/toprelay.com.br\/manuais\/#primaryimage"},"image":{"@id":"https:\/\/toprelay.com.br\/manuais\/#primaryimage"},"thumbnailUrl":"https:\/\/toprelay.com.br\/wp-content\/uploads\/2017\/01\/TRT_840_212-150x150.jpg","datePublished":"2016-11-28T16:34:51+00:00","dateModified":"2024-12-06T18:05:09+00:00","breadcrumb":{"@id":"https:\/\/toprelay.com.br\/manuais\/#breadcrumb"},"inLanguage":"en-US","potentialAction":[{"@type":"ReadAction","target":["https:\/\/toprelay.com.br\/manuais\/"]}]},{"@type":"ImageObject","inLanguage":"en-US","@id":"https:\/\/toprelay.com.br\/manuais\/#primaryimage","url":"https:\/\/toprelay.com.br\/wp-content\/uploads\/2017\/01\/TRT_840_212-150x150.jpg","contentUrl":"https:\/\/toprelay.com.br\/wp-content\/uploads\/2017\/01\/TRT_840_212-150x150.jpg"},{"@type":"BreadcrumbList","@id":"https:\/\/toprelay.com.br\/manuais\/#breadcrumb","itemListElement":[{"@type":"ListItem","position":1,"name":"In\u00edcio","item":"https:\/\/toprelay.com.br\/pt_br\/"},{"@type":"ListItem","position":2,"name":"Manuais"}]},{"@type":"WebSite","@id":"https:\/\/toprelay.com.br\/#website","url":"https:\/\/toprelay.com.br\/","name":"Top Relay","description":"Rel\u00e9s Automotivos e Industriais","publisher":{"@id":"https:\/\/toprelay.com.br\/#organization"},"potentialAction":[{"@type":"SearchAction","target":{"@type":"EntryPoint","urlTemplate":"https:\/\/toprelay.com.br\/?s={search_term_string}"},"query-input":"required name=search_term_string"}],"inLanguage":"en-US"},{"@type":"Organization","@id":"https:\/\/toprelay.com.br\/#organization","name":"Top Relay","url":"https:\/\/toprelay.com.br\/","logo":{"@type":"ImageObject","inLanguage":"en-US","@id":"https:\/\/toprelay.com.br\/#\/schema\/logo\/image\/","url":"https:\/\/toprelay.com.br\/wp-content\/uploads\/2023\/08\/TOP-RELAY-LOGO-02.png","contentUrl":"https:\/\/toprelay.com.br\/wp-content\/uploads\/2023\/08\/TOP-RELAY-LOGO-02.png","width":350,"height":71,"caption":"Top Relay"},"image":{"@id":"https:\/\/toprelay.com.br\/#\/schema\/logo\/image\/"}}]}},"_links":{"self":[{"href":"https:\/\/toprelay.com.br\/en\/wp-json\/wp\/v2\/pages\/34"}],"collection":[{"href":"https:\/\/toprelay.com.br\/en\/wp-json\/wp\/v2\/pages"}],"about":[{"href":"https:\/\/toprelay.com.br\/en\/wp-json\/wp\/v2\/types\/page"}],"author":[{"embeddable":true,"href":"https:\/\/toprelay.com.br\/en\/wp-json\/wp\/v2\/users\/1"}],"replies":[{"embeddable":true,"href":"https:\/\/toprelay.com.br\/en\/wp-json\/wp\/v2\/comments?post=34"}],"version-history":[{"count":46,"href":"https:\/\/toprelay.com.br\/en\/wp-json\/wp\/v2\/pages\/34\/revisions"}],"predecessor-version":[{"id":10402,"href":"https:\/\/toprelay.com.br\/en\/wp-json\/wp\/v2\/pages\/34\/revisions\/10402"}],"wp:attachment":[{"href":"https:\/\/toprelay.com.br\/en\/wp-json\/wp\/v2\/media?parent=34"}],"curies":[{"name":"wp","href":"https:\/\/api.w.org\/{rel}","templated":true}]}}